{"id":155,"date":"2021-03-23T13:10:26","date_gmt":"2021-03-23T12:10:26","guid":{"rendered":"https:\/\/extranet.infocpam.fr\/partenaires\/?post_type=product&#038;p=155"},"modified":"2025-06-19T13:47:22","modified_gmt":"2025-06-19T11:47:22","slug":"brochure-mission-accompagnement-sante","status":"publish","type":"product","link":"https:\/\/extranet.infocpam.fr\/partenaires\/produit\/brochure-mission-accompagnement-sante\/","title":{"rendered":"Brochure Mission accompagnement sant\u00e9"},"content":{"rendered":"<p>Brochure Mission accompagnement sant\u00e9 \u00e0 destination des <strong>partenaires<\/strong>.<\/p>\n<p>Lutter contre le non recours aux droits et aux soins : l\u2019Assurance Maladie met en place un suivi personnalis\u00e9 pour permettre \u00e0 chacun de surmonter les difficult\u00e9s rencontr\u00e9es, d\u2019\u00eatre \u00e0 jour de ses droits, de mieux s\u2019orienter dans le parcours de soins, d\u2019\u00eatre plus autonome dans ses d\u00e9marches.<\/p>\n<p><a href=\"https:\/\/extranet.infocpam.fr\/partenaires\/wp-content\/uploads\/2021\/03\/brochure_accompagnement_sante_mail-contact-1.pdf\">Visualisez la brochure<\/a><\/p>\n<p>Version : 2021<\/p>\n","protected":false},"excerpt":{"rendered":"<p>Brochure Mission accompagnement sant\u00e9 \u00e0 destination des partenaires. Lutter contre le non recours aux droits &hellip; <\/p>\n","protected":false},"featured_media":156,"template":"","meta":{"om_disable_all_campaigns":false,"_monsterinsights_skip_tracking":false,"_monsterinsights_sitenote_active":false,"_monsterinsights_sitenote_note":"","_monsterinsights_sitenote_category":0},"product_brand":[],"product_cat":[32],"product_tag":[37],"class_list":{"0":"post-155","1":"product","2":"type-product","3":"status-publish","4":"has-post-thumbnail","6":"product_cat-brochures","7":"product_tag-acces-aux-soins","9":"first","10":"onbackorder","11":"shipping-taxable","12":"purchasable","13":"product-type-simple"},"aioseo_notices":[],"jetpack_sharing_enabled":true,"_links":{"self":[{"href":"https:\/\/extranet.infocpam.fr\/partenaires\/wp-json\/wp\/v2\/product\/155","targetHints":{"allow":["GET"]}}],"collection":[{"href":"https:\/\/extranet.infocpam.fr\/partenaires\/wp-json\/wp\/v2\/product"}],"about":[{"href":"https:\/\/extranet.infocpam.fr\/partenaires\/wp-json\/wp\/v2\/types\/product"}],"wp:featuredmedia":[{"embeddable":true,"href":"https:\/\/extranet.infocpam.fr\/partenaires\/wp-json\/wp\/v2\/media\/156"}],"wp:attachment":[{"href":"https:\/\/extranet.infocpam.fr\/partenaires\/wp-json\/wp\/v2\/media?parent=155"}],"wp:term":[{"taxonomy":"product_brand","embeddable":true,"href":"https:\/\/extranet.infocpam.fr\/partenaires\/wp-json\/wp\/v2\/product_brand?post=155"},{"taxonomy":"product_cat","embeddable":true,"href":"https:\/\/extranet.infocpam.fr\/partenaires\/wp-json\/wp\/v2\/product_cat?post=155"},{"taxonomy":"product_tag","embeddable":true,"href":"https:\/\/extranet.infocpam.fr\/partenaires\/wp-json\/wp\/v2\/product_tag?post=155"}],"curies":[{"name":"wp","href":"https:\/\/api.w.org\/{rel}","templated":true}]}}