{"id":1509,"date":"2022-06-14T10:20:56","date_gmt":"2022-06-14T08:20:56","guid":{"rendered":"https:\/\/extranet.infocpam.fr\/partenaires\/?post_type=product&#038;p=1509"},"modified":"2026-03-11T12:19:21","modified_gmt":"2026-03-11T11:19:21","slug":"flyer-atelier-numerique","status":"publish","type":"product","link":"https:\/\/extranet.infocpam.fr\/partenaires\/produit\/flyer-atelier-numerique\/","title":{"rendered":"Flyer Atelier num\u00e9rique"},"content":{"rendered":"<p>Vous rencontrez des personnes ayant besoin d&rsquo;un accompagnement sur leur compte ameli afin de r\u00e9aliser leurs d\u00e9marches en ligne, incitez les \u00e0 participer \u00e0 un atelier collectif organis\u00e9 par la CPAM.<\/p>\n<p>Des ateliers de 2 heures, sur l\u2019utilisation du compte ameli,<br \/>\n10 personnes maximum,<br \/>\nanim\u00e9s par des intervenantes expertes, qui sauront s&rsquo;adapter \u00e0 chaque demande<\/p>\n<p>Version : 2022-06<\/p>\n<p><a href=\"https:\/\/extranet.infocpam.fr\/partenaires\/wp-content\/uploads\/2022\/06\/flyer-Atelier-numerique.pdf\">visualisez le flyer atelier num\u00e9rique<\/a><\/p>\n","protected":false},"excerpt":{"rendered":"<p>Vous rencontrez des personnes ayant besoin d&rsquo;un accompagnement sur leur compte ameli afin de r\u00e9aliser &hellip; <\/p>\n","protected":false},"featured_media":1516,"template":"","meta":{"om_disable_all_campaigns":false,"_monsterinsights_skip_tracking":false,"_monsterinsights_sitenote_active":false,"_monsterinsights_sitenote_note":"","_monsterinsights_sitenote_category":0},"product_brand":[],"product_cat":[17],"product_tag":[65,50],"class_list":{"0":"post-1509","1":"product","2":"type-product","3":"status-publish","4":"has-post-thumbnail","6":"product_cat-flyer","7":"product_tag-atelier-numerique","8":"product_tag-services-cpam","10":"first","11":"instock","12":"shipping-taxable","13":"purchasable","14":"product-type-simple"},"aioseo_notices":[],"jetpack_sharing_enabled":true,"_links":{"self":[{"href":"https:\/\/extranet.infocpam.fr\/partenaires\/wp-json\/wp\/v2\/product\/1509","targetHints":{"allow":["GET"]}}],"collection":[{"href":"https:\/\/extranet.infocpam.fr\/partenaires\/wp-json\/wp\/v2\/product"}],"about":[{"href":"https:\/\/extranet.infocpam.fr\/partenaires\/wp-json\/wp\/v2\/types\/product"}],"wp:featuredmedia":[{"embeddable":true,"href":"https:\/\/extranet.infocpam.fr\/partenaires\/wp-json\/wp\/v2\/media\/1516"}],"wp:attachment":[{"href":"https:\/\/extranet.infocpam.fr\/partenaires\/wp-json\/wp\/v2\/media?parent=1509"}],"wp:term":[{"taxonomy":"product_brand","embeddable":true,"href":"https:\/\/extranet.infocpam.fr\/partenaires\/wp-json\/wp\/v2\/product_brand?post=1509"},{"taxonomy":"product_cat","embeddable":true,"href":"https:\/\/extranet.infocpam.fr\/partenaires\/wp-json\/wp\/v2\/product_cat?post=1509"},{"taxonomy":"product_tag","embeddable":true,"href":"https:\/\/extranet.infocpam.fr\/partenaires\/wp-json\/wp\/v2\/product_tag?post=1509"}],"curies":[{"name":"wp","href":"https:\/\/api.w.org\/{rel}","templated":true}]}}