{"id":1464,"date":"2022-06-01T11:25:01","date_gmt":"2022-06-01T09:25:01","guid":{"rendered":"https:\/\/extranet.infocpam.fr\/partenaires\/?post_type=product&#038;p=1464"},"modified":"2025-02-24T10:55:27","modified_gmt":"2025-02-24T09:55:27","slug":"affiches-mt-dents-grossesse","status":"publish","type":"product","link":"https:\/\/extranet.infocpam.fr\/partenaires\/produit\/affiches-mt-dents-grossesse\/","title":{"rendered":"Affiches M&rsquo;T Dents &#8211; Grossesse"},"content":{"rendered":"<p>Cette campagne tout public est adapt\u00e9e pour toucher des personnes \u00e9loign\u00e9es du soin . Elle est \u00e0 destination de tous les acteurs concern\u00e9s par ces publics.<\/p>\n<p>Visionner <a href=\"https:\/\/extranet.infocpam.fr\/partenaires\/wp-content\/uploads\/2022\/06\/2022-05-A3-MTDents-Grossesse.pdf\">Affiche MTDents Grossesse<\/a><\/p>\n<p>Pour des impressions en formats diff\u00e9rents, sur des supports particuliers, merci de contacter le service communication de la CPAM de Doubs :<br \/>\n<a href=\"mailto:communication.cpam-doubs@assurance-maladie.fr\">communication.cpam-doubs@assurance-maladie.fr<\/a><\/p>\n","protected":false},"excerpt":{"rendered":"<p>Cette campagne tout public est adapt\u00e9e pour toucher des personnes \u00e9loign\u00e9es du soin . Elle &hellip; <\/p>\n","protected":false},"featured_media":1466,"template":"","meta":{"om_disable_all_campaigns":false,"_monsterinsights_skip_tracking":false,"_monsterinsights_sitenote_active":false,"_monsterinsights_sitenote_note":"","_monsterinsights_sitenote_category":0},"product_brand":[],"product_cat":[23,21,20],"product_tag":[35],"class_list":{"0":"post-1464","1":"product","2":"type-product","3":"status-publish","4":"has-post-thumbnail","6":"product_cat-a3","7":"product_cat-a4","8":"product_cat-affiches","9":"product_tag-prevention-bucco-dentaire","11":"first","12":"instock","13":"shipping-taxable","14":"purchasable","15":"product-type-variable"},"aioseo_notices":[],"jetpack_sharing_enabled":true,"_links":{"self":[{"href":"https:\/\/extranet.infocpam.fr\/partenaires\/wp-json\/wp\/v2\/product\/1464","targetHints":{"allow":["GET"]}}],"collection":[{"href":"https:\/\/extranet.infocpam.fr\/partenaires\/wp-json\/wp\/v2\/product"}],"about":[{"href":"https:\/\/extranet.infocpam.fr\/partenaires\/wp-json\/wp\/v2\/types\/product"}],"wp:featuredmedia":[{"embeddable":true,"href":"https:\/\/extranet.infocpam.fr\/partenaires\/wp-json\/wp\/v2\/media\/1466"}],"wp:attachment":[{"href":"https:\/\/extranet.infocpam.fr\/partenaires\/wp-json\/wp\/v2\/media?parent=1464"}],"wp:term":[{"taxonomy":"product_brand","embeddable":true,"href":"https:\/\/extranet.infocpam.fr\/partenaires\/wp-json\/wp\/v2\/product_brand?post=1464"},{"taxonomy":"product_cat","embeddable":true,"href":"https:\/\/extranet.infocpam.fr\/partenaires\/wp-json\/wp\/v2\/product_cat?post=1464"},{"taxonomy":"product_tag","embeddable":true,"href":"https:\/\/extranet.infocpam.fr\/partenaires\/wp-json\/wp\/v2\/product_tag?post=1464"}],"curies":[{"name":"wp","href":"https:\/\/api.w.org\/{rel}","templated":true}]}}