{"id":1459,"date":"2022-05-16T15:31:15","date_gmt":"2022-05-16T13:31:15","guid":{"rendered":"https:\/\/extranet.infocpam.fr\/partenaires\/?post_type=product&#038;p=1459"},"modified":"2026-03-26T12:45:21","modified_gmt":"2026-03-26T11:45:21","slug":"memo-psychologue-monpsy","status":"publish","type":"product","link":"https:\/\/extranet.infocpam.fr\/partenaires\/produit\/memo-psychologue-monpsy\/","title":{"rendered":"M\u00e9mo psychologue Mon soutien Psy"},"content":{"rendered":"<p>Ce m\u00e9mo est \u00e0 destination des psychologues<\/p>\n<p>(version 2024- pdf 227 ko)<\/p>\n<p><a href=\"https:\/\/extranet.infocpam.fr\/partenaires\/wp-content\/uploads\/2022\/05\/CNAM_Mon-soutien-psy_Fiche-2024-241209-V11.pdf\">Visualiser le m\u00e9mo psychologue Mon soutien Psy<\/a><\/p>\n","protected":false},"excerpt":{"rendered":"<p>Ce m\u00e9mo est \u00e0 destination des psychologues (version 2024- pdf 227 ko) Visualiser le m\u00e9mo &hellip; <\/p>\n","protected":false},"featured_media":3141,"template":"","meta":{"om_disable_all_campaigns":false,"_monsterinsights_skip_tracking":false,"_monsterinsights_sitenote_active":false,"_monsterinsights_sitenote_note":"","_monsterinsights_sitenote_category":0},"product_brand":[],"product_cat":[21,20],"product_tag":[37,43,50],"class_list":{"0":"post-1459","1":"product","2":"type-product","3":"status-publish","4":"has-post-thumbnail","6":"product_cat-a4","7":"product_cat-affiches","8":"product_tag-acces-aux-soins","9":"product_tag-professionnels-de-sante","10":"product_tag-services-cpam","12":"first","13":"instock","14":"shipping-taxable","15":"purchasable","16":"product-type-simple"},"aioseo_notices":[],"jetpack_sharing_enabled":true,"_links":{"self":[{"href":"https:\/\/extranet.infocpam.fr\/partenaires\/wp-json\/wp\/v2\/product\/1459","targetHints":{"allow":["GET"]}}],"collection":[{"href":"https:\/\/extranet.infocpam.fr\/partenaires\/wp-json\/wp\/v2\/product"}],"about":[{"href":"https:\/\/extranet.infocpam.fr\/partenaires\/wp-json\/wp\/v2\/types\/product"}],"wp:featuredmedia":[{"embeddable":true,"href":"https:\/\/extranet.infocpam.fr\/partenaires\/wp-json\/wp\/v2\/media\/3141"}],"wp:attachment":[{"href":"https:\/\/extranet.infocpam.fr\/partenaires\/wp-json\/wp\/v2\/media?parent=1459"}],"wp:term":[{"taxonomy":"product_brand","embeddable":true,"href":"https:\/\/extranet.infocpam.fr\/partenaires\/wp-json\/wp\/v2\/product_brand?post=1459"},{"taxonomy":"product_cat","embeddable":true,"href":"https:\/\/extranet.infocpam.fr\/partenaires\/wp-json\/wp\/v2\/product_cat?post=1459"},{"taxonomy":"product_tag","embeddable":true,"href":"https:\/\/extranet.infocpam.fr\/partenaires\/wp-json\/wp\/v2\/product_tag?post=1459"}],"curies":[{"name":"wp","href":"https:\/\/api.w.org\/{rel}","templated":true}]}}