{"id":1332,"date":"2022-03-31T13:35:15","date_gmt":"2022-03-31T11:35:15","guid":{"rendered":"https:\/\/extranet.infocpam.fr\/partenaires\/?post_type=product&#038;p=1332"},"modified":"2024-09-02T16:41:02","modified_gmt":"2024-09-02T14:41:02","slug":"flyer-la-declaration-de-naissance","status":"publish","type":"product","link":"https:\/\/extranet.infocpam.fr\/partenaires\/produit\/flyer-la-declaration-de-naissance\/","title":{"rendered":"Flyer La d\u00e9claration de naissance"},"content":{"rendered":"<p>Ce flyer pr\u00e9cise les diff\u00e9rentes d\u00e9marches \u00e0 suivre pour bien d\u00e9clarer la naissance d&rsquo;un enfant<\/p>\n<p>Version : 2022-03<\/p>\n<p><a href=\"https:\/\/extranet.infocpam.fr\/partenaires\/wp-content\/uploads\/2022\/03\/2022_03_Flyer_decla_naissance_cpam25_BD.pdf\">Visualiser le Flyer D\u00e9claration de naissance<\/a><\/p>\n","protected":false},"excerpt":{"rendered":"<p>Ce flyer pr\u00e9cise les diff\u00e9rentes d\u00e9marches \u00e0 suivre pour bien d\u00e9clarer la naissance d&rsquo;un enfant &hellip; <\/p>\n","protected":false},"featured_media":1334,"template":"","meta":{"om_disable_all_campaigns":false,"_monsterinsights_skip_tracking":false,"_monsterinsights_sitenote_active":false,"_monsterinsights_sitenote_note":"","_monsterinsights_sitenote_category":0},"product_brand":[],"product_cat":[17],"product_tag":[50],"class_list":{"0":"post-1332","1":"product","2":"type-product","3":"status-publish","4":"has-post-thumbnail","6":"product_cat-flyer","7":"product_tag-services-cpam","9":"first","10":"instock","11":"shipping-taxable","12":"purchasable","13":"product-type-simple"},"aioseo_notices":[],"jetpack_sharing_enabled":true,"_links":{"self":[{"href":"https:\/\/extranet.infocpam.fr\/partenaires\/wp-json\/wp\/v2\/product\/1332","targetHints":{"allow":["GET"]}}],"collection":[{"href":"https:\/\/extranet.infocpam.fr\/partenaires\/wp-json\/wp\/v2\/product"}],"about":[{"href":"https:\/\/extranet.infocpam.fr\/partenaires\/wp-json\/wp\/v2\/types\/product"}],"wp:featuredmedia":[{"embeddable":true,"href":"https:\/\/extranet.infocpam.fr\/partenaires\/wp-json\/wp\/v2\/media\/1334"}],"wp:attachment":[{"href":"https:\/\/extranet.infocpam.fr\/partenaires\/wp-json\/wp\/v2\/media?parent=1332"}],"wp:term":[{"taxonomy":"product_brand","embeddable":true,"href":"https:\/\/extranet.infocpam.fr\/partenaires\/wp-json\/wp\/v2\/product_brand?post=1332"},{"taxonomy":"product_cat","embeddable":true,"href":"https:\/\/extranet.infocpam.fr\/partenaires\/wp-json\/wp\/v2\/product_cat?post=1332"},{"taxonomy":"product_tag","embeddable":true,"href":"https:\/\/extranet.infocpam.fr\/partenaires\/wp-json\/wp\/v2\/product_tag?post=1332"}],"curies":[{"name":"wp","href":"https:\/\/api.w.org\/{rel}","templated":true}]}}