{"id":1329,"date":"2022-03-31T13:30:00","date_gmt":"2022-03-31T11:30:00","guid":{"rendered":"https:\/\/extranet.infocpam.fr\/partenaires\/?post_type=product&#038;p=1329"},"modified":"2025-03-20T10:32:56","modified_gmt":"2025-03-20T09:32:56","slug":"affiche-larrivee-de-votre-enfant-les-demarches","status":"publish","type":"product","link":"https:\/\/extranet.infocpam.fr\/partenaires\/produit\/affiche-larrivee-de-votre-enfant-les-demarches\/","title":{"rendered":"Affiche \u00ab\u00a0L&rsquo;arriv\u00e9e de votre enfant : les d\u00e9marches\u00a0\u00bb"},"content":{"rendered":"<p>L&rsquo;affiche \u00ab\u00a0L&rsquo;arriv\u00e9e de votre enfant\u00a0\u00bb pr\u00e9cise les diff\u00e9rentes d\u00e9marches \u00e0 suivre pour bien d\u00e9clarer la naissance d&rsquo;un enfant.<\/p>\n<p>Format : A3<\/p>\n<p>Version : 2024-10<\/p>\n<p><a href=\"https:\/\/extranet.infocpam.fr\/partenaires\/wp-content\/uploads\/2022\/03\/2024_10_AFF-A3_arrivee-de-votre-enfant.pdf\">Voir l&rsquo;affiche \u00ab\u00a0l&rsquo;arriv\u00e9e de votre enfant\u00a0\u00bb<\/a> (pdf, 1134 ko)<\/p>\n","protected":false},"excerpt":{"rendered":"<p>L&rsquo;affiche \u00ab\u00a0L&rsquo;arriv\u00e9e de votre enfant\u00a0\u00bb pr\u00e9cise les diff\u00e9rentes d\u00e9marches \u00e0 suivre pour bien d\u00e9clarer la &hellip; <\/p>\n","protected":false},"featured_media":3043,"template":"","meta":{"om_disable_all_campaigns":false,"_monsterinsights_skip_tracking":false,"_monsterinsights_sitenote_active":false,"_monsterinsights_sitenote_note":"","_monsterinsights_sitenote_category":0},"product_brand":[],"product_cat":[23,20],"product_tag":[50],"class_list":{"0":"post-1329","1":"product","2":"type-product","3":"status-publish","4":"has-post-thumbnail","6":"product_cat-a3","7":"product_cat-affiches","8":"product_tag-services-cpam","9":"product_shipping_class-besancon","11":"first","12":"onbackorder","13":"shipping-taxable","14":"product-type-simple"},"aioseo_notices":[],"jetpack_sharing_enabled":true,"_links":{"self":[{"href":"https:\/\/extranet.infocpam.fr\/partenaires\/wp-json\/wp\/v2\/product\/1329","targetHints":{"allow":["GET"]}}],"collection":[{"href":"https:\/\/extranet.infocpam.fr\/partenaires\/wp-json\/wp\/v2\/product"}],"about":[{"href":"https:\/\/extranet.infocpam.fr\/partenaires\/wp-json\/wp\/v2\/types\/product"}],"wp:featuredmedia":[{"embeddable":true,"href":"https:\/\/extranet.infocpam.fr\/partenaires\/wp-json\/wp\/v2\/media\/3043"}],"wp:attachment":[{"href":"https:\/\/extranet.infocpam.fr\/partenaires\/wp-json\/wp\/v2\/media?parent=1329"}],"wp:term":[{"taxonomy":"product_brand","embeddable":true,"href":"https:\/\/extranet.infocpam.fr\/partenaires\/wp-json\/wp\/v2\/product_brand?post=1329"},{"taxonomy":"product_cat","embeddable":true,"href":"https:\/\/extranet.infocpam.fr\/partenaires\/wp-json\/wp\/v2\/product_cat?post=1329"},{"taxonomy":"product_tag","embeddable":true,"href":"https:\/\/extranet.infocpam.fr\/partenaires\/wp-json\/wp\/v2\/product_tag?post=1329"}],"curies":[{"name":"wp","href":"https:\/\/api.w.org\/{rel}","templated":true}]}}