{"id":1326,"date":"2022-03-31T13:20:27","date_gmt":"2022-03-31T11:20:27","guid":{"rendered":"https:\/\/extranet.infocpam.fr\/partenaires\/?post_type=product&#038;p=1326"},"modified":"2025-08-27T11:15:16","modified_gmt":"2025-08-27T09:15:16","slug":"flyer-declaration-de-naissance","status":"publish","type":"product","link":"https:\/\/extranet.infocpam.fr\/partenaires\/produit\/flyer-declaration-de-naissance\/","title":{"rendered":"Flyer \u00ab\u00a0L&rsquo;arriv\u00e9e de votre enfant : les d\u00e9marches\u00a0\u00bb"},"content":{"rendered":"<p>Le flyer \u00ab\u00a0L&rsquo;arriv\u00e9e de votre enfant\u00a0\u00bb pr\u00e9cise les diff\u00e9rentes d\u00e9marches \u00e0 suivre pour bien d\u00e9clarer la naissance d&rsquo;un enfant<\/p>\n<p>Format : A5<\/p>\n<p>Version : 2024-10<\/p>\n<p><a href=\"https:\/\/extranet.infocpam.fr\/partenaires\/wp-content\/uploads\/2022\/03\/2024-10-Arrivee-de-votre-enfant-demarches.pdf\">Visualiser le Flyer \u00ab\u00a0L&rsquo;arriv\u00e9e de votre enfant\u00a0\u00bb<\/a><\/p>\n","protected":false},"excerpt":{"rendered":"<p>Le flyer \u00ab\u00a0L&rsquo;arriv\u00e9e de votre enfant\u00a0\u00bb pr\u00e9cise les diff\u00e9rentes d\u00e9marches \u00e0 suivre pour bien d\u00e9clarer &hellip; <\/p>\n","protected":false},"featured_media":3040,"template":"","meta":{"om_disable_all_campaigns":false,"_monsterinsights_skip_tracking":false,"_monsterinsights_sitenote_active":false,"_monsterinsights_sitenote_note":"","_monsterinsights_sitenote_category":0},"product_brand":[],"product_cat":[62,17],"product_tag":[60,50],"class_list":{"0":"post-1326","1":"product","2":"type-product","3":"status-publish","4":"has-post-thumbnail","6":"product_cat-a5","7":"product_cat-flyer","8":"product_tag-lessentiel","9":"product_tag-services-cpam","11":"first","12":"onbackorder","13":"shipping-taxable","14":"purchasable","15":"product-type-simple"},"aioseo_notices":[],"jetpack_sharing_enabled":true,"_links":{"self":[{"href":"https:\/\/extranet.infocpam.fr\/partenaires\/wp-json\/wp\/v2\/product\/1326","targetHints":{"allow":["GET"]}}],"collection":[{"href":"https:\/\/extranet.infocpam.fr\/partenaires\/wp-json\/wp\/v2\/product"}],"about":[{"href":"https:\/\/extranet.infocpam.fr\/partenaires\/wp-json\/wp\/v2\/types\/product"}],"wp:featuredmedia":[{"embeddable":true,"href":"https:\/\/extranet.infocpam.fr\/partenaires\/wp-json\/wp\/v2\/media\/3040"}],"wp:attachment":[{"href":"https:\/\/extranet.infocpam.fr\/partenaires\/wp-json\/wp\/v2\/media?parent=1326"}],"wp:term":[{"taxonomy":"product_brand","embeddable":true,"href":"https:\/\/extranet.infocpam.fr\/partenaires\/wp-json\/wp\/v2\/product_brand?post=1326"},{"taxonomy":"product_cat","embeddable":true,"href":"https:\/\/extranet.infocpam.fr\/partenaires\/wp-json\/wp\/v2\/product_cat?post=1326"},{"taxonomy":"product_tag","embeddable":true,"href":"https:\/\/extranet.infocpam.fr\/partenaires\/wp-json\/wp\/v2\/product_tag?post=1326"}],"curies":[{"name":"wp","href":"https:\/\/api.w.org\/{rel}","templated":true}]}}