{"id":1295,"date":"2022-03-29T11:13:07","date_gmt":"2022-03-29T09:13:07","guid":{"rendered":"https:\/\/extranet.infocpam.fr\/partenaires\/?post_type=product&#038;p=1295"},"modified":"2022-03-29T11:48:05","modified_gmt":"2022-03-29T09:48:05","slug":"fiche-a4_vaccins-covid-vaccination-pour-comprendre-version-ukrainienne","status":"publish","type":"product","link":"https:\/\/extranet.infocpam.fr\/partenaires\/produit\/fiche-a4_vaccins-covid-vaccination-pour-comprendre-version-ukrainienne\/","title":{"rendered":"Fiche A4_Vaccins Covid &#8211; Vaccination pour comprendre (version Ukrainienne)"},"content":{"rendered":"<p>Cette fiche est \u00e0 destination des r\u00e9fugi\u00e9s ukrainiens pour comprendre la vaccination<\/p>\n<p><a href=\"https:\/\/extranet.infocpam.fr\/partenaires\/wp-content\/uploads\/2022\/03\/CW-3073-001-2203-Fiche-A4_Vaccins-Covid-Vaccination-pour-comprendre_UA-Janvier-2021_v2_LQP.pdf\">Fiche A4_Vaccins Covid &#8211; Vaccination pour comprendre<\/a><\/p>\n<p>Version : 2022-03<\/p>\n","protected":false},"excerpt":{"rendered":"<p>&nbsp;<\/p>\n<p>&nbsp;<\/p>\n","protected":false},"featured_media":1297,"template":"","meta":{"om_disable_all_campaigns":false,"_monsterinsights_skip_tracking":false,"_monsterinsights_sitenote_active":false,"_monsterinsights_sitenote_note":"","_monsterinsights_sitenote_category":0},"product_brand":[],"product_cat":[21,17],"product_tag":[37,63],"class_list":{"0":"post-1295","1":"product","2":"type-product","3":"status-publish","4":"has-post-thumbnail","6":"product_cat-a4","7":"product_cat-flyer","8":"product_tag-acces-aux-soins","9":"product_tag-ukraine","10":"product_shipping_class-montbeliard","12":"first","13":"instock","14":"virtual","15":"product-type-simple"},"aioseo_notices":[],"jetpack_sharing_enabled":true,"_links":{"self":[{"href":"https:\/\/extranet.infocpam.fr\/partenaires\/wp-json\/wp\/v2\/product\/1295","targetHints":{"allow":["GET"]}}],"collection":[{"href":"https:\/\/extranet.infocpam.fr\/partenaires\/wp-json\/wp\/v2\/product"}],"about":[{"href":"https:\/\/extranet.infocpam.fr\/partenaires\/wp-json\/wp\/v2\/types\/product"}],"wp:featuredmedia":[{"embeddable":true,"href":"https:\/\/extranet.infocpam.fr\/partenaires\/wp-json\/wp\/v2\/media\/1297"}],"wp:attachment":[{"href":"https:\/\/extranet.infocpam.fr\/partenaires\/wp-json\/wp\/v2\/media?parent=1295"}],"wp:term":[{"taxonomy":"product_brand","embeddable":true,"href":"https:\/\/extranet.infocpam.fr\/partenaires\/wp-json\/wp\/v2\/product_brand?post=1295"},{"taxonomy":"product_cat","embeddable":true,"href":"https:\/\/extranet.infocpam.fr\/partenaires\/wp-json\/wp\/v2\/product_cat?post=1295"},{"taxonomy":"product_tag","embeddable":true,"href":"https:\/\/extranet.infocpam.fr\/partenaires\/wp-json\/wp\/v2\/product_tag?post=1295"}],"curies":[{"name":"wp","href":"https:\/\/api.w.org\/{rel}","templated":true}]}}