{"id":1292,"date":"2022-03-29T11:04:28","date_gmt":"2022-03-29T09:04:28","guid":{"rendered":"https:\/\/extranet.infocpam.fr\/partenaires\/?post_type=product&#038;p=1292"},"modified":"2022-03-29T11:47:18","modified_gmt":"2022-03-29T09:47:18","slug":"fiche-a4_vaccins-covid-vaccination-pour-enfant-version-ukrainienne","status":"publish","type":"product","link":"https:\/\/extranet.infocpam.fr\/partenaires\/produit\/fiche-a4_vaccins-covid-vaccination-pour-enfant-version-ukrainienne\/","title":{"rendered":"Fiche A4_Vaccins Covid &#8211; Vaccination pour Enfant (version Ukrainienne)"},"content":{"rendered":"<p>Cette fiche est \u00e0 destination des r\u00e9fugi\u00e9s ukrainiens pour la vaccination des enfants<\/p>\n<p><a href=\"https:\/\/extranet.infocpam.fr\/partenaires\/wp-content\/uploads\/2022\/03\/CW-3072-001-2203-Fiche-A4_Vaccins-Covid-Vaccination-pour-Enfant-Fevrier-2022-UA-LQP.pdf\">Fiche Vaccination pour Enfant (version Ukrainienne)<\/a><\/p>\n<p>Version : 2022-03<\/p>\n","protected":false},"excerpt":{"rendered":"<p>&nbsp;<\/p>\n<p>&nbsp;<\/p>\n","protected":false},"featured_media":1293,"template":"","meta":{"om_disable_all_campaigns":false,"_monsterinsights_skip_tracking":false,"_monsterinsights_sitenote_active":false,"_monsterinsights_sitenote_note":"","_monsterinsights_sitenote_category":0},"product_brand":[],"product_cat":[21,17],"product_tag":[37,63],"class_list":{"0":"post-1292","1":"product","2":"type-product","3":"status-publish","4":"has-post-thumbnail","6":"product_cat-a4","7":"product_cat-flyer","8":"product_tag-acces-aux-soins","9":"product_tag-ukraine","10":"product_shipping_class-montbeliard","12":"first","13":"instock","14":"virtual","15":"product-type-simple"},"aioseo_notices":[],"jetpack_sharing_enabled":true,"_links":{"self":[{"href":"https:\/\/extranet.infocpam.fr\/partenaires\/wp-json\/wp\/v2\/product\/1292","targetHints":{"allow":["GET"]}}],"collection":[{"href":"https:\/\/extranet.infocpam.fr\/partenaires\/wp-json\/wp\/v2\/product"}],"about":[{"href":"https:\/\/extranet.infocpam.fr\/partenaires\/wp-json\/wp\/v2\/types\/product"}],"wp:featuredmedia":[{"embeddable":true,"href":"https:\/\/extranet.infocpam.fr\/partenaires\/wp-json\/wp\/v2\/media\/1293"}],"wp:attachment":[{"href":"https:\/\/extranet.infocpam.fr\/partenaires\/wp-json\/wp\/v2\/media?parent=1292"}],"wp:term":[{"taxonomy":"product_brand","embeddable":true,"href":"https:\/\/extranet.infocpam.fr\/partenaires\/wp-json\/wp\/v2\/product_brand?post=1292"},{"taxonomy":"product_cat","embeddable":true,"href":"https:\/\/extranet.infocpam.fr\/partenaires\/wp-json\/wp\/v2\/product_cat?post=1292"},{"taxonomy":"product_tag","embeddable":true,"href":"https:\/\/extranet.infocpam.fr\/partenaires\/wp-json\/wp\/v2\/product_tag?post=1292"}],"curies":[{"name":"wp","href":"https:\/\/api.w.org\/{rel}","templated":true}]}}