{"id":1218,"date":"2022-03-09T10:05:34","date_gmt":"2022-03-09T09:05:34","guid":{"rendered":"https:\/\/extranet.infocpam.fr\/partenaires\/?post_type=product&#038;p=1218"},"modified":"2022-03-09T10:10:30","modified_gmt":"2022-03-09T09:10:30","slug":"livret-reperes-diabete-prevenir-les-maladies-cardiovasculaires","status":"publish","type":"product","link":"https:\/\/extranet.infocpam.fr\/partenaires\/produit\/livret-reperes-diabete-prevenir-les-maladies-cardiovasculaires\/","title":{"rendered":"Livret Rep\u00e8res diab\u00e8te &#8211; Pr\u00e9venir les maladies cardiovasculaires"},"content":{"rendered":"<p>A destination des personnes diab\u00e9tiques.<br \/>\nLes livrets\u00a0 Rep\u00e8res diab\u00e8te visent \u00e0 vous apporter des connaissances pr\u00e9cises et valid\u00e9es sur des th\u00e8mes li\u00e9s au diab\u00e8te, afin de vous aider \u00e0 mieux comprendre votre maladie mais aussi \u00e0 faciliter et am\u00e9liorer le dialogue avec tous les professionnels de sant\u00e9.<\/p>\n<p><a href=\"https:\/\/extranet.infocpam.fr\/partenaires\/wp-content\/uploads\/2022\/03\/livretreperescardiovasculaire2017.pdf\">livret rep\u00e8res cardiovasculaire 2017<\/a> (pdf, 641ko)<\/p>\n","protected":false},"excerpt":{"rendered":"<p>&nbsp;<\/p>\n<p>&nbsp;<\/p>\n","protected":false},"featured_media":1216,"template":"","meta":{"om_disable_all_campaigns":false,"_monsterinsights_skip_tracking":false,"_monsterinsights_sitenote_active":false,"_monsterinsights_sitenote_note":"","_monsterinsights_sitenote_category":0},"product_brand":[],"product_cat":[32],"product_tag":[43],"class_list":{"0":"post-1218","1":"product","2":"type-product","3":"status-publish","4":"has-post-thumbnail","6":"product_cat-brochures","7":"product_tag-professionnels-de-sante","9":"first","10":"outofstock","11":"shipping-taxable","12":"purchasable","13":"product-type-simple"},"aioseo_notices":[],"jetpack_sharing_enabled":true,"_links":{"self":[{"href":"https:\/\/extranet.infocpam.fr\/partenaires\/wp-json\/wp\/v2\/product\/1218","targetHints":{"allow":["GET"]}}],"collection":[{"href":"https:\/\/extranet.infocpam.fr\/partenaires\/wp-json\/wp\/v2\/product"}],"about":[{"href":"https:\/\/extranet.infocpam.fr\/partenaires\/wp-json\/wp\/v2\/types\/product"}],"wp:featuredmedia":[{"embeddable":true,"href":"https:\/\/extranet.infocpam.fr\/partenaires\/wp-json\/wp\/v2\/media\/1216"}],"wp:attachment":[{"href":"https:\/\/extranet.infocpam.fr\/partenaires\/wp-json\/wp\/v2\/media?parent=1218"}],"wp:term":[{"taxonomy":"product_brand","embeddable":true,"href":"https:\/\/extranet.infocpam.fr\/partenaires\/wp-json\/wp\/v2\/product_brand?post=1218"},{"taxonomy":"product_cat","embeddable":true,"href":"https:\/\/extranet.infocpam.fr\/partenaires\/wp-json\/wp\/v2\/product_cat?post=1218"},{"taxonomy":"product_tag","embeddable":true,"href":"https:\/\/extranet.infocpam.fr\/partenaires\/wp-json\/wp\/v2\/product_tag?post=1218"}],"curies":[{"name":"wp","href":"https:\/\/api.w.org\/{rel}","templated":true}]}}