{"id":1215,"date":"2022-03-09T09:55:52","date_gmt":"2022-03-09T08:55:52","guid":{"rendered":"https:\/\/extranet.infocpam.fr\/partenaires\/?post_type=product&#038;p=1215"},"modified":"2025-02-18T17:43:20","modified_gmt":"2025-02-18T16:43:20","slug":"le-service-sophia-une-aide-pour-vos-patients-diabetique-remis-mg","status":"publish","type":"product","link":"https:\/\/extranet.infocpam.fr\/partenaires\/produit\/le-service-sophia-une-aide-pour-vos-patients-diabetique-remis-mg\/","title":{"rendered":"Le service Sophia, une aide pour vos patients diab\u00e9tique (remis MG)"},"content":{"rendered":"<p>A destination des professionnels de sant\u00e9<\/p>\n<p>Le service d\u2019accompagnement Sophia a pour objectif d&rsquo;aider vos patients \u00e0 mieux comprendre leur diab\u00e8te, \u00e0 les sensibiliser \u00e0 l&rsquo;importance de suivre leur traitement et \u00e0 adapter leurs habitudes de vie.<\/p>\n<p><a href=\"https:\/\/extranet.infocpam.fr\/partenaires\/wp-content\/uploads\/2022\/03\/diabete_remismg2018.pdf\">Fiche diab\u00e8te_remis mg <\/a> (pdf, 116ko)<\/p>\n","protected":false},"excerpt":{"rendered":"<p>&nbsp;<\/p>\n<p>&nbsp;<\/p>\n","protected":false},"featured_media":1217,"template":"","meta":{"om_disable_all_campaigns":false,"_monsterinsights_skip_tracking":false,"_monsterinsights_sitenote_active":false,"_monsterinsights_sitenote_note":"","_monsterinsights_sitenote_category":0},"product_brand":[],"product_cat":[32],"product_tag":[43],"class_list":{"0":"post-1215","1":"product","2":"type-product","3":"status-publish","4":"has-post-thumbnail","6":"product_cat-brochures","7":"product_tag-professionnels-de-sante","9":"first","10":"instock","11":"shipping-taxable","12":"purchasable","13":"product-type-simple"},"aioseo_notices":[],"jetpack_sharing_enabled":true,"_links":{"self":[{"href":"https:\/\/extranet.infocpam.fr\/partenaires\/wp-json\/wp\/v2\/product\/1215","targetHints":{"allow":["GET"]}}],"collection":[{"href":"https:\/\/extranet.infocpam.fr\/partenaires\/wp-json\/wp\/v2\/product"}],"about":[{"href":"https:\/\/extranet.infocpam.fr\/partenaires\/wp-json\/wp\/v2\/types\/product"}],"wp:featuredmedia":[{"embeddable":true,"href":"https:\/\/extranet.infocpam.fr\/partenaires\/wp-json\/wp\/v2\/media\/1217"}],"wp:attachment":[{"href":"https:\/\/extranet.infocpam.fr\/partenaires\/wp-json\/wp\/v2\/media?parent=1215"}],"wp:term":[{"taxonomy":"product_brand","embeddable":true,"href":"https:\/\/extranet.infocpam.fr\/partenaires\/wp-json\/wp\/v2\/product_brand?post=1215"},{"taxonomy":"product_cat","embeddable":true,"href":"https:\/\/extranet.infocpam.fr\/partenaires\/wp-json\/wp\/v2\/product_cat?post=1215"},{"taxonomy":"product_tag","embeddable":true,"href":"https:\/\/extranet.infocpam.fr\/partenaires\/wp-json\/wp\/v2\/product_tag?post=1215"}],"curies":[{"name":"wp","href":"https:\/\/api.w.org\/{rel}","templated":true}]}}