{"id":114,"date":"2021-03-08T09:14:17","date_gmt":"2021-03-08T08:14:17","guid":{"rendered":"https:\/\/extranet.infocpam.fr\/partenaires\/?post_type=product&#038;p=114"},"modified":"2025-08-27T11:15:19","modified_gmt":"2025-08-27T09:15:19","slug":"affiche-mission-accompagnement-en-sante-mas","status":"publish","type":"product","link":"https:\/\/extranet.infocpam.fr\/partenaires\/produit\/affiche-mission-accompagnement-en-sante-mas\/","title":{"rendered":"Affiche mission accompagnement en sant\u00e9 (MAS)"},"content":{"rendered":"<p>Vous rencontrez un assur\u00e9 ayant des difficult\u00e9s pour se faire soigner ou pour acc\u00e9der \u00e0 ses droits ?<br \/>\nUn conseiller de la mission accompagnement sant\u00e9 peut lui proposer un accompagnement sant\u00e9 personnalis\u00e9.<\/p>\n<p>&nbsp;<\/p>\n<p>Version 2021 &#8211; consultez l&rsquo;<a href=\"https:\/\/extranet.infocpam.fr\/partenaires\/wp-content\/uploads\/2021\/03\/affiche_mission_accompagnement_sante_bd_0.pdf\">affiche<\/a> (pdf,142 ko)<\/p>\n","protected":false},"excerpt":{"rendered":"<p>Vous rencontrez un assur\u00e9 ayant des difficult\u00e9s pour se faire soigner ou pour acc\u00e9der \u00e0 &hellip; <\/p>\n","protected":false},"featured_media":115,"template":"","meta":{"om_disable_all_campaigns":false,"_monsterinsights_skip_tracking":false,"_monsterinsights_sitenote_active":false,"_monsterinsights_sitenote_note":"","_monsterinsights_sitenote_category":0},"product_brand":[],"product_cat":[23,21],"product_tag":[37],"class_list":{"0":"post-114","1":"product","2":"type-product","3":"status-publish","4":"has-post-thumbnail","6":"product_cat-a3","7":"product_cat-a4","8":"product_tag-acces-aux-soins","10":"first","11":"instock","12":"shipping-taxable","13":"purchasable","14":"product-type-variable","15":"has-default-attributes"},"aioseo_notices":[],"jetpack_sharing_enabled":true,"_links":{"self":[{"href":"https:\/\/extranet.infocpam.fr\/partenaires\/wp-json\/wp\/v2\/product\/114","targetHints":{"allow":["GET"]}}],"collection":[{"href":"https:\/\/extranet.infocpam.fr\/partenaires\/wp-json\/wp\/v2\/product"}],"about":[{"href":"https:\/\/extranet.infocpam.fr\/partenaires\/wp-json\/wp\/v2\/types\/product"}],"wp:featuredmedia":[{"embeddable":true,"href":"https:\/\/extranet.infocpam.fr\/partenaires\/wp-json\/wp\/v2\/media\/115"}],"wp:attachment":[{"href":"https:\/\/extranet.infocpam.fr\/partenaires\/wp-json\/wp\/v2\/media?parent=114"}],"wp:term":[{"taxonomy":"product_brand","embeddable":true,"href":"https:\/\/extranet.infocpam.fr\/partenaires\/wp-json\/wp\/v2\/product_brand?post=114"},{"taxonomy":"product_cat","embeddable":true,"href":"https:\/\/extranet.infocpam.fr\/partenaires\/wp-json\/wp\/v2\/product_cat?post=114"},{"taxonomy":"product_tag","embeddable":true,"href":"https:\/\/extranet.infocpam.fr\/partenaires\/wp-json\/wp\/v2\/product_tag?post=114"}],"curies":[{"name":"wp","href":"https:\/\/api.w.org\/{rel}","templated":true}]}}