{"id":1106,"date":"2022-01-12T16:22:31","date_gmt":"2022-01-12T15:22:31","guid":{"rendered":"https:\/\/extranet.infocpam.fr\/partenaires\/?post_type=product&#038;p=1106"},"modified":"2025-06-30T13:37:11","modified_gmt":"2025-06-30T11:37:11","slug":"affiche-sur-les-troubles-de-lautisme","status":"publish","type":"product","link":"https:\/\/extranet.infocpam.fr\/partenaires\/produit\/affiche-sur-les-troubles-de-lautisme\/","title":{"rendered":"Affiche sur les troubles de l&rsquo;autisme"},"content":{"rendered":"<p>Rep\u00e9rer et accompagner au plus t\u00f4t les \u00e9carts inhabituels de d\u00e9veloppement d&rsquo;un enfant de moins de 7 ans.<\/p>\n<p>Pas de stock,<a href=\"https:\/\/extranet.infocpam.fr\/partenaires\/wp-content\/uploads\/2022\/01\/DICOM_poster_autisme-2_80x60_exe_030720.pdf\"> mais impression possible (poster_autisme) (pdf, 282 ko)<\/a><\/p>\n","protected":false},"excerpt":{"rendered":"<p>Rep\u00e9rer et accompagner au plus t\u00f4t les \u00e9carts inhabituels de d\u00e9veloppement d&rsquo;un enfant de moins &hellip; <\/p>\n","protected":false},"featured_media":1107,"template":"","meta":{"om_disable_all_campaigns":false,"_monsterinsights_skip_tracking":false,"_monsterinsights_sitenote_active":false,"_monsterinsights_sitenote_note":"","_monsterinsights_sitenote_category":0},"product_brand":[],"product_cat":[23,21,20],"product_tag":[],"class_list":{"0":"post-1106","1":"product","2":"type-product","3":"status-publish","4":"has-post-thumbnail","6":"product_cat-a3","7":"product_cat-a4","8":"product_cat-affiches","10":"first","11":"onbackorder","12":"shipping-taxable","13":"purchasable","14":"product-type-variable"},"aioseo_notices":[],"jetpack_sharing_enabled":true,"_links":{"self":[{"href":"https:\/\/extranet.infocpam.fr\/partenaires\/wp-json\/wp\/v2\/product\/1106","targetHints":{"allow":["GET"]}}],"collection":[{"href":"https:\/\/extranet.infocpam.fr\/partenaires\/wp-json\/wp\/v2\/product"}],"about":[{"href":"https:\/\/extranet.infocpam.fr\/partenaires\/wp-json\/wp\/v2\/types\/product"}],"wp:featuredmedia":[{"embeddable":true,"href":"https:\/\/extranet.infocpam.fr\/partenaires\/wp-json\/wp\/v2\/media\/1107"}],"wp:attachment":[{"href":"https:\/\/extranet.infocpam.fr\/partenaires\/wp-json\/wp\/v2\/media?parent=1106"}],"wp:term":[{"taxonomy":"product_brand","embeddable":true,"href":"https:\/\/extranet.infocpam.fr\/partenaires\/wp-json\/wp\/v2\/product_brand?post=1106"},{"taxonomy":"product_cat","embeddable":true,"href":"https:\/\/extranet.infocpam.fr\/partenaires\/wp-json\/wp\/v2\/product_cat?post=1106"},{"taxonomy":"product_tag","embeddable":true,"href":"https:\/\/extranet.infocpam.fr\/partenaires\/wp-json\/wp\/v2\/product_tag?post=1106"}],"curies":[{"name":"wp","href":"https:\/\/api.w.org\/{rel}","templated":true}]}}