{"id":108,"date":"2021-03-05T14:31:16","date_gmt":"2021-03-05T13:31:16","guid":{"rendered":"https:\/\/extranet.infocpam.fr\/partenaires\/?post_type=product&#038;p=108"},"modified":"2025-08-27T11:15:16","modified_gmt":"2025-08-27T09:15:16","slug":"flyer-complementaire-sante-solidaire","status":"publish","type":"product","link":"https:\/\/extranet.infocpam.fr\/partenaires\/produit\/flyer-complementaire-sante-solidaire\/","title":{"rendered":"Flyer compl\u00e9mentaire sant\u00e9 solidaire"},"content":{"rendered":"<p>Ce flyer compl\u00e9mentaire sant\u00e9 solidaire est \u00e0 destination des assur\u00e9s. Il informe sur les conditions li\u00e9es au revenu pour b\u00e9n\u00e9ficier de cette compl\u00e9mentaire sant\u00e9.<\/p>\n<p><a href=\"https:\/\/extranet.infocpam.fr\/partenaires\/wp-content\/uploads\/2021\/05\/Flyer1_les-essentiels_CSS-TDC-1.pdf\" target=\"_blank\" rel=\"noopener\">Visualiser le flyer <\/a><a href=\"https:\/\/extranet.infocpam.fr\/partenaires\/wp-content\/uploads\/2021\/03\/Flyer1_les-essentiels_CSS.pdf\">CSS<\/a><\/p>\n","protected":false},"excerpt":{"rendered":"<p>Le flyer compl\u00e9mentaire sant\u00e9 solidaire \u00e0 destination des assur\u00e9s.<\/p>\n<p>Version : 2021<\/p>\n","protected":false},"featured_media":500,"template":"","meta":{"om_disable_all_campaigns":false,"_monsterinsights_skip_tracking":false,"_monsterinsights_sitenote_active":false,"_monsterinsights_sitenote_note":"","_monsterinsights_sitenote_category":0},"product_brand":[],"product_cat":[17],"product_tag":[37,60],"class_list":{"0":"post-108","1":"product","2":"type-product","3":"status-publish","4":"has-post-thumbnail","6":"product_cat-flyer","7":"product_tag-acces-aux-soins","8":"product_tag-lessentiel","10":"first","11":"instock","12":"shipping-taxable","13":"purchasable","14":"product-type-simple"},"aioseo_notices":[],"jetpack_sharing_enabled":true,"_links":{"self":[{"href":"https:\/\/extranet.infocpam.fr\/partenaires\/wp-json\/wp\/v2\/product\/108","targetHints":{"allow":["GET"]}}],"collection":[{"href":"https:\/\/extranet.infocpam.fr\/partenaires\/wp-json\/wp\/v2\/product"}],"about":[{"href":"https:\/\/extranet.infocpam.fr\/partenaires\/wp-json\/wp\/v2\/types\/product"}],"wp:featuredmedia":[{"embeddable":true,"href":"https:\/\/extranet.infocpam.fr\/partenaires\/wp-json\/wp\/v2\/media\/500"}],"wp:attachment":[{"href":"https:\/\/extranet.infocpam.fr\/partenaires\/wp-json\/wp\/v2\/media?parent=108"}],"wp:term":[{"taxonomy":"product_brand","embeddable":true,"href":"https:\/\/extranet.infocpam.fr\/partenaires\/wp-json\/wp\/v2\/product_brand?post=108"},{"taxonomy":"product_cat","embeddable":true,"href":"https:\/\/extranet.infocpam.fr\/partenaires\/wp-json\/wp\/v2\/product_cat?post=108"},{"taxonomy":"product_tag","embeddable":true,"href":"https:\/\/extranet.infocpam.fr\/partenaires\/wp-json\/wp\/v2\/product_tag?post=108"}],"curies":[{"name":"wp","href":"https:\/\/api.w.org\/{rel}","templated":true}]}}