{"id":955,"date":"2021-12-10T15:58:55","date_gmt":"2021-12-10T14:58:55","guid":{"rendered":"https:\/\/extranet.infocpam.fr\/partenaires\/?page_id=955"},"modified":"2021-12-10T16:02:46","modified_gmt":"2021-12-10T15:02:46","slug":"centres-dexamens-de-sante-du-doubs","status":"publish","type":"page","link":"https:\/\/extranet.infocpam.fr\/partenaires\/centres-dexamens-de-sante-du-doubs\/","title":{"rendered":"Centres d&rsquo;examens de sant\u00e9 du Doubs"},"content":{"rendered":"\n<p>2 centres d&rsquo;examens de sant\u00e9 interviennent dans le Doubs.<\/p>\n\n\n\n<p>Pour en savoir plus sur <a href=\"https:\/\/www.ameli.fr\/doubs\/assure\/sante\/assurance-maladie\/prevention-depistages\/examen-prevention-sante\" target=\"_blank\" rel=\"noreferrer noopener\">l&rsquo;examen de pr\u00e9vention en sant\u00e9, consultez ameli.fr<\/a><\/p>\n\n\n\n<p><strong>\u00e0 Besan\u00e7on :\u00a0<\/strong>Maison France Services \u00e0 Planoise<br>9, rue Picasso \u00e0 Besan\u00e7on <br>Les assur\u00e9s peuvent prendre rendez-vous sur <a rel=\"noreferrer noopener\" href=\"https:\/\/www.doctolib.fr\/centre-de-sante\/besancon\/centre-d-examens-de-sante-de-la-cpam-du-doubs\" target=\"_blank\">Doctolib<\/a><\/p>\n\n\n\n<p>\u00a0<strong>\u00e0 Montb\u00e9liard : <\/strong>3 avenue L\u00e9on Blum<br>Pour prendre rendez-vous, <strong>t\u00e9l\u00e9phonez au 03 84 28 38 66<\/strong><\/p>\n\n\n\n<p>Pour les <a href=\"https:\/\/extranet.infocpam.fr\/partenaires\/contacts\/centre-dexamens-de-sante\/\" data-type=\"page\">inscriptions de groupe, contactez le service pr\u00e9vention<\/a> (formulaire en ligne).<\/p>\n\n\n\n<figure class=\"wp-block-embed is-type-video is-provider-youtube wp-block-embed-youtube wp-embed-aspect-16-9 wp-has-aspect-ratio\"><div class=\"wp-block-embed__wrapper\">\n<iframe loading=\"lazy\" title=\"Centre d&#039;Examens de Sant\u00e9 de Planoise (CES)\" width=\"1200\" height=\"675\" src=\"https:\/\/www.youtube.com\/embed\/e2f_jZsmR_0?feature=oembed\" frameborder=\"0\" allow=\"accelerometer; autoplay; clipboard-write; encrypted-media; gyroscope; picture-in-picture\" allowfullscreen><\/iframe>\n<\/div><\/figure>\n","protected":false},"excerpt":{"rendered":"<p>2 centres d&rsquo;examens de sant\u00e9 interviennent dans le Doubs. Pour en savoir plus sur l&rsquo;examen &hellip; <\/p>\n","protected":false},"author":1,"featured_media":0,"parent":0,"menu_order":0,"comment_status":"closed","ping_status":"closed","template":"","meta":{"om_disable_all_campaigns":false,"_monsterinsights_skip_tracking":false,"_monsterinsights_sitenote_active":false,"_monsterinsights_sitenote_note":"","_monsterinsights_sitenote_category":0,"footnotes":""},"class_list":["post-955","page","type-page","status-publish","hentry"],"aioseo_notices":[],"jetpack_sharing_enabled":true,"_links":{"self":[{"href":"https:\/\/extranet.infocpam.fr\/partenaires\/wp-json\/wp\/v2\/pages\/955","targetHints":{"allow":["GET"]}}],"collection":[{"href":"https:\/\/extranet.infocpam.fr\/partenaires\/wp-json\/wp\/v2\/pages"}],"about":[{"href":"https:\/\/extranet.infocpam.fr\/partenaires\/wp-json\/wp\/v2\/types\/page"}],"author":[{"embeddable":true,"href":"https:\/\/extranet.infocpam.fr\/partenaires\/wp-json\/wp\/v2\/users\/1"}],"replies":[{"embeddable":true,"href":"https:\/\/extranet.infocpam.fr\/partenaires\/wp-json\/wp\/v2\/comments?post=955"}],"version-history":[{"count":3,"href":"https:\/\/extranet.infocpam.fr\/partenaires\/wp-json\/wp\/v2\/pages\/955\/revisions"}],"predecessor-version":[{"id":960,"href":"https:\/\/extranet.infocpam.fr\/partenaires\/wp-json\/wp\/v2\/pages\/955\/revisions\/960"}],"wp:attachment":[{"href":"https:\/\/extranet.infocpam.fr\/partenaires\/wp-json\/wp\/v2\/media?parent=955"}],"curies":[{"name":"wp","href":"https:\/\/api.w.org\/{rel}","templated":true}]}}