{"id":931,"date":"2026-04-03T14:58:50","date_gmt":"2026-04-03T12:58:50","guid":{"rendered":"https:\/\/extranet.infocpam.fr\/partenaires\/?page_id=931"},"modified":"2025-03-05T11:57:52","modified_gmt":"2025-03-05T10:57:52","slug":"actualites","status":"publish","type":"page","link":"https:\/\/extranet.infocpam.fr\/partenaires\/actualites\/","title":{"rendered":"Actualit\u00e9s"},"content":{"rendered":"\n<h2 class=\"wp-block-heading\"><span><h1 class=\"title-main\"><span>La lettre aux partenaires d&rsquo;avril 2026<\/span><\/h1><\/span><\/h2>\n\n\n\n<p><strong>La lettre aux partenaires d<\/strong>&lsquo;<strong>avril 2026<\/strong> est en ligne.<\/p>\n\n\n\n<p id=\"block-cca7f8fa-f0bd-4af6-b79e-99b59f2f0e8e\">\u27a1\ufe0f Vous y retrouverez les actualit\u00e9s mensuelles de la CPAM du Doubs, ainsi que des informations cl\u00e9s \u00e0 destination de nos partenaires.<\/p>\n\n\n\n<p><a href=\"https:\/\/5yghs.r.ag.d.sendibm3.com\/mk\/mr\/sh\/SMJz09SDriOHUOuqpDfvgQLJDFsx\/KKbdnkgDgjqp\" target=\"_blank\" rel=\"noopener\" title=\"\">Cliquez -ici pour d\u00e9couvrir la lettre aux partenaires<\/a><\/p>\n\n\n\n<p><\/p>\n","protected":false},"excerpt":{"rendered":"<p>La lettre aux partenaires d&rsquo;avril 2026 La lettre aux partenaires d&lsquo;avril 2026 est en ligne. &hellip; <\/p>\n","protected":false},"author":1,"featured_media":3769,"parent":0,"menu_order":0,"comment_status":"closed","ping_status":"closed","template":"","meta":{"om_disable_all_campaigns":false,"_monsterinsights_skip_tracking":false,"_monsterinsights_sitenote_active":false,"_monsterinsights_sitenote_note":"","_monsterinsights_sitenote_category":0,"footnotes":""},"class_list":["post-931","page","type-page","status-publish","has-post-thumbnail","hentry"],"aioseo_notices":[],"jetpack_sharing_enabled":true,"_links":{"self":[{"href":"https:\/\/extranet.infocpam.fr\/partenaires\/wp-json\/wp\/v2\/pages\/931","targetHints":{"allow":["GET"]}}],"collection":[{"href":"https:\/\/extranet.infocpam.fr\/partenaires\/wp-json\/wp\/v2\/pages"}],"about":[{"href":"https:\/\/extranet.infocpam.fr\/partenaires\/wp-json\/wp\/v2\/types\/page"}],"author":[{"embeddable":true,"href":"https:\/\/extranet.infocpam.fr\/partenaires\/wp-json\/wp\/v2\/users\/1"}],"replies":[{"embeddable":true,"href":"https:\/\/extranet.infocpam.fr\/partenaires\/wp-json\/wp\/v2\/comments?post=931"}],"version-history":[{"count":19,"href":"https:\/\/extranet.infocpam.fr\/partenaires\/wp-json\/wp\/v2\/pages\/931\/revisions"}],"predecessor-version":[{"id":3243,"href":"https:\/\/extranet.infocpam.fr\/partenaires\/wp-json\/wp\/v2\/pages\/931\/revisions\/3243"}],"wp:featuredmedia":[{"embeddable":true,"href":"https:\/\/extranet.infocpam.fr\/partenaires\/wp-json\/wp\/v2\/media\/3769"}],"wp:attachment":[{"href":"https:\/\/extranet.infocpam.fr\/partenaires\/wp-json\/wp\/v2\/media?parent=931"}],"curies":[{"name":"wp","href":"https:\/\/api.w.org\/{rel}","templated":true}]}}