{"id":928,"date":"2021-12-08T12:08:30","date_gmt":"2021-12-08T11:08:30","guid":{"rendered":"https:\/\/extranet.infocpam.fr\/partenaires\/?page_id=928"},"modified":"2021-12-14T13:58:18","modified_gmt":"2021-12-14T12:58:18","slug":"accompagnement","status":"publish","type":"page","link":"https:\/\/extranet.infocpam.fr\/partenaires\/prevention\/accompagnement\/","title":{"rendered":"Accompagnement"},"content":{"rendered":"\n<p>Le service pr\u00e9vention organise des animations sur des th\u00e9matiques sant\u00e9 prioritaires pour l&rsquo;Assurance maladie tout au long de l&rsquo;ann\u00e9e.<br>&#8211; Promouvoir les comportements favorables \u00e0 la sant\u00e9. Pr\u00e9venir les pratiques addictives (tabac, alcool, substances psychoactives\u2026), conduite dangereuse, alimentation saine, activit\u00e9 physique, sant\u00e9 sexuelle, perte d\u2019autonomie, r\u00e8gles d\u2019hygi\u00e8ne.<br>&#8211; Promouvoir les conditions de vie et de travail favorables \u00e0 la sant\u00e9 et ma\u00eetriser les risques environnementaux.<br>&#8211; Mobiliser les outils de pr\u00e9vention du syst\u00e8me de sant\u00e9 : protection vaccinale, efficacit\u00e9 des antibiotiques, rep\u00e9rage \/ d\u00e9pistage \/ prise en charge pr\u00e9coce des pathologies chroniques.<\/p>\n\n\n\n<p>Vous avez un projet ? N&rsquo;h\u00e9sitez pas \u00e0 nous \u00e9crire !<\/p>\n\n\n\n<figure class=\"wp-block-image size-full\"><img loading=\"lazy\" decoding=\"async\" width=\"600\" height=\"337\" src=\"https:\/\/extranet.infocpam.fr\/partenaires\/wp-content\/uploads\/2021\/12\/tente-escape-game.png\" alt=\"\" class=\"wp-image-967\" srcset=\"https:\/\/extranet.infocpam.fr\/partenaires\/wp-content\/uploads\/2021\/12\/tente-escape-game.png 600w, https:\/\/extranet.infocpam.fr\/partenaires\/wp-content\/uploads\/2021\/12\/tente-escape-game-300x169.png 300w, https:\/\/extranet.infocpam.fr\/partenaires\/wp-content\/uploads\/2021\/12\/tente-escape-game-500x281.png 500w\" sizes=\"auto, (max-width: 600px) 100vw, 600px\" \/><\/figure>\n\n\n\n<div class=\"wp-block-contact-form-7-contact-form-selector\">\n<div class=\"wpcf7 no-js\" id=\"wpcf7-f849-o1\" lang=\"fr-FR\" dir=\"ltr\">\n<div class=\"screen-reader-response\"><p role=\"status\" aria-live=\"polite\" aria-atomic=\"true\"><\/p> <ul><\/ul><\/div>\n<form action=\"\/partenaires\/wp-json\/wp\/v2\/pages\/928#wpcf7-f849-o1\" method=\"post\" class=\"wpcf7-form init\" aria-label=\"Formulaire de contact\" enctype=\"multipart\/form-data\" novalidate=\"novalidate\" data-status=\"init\">\n<div style=\"display: none;\">\n<input type=\"hidden\" name=\"_wpcf7\" value=\"849\" \/>\n<input type=\"hidden\" name=\"_wpcf7_version\" value=\"5.8.6\" \/>\n<input type=\"hidden\" name=\"_wpcf7_locale\" value=\"fr_FR\" \/>\n<input type=\"hidden\" name=\"_wpcf7_unit_tag\" value=\"wpcf7-f849-o1\" \/>\n<input type=\"hidden\" name=\"_wpcf7_container_post\" value=\"0\" \/>\n<input type=\"hidden\" name=\"_wpcf7_posted_data_hash\" value=\"\" \/>\n<\/div>\n<label> Votre nom* : \n    <span class=\"wpcf7-form-control-wrap\" data-name=\"your-name\"><input size=\"40\" class=\"wpcf7-form-control wpcf7-text wpcf7-validates-as-required\" id=\"your-name\" aria-required=\"true\" aria-invalid=\"false\" value=\"\" type=\"text\" name=\"your-name\" \/><\/span> <\/label>\n<label> Votre structure* : \n    <span class=\"wpcf7-form-control-wrap\" data-name=\"structure\"><input size=\"40\" class=\"wpcf7-form-control wpcf7-text wpcf7-validates-as-required\" id=\"structure\" aria-required=\"true\" aria-invalid=\"false\" value=\"\" type=\"text\" name=\"structure\" \/><\/span> <\/label>\n<label> Votre e-mail* : \n    <span class=\"wpcf7-form-control-wrap\" data-name=\"your-email\"><input size=\"40\" class=\"wpcf7-form-control wpcf7-email wpcf7-validates-as-required wpcf7-text wpcf7-validates-as-email\" id=\"your-email\" aria-required=\"true\" aria-invalid=\"false\" value=\"\" type=\"email\" name=\"your-email\" \/><\/span> <\/label>\n\n\n\n<label> Objet* : \n    <span class=\"wpcf7-form-control-wrap\" data-name=\"your-subject\"><input size=\"40\" class=\"wpcf7-form-control wpcf7-text wpcf7-validates-as-required\" id=\"your-subject\" aria-required=\"true\" aria-invalid=\"false\" value=\"\" type=\"text\" name=\"your-subject\" \/><\/span> <\/label>\n\n<label> Votre message* :\n    <span class=\"wpcf7-form-control-wrap\" data-name=\"your-message\"><textarea cols=\"40\" rows=\"10\" class=\"wpcf7-form-control wpcf7-textarea wpcf7-validates-as-required\" id=\"your-message\" aria-required=\"true\" aria-invalid=\"false\" name=\"your-message\"><\/textarea><\/span> <\/label>\n\n<label> Envoyer un fichier pdf (5mo maxi) : <span class=\"wpcf7-form-control-wrap\" data-name=\"file-179\"><input size=\"40\" class=\"wpcf7-form-control wpcf7-file\" accept=\".pdf\" aria-invalid=\"false\" type=\"file\" name=\"file-179\" \/><\/span> <\/label>\n\n<span class=\"wpcf7-form-control-wrap\" data-name=\"acceptance-136\"><span class=\"wpcf7-form-control wpcf7-acceptance\"><span class=\"wpcf7-list-item\"><label><input type=\"checkbox\" name=\"acceptance-136\" value=\"1\" id=\"acceptance-136\" aria-invalid=\"false\" \/><span class=\"wpcf7-list-item-label\">J'accepte que ces donn\u00e9es soient utilis\u00e9es par la CPAM du Doubs pour la gestion de ce message.<\/span><\/label><\/span><\/span><\/span>\n<input class=\"wpcf7-form-control wpcf7-submit has-spinner\" type=\"submit\" value=\"Envoyer\" \/><p style=\"display: none !important;\" class=\"akismet-fields-container\" data-prefix=\"_wpcf7_ak_\"><label>&#916;<textarea name=\"_wpcf7_ak_hp_textarea\" cols=\"45\" rows=\"8\" maxlength=\"100\"><\/textarea><\/label><input type=\"hidden\" id=\"ak_js_1\" name=\"_wpcf7_ak_js\" value=\"214\"\/><script>document.getElementById( \"ak_js_1\" ).setAttribute( \"value\", ( new Date() ).getTime() );<\/script><\/p><div class=\"wpcf7-response-output\" aria-hidden=\"true\"><\/div>\n<\/form>\n<\/div>\n<\/div>\n","protected":false},"excerpt":{"rendered":"<p>Le service pr\u00e9vention organise des animations sur des th\u00e9matiques sant\u00e9 prioritaires pour l&rsquo;Assurance maladie tout &hellip; <\/p>\n","protected":false},"author":7,"featured_media":0,"parent":845,"menu_order":1,"comment_status":"closed","ping_status":"closed","template":"","meta":{"om_disable_all_campaigns":false,"_monsterinsights_skip_tracking":false,"_monsterinsights_sitenote_active":false,"_monsterinsights_sitenote_note":"","_monsterinsights_sitenote_category":0,"footnotes":""},"class_list":["post-928","page","type-page","status-publish","hentry"],"aioseo_notices":[],"jetpack_sharing_enabled":true,"_links":{"self":[{"href":"https:\/\/extranet.infocpam.fr\/partenaires\/wp-json\/wp\/v2\/pages\/928","targetHints":{"allow":["GET"]}}],"collection":[{"href":"https:\/\/extranet.infocpam.fr\/partenaires\/wp-json\/wp\/v2\/pages"}],"about":[{"href":"https:\/\/extranet.infocpam.fr\/partenaires\/wp-json\/wp\/v2\/types\/page"}],"author":[{"embeddable":true,"href":"https:\/\/extranet.infocpam.fr\/partenaires\/wp-json\/wp\/v2\/users\/7"}],"replies":[{"embeddable":true,"href":"https:\/\/extranet.infocpam.fr\/partenaires\/wp-json\/wp\/v2\/comments?post=928"}],"version-history":[{"count":6,"href":"https:\/\/extranet.infocpam.fr\/partenaires\/wp-json\/wp\/v2\/pages\/928\/revisions"}],"predecessor-version":[{"id":976,"href":"https:\/\/extranet.infocpam.fr\/partenaires\/wp-json\/wp\/v2\/pages\/928\/revisions\/976"}],"up":[{"embeddable":true,"href":"https:\/\/extranet.infocpam.fr\/partenaires\/wp-json\/wp\/v2\/pages\/845"}],"wp:attachment":[{"href":"https:\/\/extranet.infocpam.fr\/partenaires\/wp-json\/wp\/v2\/media?parent=928"}],"curies":[{"name":"wp","href":"https:\/\/api.w.org\/{rel}","templated":true}]}}