{"id":843,"date":"2021-11-29T13:27:32","date_gmt":"2021-11-29T12:27:32","guid":{"rendered":"https:\/\/extranet.infocpam.fr\/partenaires\/?page_id=843"},"modified":"2025-04-01T15:56:50","modified_gmt":"2025-04-01T13:56:50","slug":"mediation","status":"publish","type":"page","link":"https:\/\/extranet.infocpam.fr\/partenaires\/contacts\/mediation\/","title":{"rendered":"M\u00e9diation"},"content":{"rendered":"\n<p><strong>Rapport d&rsquo;activit\u00e9 de la m\u00e9diation<\/strong> pour l&rsquo;ann\u00e9e 2024 : <\/p>\n\n\n\n<p>Retrouvez : <\/p>\n\n\n\n<ul class=\"wp-block-list\">\n<li>des exemples concrets d\u2019intervention en m\u00e9diation, <\/li>\n\n\n\n<li>les faits marquants de l\u2019ann\u00e9e,<\/li>\n\n\n\n<li>Le bilan quantitatif.<\/li>\n<\/ul>\n\n\n\n<div class=\"wp-block-buttons is-content-justification-center is-layout-flex wp-container-core-buttons-is-layout-16018d1d wp-block-buttons-is-layout-flex\">\n<div class=\"wp-block-button has-custom-width wp-block-button__width-50\"><a class=\"wp-block-button__link has-vivid-cyan-blue-background-color has-background has-text-align-center wp-element-button\" href=\"https:\/\/extranet.infocpam.fr\/partenaires\/contacts\/mediation\/rapport-mediation-2024-cpam-du-doubs\/\">T\u00e9l\u00e9chargez le rapport m\u00e9diation 2024<\/a><\/div>\n<\/div>\n\n\n\n<p><\/p>\n","protected":false},"excerpt":{"rendered":"<p>Rapport d&rsquo;activit\u00e9 de la m\u00e9diation pour l&rsquo;ann\u00e9e 2024 : Retrouvez :<\/p>\n","protected":false},"author":1,"featured_media":3293,"parent":796,"menu_order":12,"comment_status":"closed","ping_status":"closed","template":"","meta":{"om_disable_all_campaigns":false,"_monsterinsights_skip_tracking":false,"_monsterinsights_sitenote_active":false,"_monsterinsights_sitenote_note":"","_monsterinsights_sitenote_category":0,"footnotes":""},"class_list":["post-843","page","type-page","status-publish","has-post-thumbnail","hentry"],"aioseo_notices":[],"jetpack_sharing_enabled":true,"_links":{"self":[{"href":"https:\/\/extranet.infocpam.fr\/partenaires\/wp-json\/wp\/v2\/pages\/843","targetHints":{"allow":["GET"]}}],"collection":[{"href":"https:\/\/extranet.infocpam.fr\/partenaires\/wp-json\/wp\/v2\/pages"}],"about":[{"href":"https:\/\/extranet.infocpam.fr\/partenaires\/wp-json\/wp\/v2\/types\/page"}],"author":[{"embeddable":true,"href":"https:\/\/extranet.infocpam.fr\/partenaires\/wp-json\/wp\/v2\/users\/1"}],"replies":[{"embeddable":true,"href":"https:\/\/extranet.infocpam.fr\/partenaires\/wp-json\/wp\/v2\/comments?post=843"}],"version-history":[{"count":3,"href":"https:\/\/extranet.infocpam.fr\/partenaires\/wp-json\/wp\/v2\/pages\/843\/revisions"}],"predecessor-version":[{"id":3296,"href":"https:\/\/extranet.infocpam.fr\/partenaires\/wp-json\/wp\/v2\/pages\/843\/revisions\/3296"}],"up":[{"embeddable":true,"href":"https:\/\/extranet.infocpam.fr\/partenaires\/wp-json\/wp\/v2\/pages\/796"}],"wp:featuredmedia":[{"embeddable":true,"href":"https:\/\/extranet.infocpam.fr\/partenaires\/wp-json\/wp\/v2\/media\/3293"}],"wp:attachment":[{"href":"https:\/\/extranet.infocpam.fr\/partenaires\/wp-json\/wp\/v2\/media?parent=843"}],"curies":[{"name":"wp","href":"https:\/\/api.w.org\/{rel}","templated":true}]}}