{"id":631,"date":"2021-09-13T14:56:08","date_gmt":"2021-09-13T12:56:08","guid":{"rendered":"https:\/\/extranet.infocpam.fr\/partenaires\/?page_id=631"},"modified":"2022-10-26T14:01:25","modified_gmt":"2022-10-26T12:01:25","slug":"action-sanitaire-et-sociale-2022","status":"publish","type":"page","link":"https:\/\/extranet.infocpam.fr\/partenaires\/prevention\/appels-a-projets\/action-sanitaire-et-sociale-2022\/","title":{"rendered":"Action Sanitaire et Sociale 2022"},"content":{"rendered":"\n<p>La CPAM du Doubs&nbsp; lance un appel \u00e0 projets \u00e0 destination des associations du d\u00e9partement \u0153uvrant&nbsp; dans le domaine sanitaire et intervenant aupr\u00e8s des&nbsp; publics prioritaires (personnes&nbsp; vuln\u00e9rables&nbsp; et\/ou&nbsp; fragilis\u00e9es)&nbsp; relevant du d\u00e9partement du Doubs&nbsp; autour de 5&nbsp; th\u00e9matiques prioritaires :<\/p>\n\n\n\n<p><strong>&nbsp;1&nbsp;: L\u2019acc\u00e8s aux droits et aux soins des&nbsp; publics fragiles<\/strong>.<\/p>\n\n\n\n<p><strong> 2&nbsp;: L\u2019accompagnement et aides aux malades <\/strong>&nbsp;<\/p>\n\n\n\n<p><strong> 3&nbsp;: Les aides aux personnes en situation de handicap.<\/strong><\/p>\n\n\n\n<p><strong> 4&nbsp;: Les aides et accompagnement des jeunes de 16 \u00e0 24 ans<\/strong>.<\/p>\n\n\n\n<p><strong>5 : La lutte contre l&rsquo;illectronisme<\/strong><\/p>\n\n\n\n<p><strong>L\u2019objectif est de permettre de lancer, d\u00e9velopper ou p\u00e9renniser des programmes d\u2019actions&nbsp; visant \u00e0 am\u00e9liorer l\u2019acc\u00e8s aux droits et r\u00e9duire les in\u00e9galit\u00e9s sociales.<\/strong><\/p>\n\n\n\n<div class=\"wp-block-media-text alignwide is-stacked-on-mobile\" style=\"grid-template-columns:19% auto\"><figure class=\"wp-block-media-text__media\"><img loading=\"lazy\" decoding=\"async\" width=\"1024\" height=\"698\" src=\"https:\/\/extranet.infocpam.fr\/partenaires\/wp-content\/uploads\/2022\/03\/logo-appelsaprojets-1024x698.png\" alt=\"\" class=\"wp-image-1233 size-full\" \/><\/figure><div class=\"wp-block-media-text__content\">\n<p>Consultez <a href=\"https:\/\/extranet.infocpam.fr\/partenaires\/wp-content\/uploads\/2022\/10\/AAP-FNASS-2022V2.pdf\">la pr\u00e9sentation et les modalit\u00e9s de candidature<\/a><\/p>\n\n\n\n<p>T\u00e9l\u00e9chargez le <a href=\"https:\/\/extranet.infocpam.fr\/partenaires\/wp-content\/uploads\/2022\/03\/formulaire_AAP_2022_ASS.pdf\" target=\"_blank\" rel=\"noreferrer noopener\">formulaire de demande de subvention appels \u00e0 projets 2022<\/a><\/p>\n\n\n\n<p>T\u00e9l\u00e9chargez le <a href=\"https:\/\/extranet.infocpam.fr\/partenaires\/wp-content\/uploads\/2022\/04\/pieces_a_fournir_AAP_2022_ASS.pdf\">rappel des pi\u00e8ces \u00e0 fournir<\/a><\/p>\n\n\n\n<p>T\u00e9l\u00e9chargez le <a rel=\"noreferrer noopener\" href=\"https:\/\/extranet.infocpam.fr\/partenaires\/wp-content\/uploads\/2022\/04\/Projet-evaluation-subvention-ASS-2022.xlsx\" target=\"_blank\">projet \u00e9valuation des actions<\/a> \u00e0 compl\u00e9ter si votre projet est retenu<\/p>\n\n\n\n<p><\/p>\n<\/div><\/div>\n\n\n\n<div style=\"height:48px\" aria-hidden=\"true\" class=\"wp-block-spacer\"><\/div>\n\n\n\n<p class=\"has-medium-font-size\" style=\"font-style:normal;font-weight:800\"><br>Vos questions par mail : <a rel=\"noreferrer noopener\" href=\"mailto:subvention.cpam-doubs@assurance-maladie.fr\" target=\"_blank\">subvention.cpam-doubs@assurance-maladie.fr<\/a> <\/p>\n\n\n\n<p><\/p>\n\n\n\n<p><\/p>\n","protected":false},"excerpt":{"rendered":"<p>La CPAM du Doubs&nbsp; lance un appel \u00e0 projets \u00e0 destination des associations du d\u00e9partement &hellip; <\/p>\n","protected":false},"author":1,"featured_media":0,"parent":627,"menu_order":1,"comment_status":"closed","ping_status":"closed","template":"","meta":{"om_disable_all_campaigns":false,"_monsterinsights_skip_tracking":false,"_monsterinsights_sitenote_active":false,"_monsterinsights_sitenote_note":"","_monsterinsights_sitenote_category":0,"footnotes":""},"class_list":["post-631","page","type-page","status-publish","hentry"],"aioseo_notices":[],"jetpack_sharing_enabled":true,"_links":{"self":[{"href":"https:\/\/extranet.infocpam.fr\/partenaires\/wp-json\/wp\/v2\/pages\/631","targetHints":{"allow":["GET"]}}],"collection":[{"href":"https:\/\/extranet.infocpam.fr\/partenaires\/wp-json\/wp\/v2\/pages"}],"about":[{"href":"https:\/\/extranet.infocpam.fr\/partenaires\/wp-json\/wp\/v2\/types\/page"}],"author":[{"embeddable":true,"href":"https:\/\/extranet.infocpam.fr\/partenaires\/wp-json\/wp\/v2\/users\/1"}],"replies":[{"embeddable":true,"href":"https:\/\/extranet.infocpam.fr\/partenaires\/wp-json\/wp\/v2\/comments?post=631"}],"version-history":[{"count":37,"href":"https:\/\/extranet.infocpam.fr\/partenaires\/wp-json\/wp\/v2\/pages\/631\/revisions"}],"predecessor-version":[{"id":1765,"href":"https:\/\/extranet.infocpam.fr\/partenaires\/wp-json\/wp\/v2\/pages\/631\/revisions\/1765"}],"up":[{"embeddable":true,"href":"https:\/\/extranet.infocpam.fr\/partenaires\/wp-json\/wp\/v2\/pages\/627"}],"wp:attachment":[{"href":"https:\/\/extranet.infocpam.fr\/partenaires\/wp-json\/wp\/v2\/media?parent=631"}],"curies":[{"name":"wp","href":"https:\/\/api.w.org\/{rel}","templated":true}]}}