{"id":486,"date":"2021-06-10T10:27:04","date_gmt":"2021-06-10T08:27:04","guid":{"rendered":"https:\/\/extranet.infocpam.fr\/partenaires\/?page_id=486"},"modified":"2022-04-26T11:24:22","modified_gmt":"2022-04-26T09:24:22","slug":"appels-a-projets-2022","status":"publish","type":"page","link":"https:\/\/extranet.infocpam.fr\/partenaires\/prevention\/appels-a-projets\/appels-a-projets-2022\/","title":{"rendered":"Vos actions pr\u00e9vention 2022"},"content":{"rendered":"\n<h2 class=\"wp-block-heading\">La CPAM finance vos actions de pr\u00e9vention !<\/h2>\n\n\n\n<p>Afin d\u2019agir au plus proche des populations concern\u00e9es par les th\u00e9matiques de pr\u00e9vention, la CPAM du Doubs propose des financements aux partenaires locaux dans le cadre d\u2019appels \u00e0 projets.<\/p>\n\n\n\n<h2 class=\"wp-block-heading\">Les th\u00e9matiques retenues<br><\/h2>\n\n\n\n<p>Dans le cadre des appels \u00e0 projets, 6 sujets prioritaires ont \u00e9t\u00e9 retenus pour l\u2019ann\u00e9e 2022 :<\/p>\n\n\n\n<figure class=\"wp-block-table is-style-stripes\"><table><thead><tr><th>Th\u00e8me<\/th><th>Cahier des charges<\/th><th>Fiche projet<\/th><th>Date de remise<\/th><\/tr><\/thead><tbody><tr><td>1 &#8211; La pr\u00e9vention bucco-dentaire<\/td><td>\u00e9crire le projet \u00e0 Aurore ROY<\/td><td><\/td><td>avant le 15 mai par <a href=\"mailto:aurore.roy@assurance-maladie.fr,christelle.damien@assurance-maladie.fr\" data-type=\"mailto\" data-id=\"mailto:aurore.roy@assurance-maladie.fr,christelle.damien@assurance-maladie.fr\" target=\"_blank\" rel=\"noreferrer noopener\">mail<\/a> <\/td><\/tr><tr><td>2 &#8211; Le moi(s) sans tabac<\/td><td><\/td><td><a href=\"https:\/\/extranet.infocpam.fr\/partenaires\/wp-content\/uploads\/2022\/03\/fiche_projet_2022_-_mois_sans_tabac-remplissable.pdf\" target=\"_blank\" rel=\"noreferrer noopener\">\u00e0 remplir<\/a><\/td><td>avant le 15 mai par <a rel=\"noreferrer noopener\" href=\"mailto:aurore.roy@assurance-maladie.fr,christelle.damien@assurance-maladie.fr\" target=\"_blank\">mail<\/a><\/td><\/tr><tr><td>3 &#8211; La vaccination contre la grippe et la Covid-19<\/td><td><\/td><td><a rel=\"noreferrer noopener\" href=\"https:\/\/extranet.infocpam.fr\/partenaires\/wp-content\/uploads\/2022\/03\/1-form-annexe_2-fiche_projet-aap_jeunes.pdf\" target=\"_blank\"><\/a><a href=\"https:\/\/extranet.infocpam.fr\/partenaires\/wp-content\/uploads\/2022\/04\/2-form-fiche-projet-2021-actions-locales_v2.pdf\">formulaire de demande<\/a><\/td><td>avant le 30 mai par <a rel=\"noreferrer noopener\" href=\"mailto:aurore.roy@assurance-maladie.fr,christelle.damien@assurance-maladie.fr\" target=\"_blank\">mail<\/a><\/td><\/tr><tr><td>4 &#8211; Le d\u00e9pistage des cancers<\/td><td><\/td><td><a href=\"https:\/\/extranet.infocpam.fr\/partenaires\/wp-content\/uploads\/2022\/04\/2-form-fiche-projet-2021-actions-locales_v2.pdf\">formulaire de demande<\/a><\/td><td>avant le 15 mai par <a rel=\"noreferrer noopener\" href=\"mailto:aurore.roy@assurance-maladie.fr,christelle.damien@assurance-maladie.fr\" target=\"_blank\">mail<\/a><\/td><\/tr><tr><td>5 &#8211; La sant\u00e9 sexuelle : contraception, IST, VIH<\/td><td><\/td><td><a href=\"https:\/\/extranet.infocpam.fr\/partenaires\/wp-content\/uploads\/2022\/04\/2-form-fiche-projet-2021-actions-locales_v2.pdf\">formulaire de demande<\/a><\/td><td>avant le 15 mai par <a rel=\"noreferrer noopener\" href=\"mailto:ass25.cpam-doubs@assurance-maladie.fr\" target=\"_blank\">mail<\/a><\/td><\/tr><tr><td>6 &#8211; La mobilisation des jeunes, pour les jeunes<\/td><td><\/td><td><a href=\"https:\/\/extranet.infocpam.fr\/partenaires\/wp-content\/uploads\/2022\/03\/1-form-annexe_2-fiche_projet-aap_jeunes.pdf\" target=\"_blank\" rel=\"noreferrer noopener\">formulaire de demande<\/a><\/td><td>avant le 15 juin par <a rel=\"noreferrer noopener\" href=\"mailto:ass25.cpam-doubs@assurance-maladie.fr\" target=\"_blank\">mail<\/a><\/td><\/tr><\/tbody><\/table><\/figure>\n\n\n\n<p>Contact : <a href=\"https:\/\/extranet.infocpam.fr\/partenaires\/prevention\/\" data-type=\"page\" data-id=\"845\">service pr\u00e9vention &#8211; Aurore ROY &#8211; Christelle DAMIEN<\/a><\/p>\n\n\n\n<h2 class=\"wp-block-heading\">Revoir le webinaire de pr\u00e9sentation du 1er avril 2022 :<\/h2>\n\n\n\n<figure class=\"wp-block-embed is-type-video is-provider-youtube wp-block-embed-youtube wp-embed-aspect-16-9 wp-has-aspect-ratio\"><div class=\"wp-block-embed__wrapper\">\n<iframe loading=\"lazy\" title=\"Campagne d&#039;appels \u00e0 projet 2022\" width=\"1200\" height=\"675\" src=\"https:\/\/www.youtube.com\/embed\/yNlT7q6Uy3o?feature=oembed\" frameborder=\"0\" allow=\"accelerometer; autoplay; clipboard-write; encrypted-media; gyroscope; picture-in-picture\" allowfullscreen><\/iframe>\n<\/div><\/figure>\n","protected":false},"excerpt":{"rendered":"<p>La CPAM finance vos actions de pr\u00e9vention ! Afin d\u2019agir au plus proche des populations &hellip; <\/p>\n","protected":false},"author":1,"featured_media":1233,"parent":627,"menu_order":2,"comment_status":"closed","ping_status":"closed","template":"","meta":{"om_disable_all_campaigns":false,"_monsterinsights_skip_tracking":false,"_monsterinsights_sitenote_active":false,"_monsterinsights_sitenote_note":"","_monsterinsights_sitenote_category":0,"footnotes":""},"class_list":["post-486","page","type-page","status-publish","has-post-thumbnail","hentry"],"aioseo_notices":[],"jetpack_sharing_enabled":true,"_links":{"self":[{"href":"https:\/\/extranet.infocpam.fr\/partenaires\/wp-json\/wp\/v2\/pages\/486","targetHints":{"allow":["GET"]}}],"collection":[{"href":"https:\/\/extranet.infocpam.fr\/partenaires\/wp-json\/wp\/v2\/pages"}],"about":[{"href":"https:\/\/extranet.infocpam.fr\/partenaires\/wp-json\/wp\/v2\/types\/page"}],"author":[{"embeddable":true,"href":"https:\/\/extranet.infocpam.fr\/partenaires\/wp-json\/wp\/v2\/users\/1"}],"replies":[{"embeddable":true,"href":"https:\/\/extranet.infocpam.fr\/partenaires\/wp-json\/wp\/v2\/comments?post=486"}],"version-history":[{"count":34,"href":"https:\/\/extranet.infocpam.fr\/partenaires\/wp-json\/wp\/v2\/pages\/486\/revisions"}],"predecessor-version":[{"id":1448,"href":"https:\/\/extranet.infocpam.fr\/partenaires\/wp-json\/wp\/v2\/pages\/486\/revisions\/1448"}],"up":[{"embeddable":true,"href":"https:\/\/extranet.infocpam.fr\/partenaires\/wp-json\/wp\/v2\/pages\/627"}],"wp:featuredmedia":[{"embeddable":true,"href":"https:\/\/extranet.infocpam.fr\/partenaires\/wp-json\/wp\/v2\/media\/1233"}],"wp:attachment":[{"href":"https:\/\/extranet.infocpam.fr\/partenaires\/wp-json\/wp\/v2\/media?parent=486"}],"curies":[{"name":"wp","href":"https:\/\/api.w.org\/{rel}","templated":true}]}}