{"id":3851,"date":"2026-04-17T10:15:17","date_gmt":"2026-04-17T08:15:17","guid":{"rendered":"https:\/\/extranet.infocpam.fr\/partenaires\/?page_id=3851"},"modified":"2026-04-17T10:29:09","modified_gmt":"2026-04-17T08:29:09","slug":"appel-a-projets-2026-fnpeis","status":"publish","type":"page","link":"https:\/\/extranet.infocpam.fr\/partenaires\/appel-a-projets-2026-fnpeis\/","title":{"rendered":"Appel \u00e0 projets 2026 (FNPEIS)"},"content":{"rendered":"<div class=\"wp-block-image\">\n<figure class=\"aligncenter size-large is-resized\"><img loading=\"lazy\" decoding=\"async\" width=\"1024\" height=\"450\" src=\"https:\/\/extranet.infocpam.fr\/partenaires\/wp-content\/uploads\/2026\/01\/Logo-Appels-a-projets_Plan-de-travail-1-1024x450.png\" alt=\"\" class=\"wp-image-3748\" style=\"width:715px;height:auto\" srcset=\"https:\/\/extranet.infocpam.fr\/partenaires\/wp-content\/uploads\/2026\/01\/Logo-Appels-a-projets_Plan-de-travail-1-1024x450.png 1024w, https:\/\/extranet.infocpam.fr\/partenaires\/wp-content\/uploads\/2026\/01\/Logo-Appels-a-projets_Plan-de-travail-1-300x132.png 300w, https:\/\/extranet.infocpam.fr\/partenaires\/wp-content\/uploads\/2026\/01\/Logo-Appels-a-projets_Plan-de-travail-1-768x337.png 768w, https:\/\/extranet.infocpam.fr\/partenaires\/wp-content\/uploads\/2026\/01\/Logo-Appels-a-projets_Plan-de-travail-1-500x220.png 500w, https:\/\/extranet.infocpam.fr\/partenaires\/wp-content\/uploads\/2026\/01\/Logo-Appels-a-projets_Plan-de-travail-1-655x288.png 655w, https:\/\/extranet.infocpam.fr\/partenaires\/wp-content\/uploads\/2026\/01\/Logo-Appels-a-projets_Plan-de-travail-1.png 1214w\" sizes=\"auto, (max-width: 1024px) 100vw, 1024px\" \/><\/figure>\n<\/div>\n\n\n<p><strong>L\u2019Assurance Maladie du Doubs annonce le lancement de l&rsquo;appel \u00e0 projets 2026 destin\u00e9s \u00e0 encourager les initiatives locales visant \u00e0 am\u00e9liorer et \u00e0 pr\u00e9server la sant\u00e9 des usagers du d\u00e9partement.<\/strong><\/p>\n\n\n\n<h2 class=\"wp-block-heading\">1. <strong>Appel \u00e0 Projets pr\u00e9vention (FNPEIS<sup>1<\/sup>)<\/strong><\/h2>\n\n\n\n<p>Dans le cadre de sa politique de pr\u00e9vention, la CPAM du Doubs souhaite soutenir les partenaires locaux investis aupr\u00e8s des assur\u00e9s pour r\u00e9aliser <strong>des actions de pr\u00e9vention, d\u2019\u00e9ducation et de promotion de la sant\u00e9 <\/strong>en lien avec le champ d\u2019intervention de l\u2019Assurance Maladie.<\/p>\n\n\n\n<p>Un appel \u00e0 projets est propos\u00e9 aux partenaires locaux autour <strong>de six th\u00e9matiques :&nbsp;<\/strong><\/p>\n\n\n\n<p><strong>\u00a0Actions locales \u00ab\u00a0classiques\u00a0\u00bb<\/strong><\/p>\n\n\n\n<ul class=\"wp-block-list\">\n<li>\ud83c\udf97\ufe0f Les d\u00e9pistages organis\u00e9s des cancers (sein, col de l\u2019ut\u00e9rus, colorectal)<\/li>\n\n\n\n<li>\ud83d\udc95 La sant\u00e9 sexuelle (contraception et pr\u00e9vention des IST et du VIH)<\/li>\n\n\n\n<li>\ud83d\udc89 La vaccination contre la grippe et la COVID-19 \u00a0<\/li>\n<\/ul>\n\n\n\n<p><strong>Actions locales \u00ab\u00a0innovantes\u00a0\u00bb<\/strong><\/p>\n\n\n\n<ul class=\"wp-block-list\">\n<li>\ud83d\udc89 Vaccinations autres que la grippe et la Covid-19<\/li>\n\n\n\n<li>\ud83c\udf4e Nutrition \u2013 Activit\u00e9 Physique<\/li>\n\n\n\n<li>\ud83c\udf33 Sant\u00e9 environnementale<\/li>\n<\/ul>\n\n\n\n<div class=\"wp-block-buttons is-content-justification-center is-layout-flex wp-container-core-buttons-is-layout-16018d1d wp-block-buttons-is-layout-flex\">\n<div class=\"wp-block-button\"><a class=\"wp-block-button__link has-background wp-element-button\" href=\"https:\/\/extranet.infocpam.fr\/partenaires\/wp-content\/uploads\/2026\/04\/AAP-FNPEIS-2026.docx\" style=\"background-color:#b9368f\" target=\"_blank\" rel=\"noreferrer noopener\">T\u00e9l\u00e9chargez le document de pr\u00e9sentation <\/a><\/div>\n<\/div>\n\n\n\n<h3 class=\"wp-block-heading\">Modalit\u00e9s de d\u00e9p\u00f4t des dossiers :<\/h3>\n\n\n\n<p>D\u00e9couvrez <strong>les dates \u00e0 retenir <\/strong>pour les demandes d&rsquo;appels \u00e0 projets Pr\u00e9vention :<\/p>\n\n\n\n<figure class=\"wp-block-image size-large is-resized\"><img loading=\"lazy\" decoding=\"async\" width=\"1024\" height=\"335\" src=\"https:\/\/extranet.infocpam.fr\/partenaires\/wp-content\/uploads\/2026\/04\/Frises-dates-1-1024x335.png\" alt=\"\" class=\"wp-image-3854\" style=\"width:866px;height:auto\" srcset=\"https:\/\/extranet.infocpam.fr\/partenaires\/wp-content\/uploads\/2026\/04\/Frises-dates-1-1024x335.png 1024w, https:\/\/extranet.infocpam.fr\/partenaires\/wp-content\/uploads\/2026\/04\/Frises-dates-1-300x98.png 300w, https:\/\/extranet.infocpam.fr\/partenaires\/wp-content\/uploads\/2026\/04\/Frises-dates-1-768x251.png 768w, https:\/\/extranet.infocpam.fr\/partenaires\/wp-content\/uploads\/2026\/04\/Frises-dates-1-1536x502.png 1536w, https:\/\/extranet.infocpam.fr\/partenaires\/wp-content\/uploads\/2026\/04\/Frises-dates-1-2048x670.png 2048w, https:\/\/extranet.infocpam.fr\/partenaires\/wp-content\/uploads\/2026\/04\/Frises-dates-1-500x163.png 500w, https:\/\/extranet.infocpam.fr\/partenaires\/wp-content\/uploads\/2026\/04\/Frises-dates-1-655x214.png 655w\" sizes=\"auto, (max-width: 1024px) 100vw, 1024px\" \/><\/figure>\n\n\n\n<p>Les structures souhaitant r\u00e9pondre aux appels \u00e0 projets sont invit\u00e9es \u00e0 d\u00e9poser leur candidature exclusivement en ligne sur le site <strong>\u00ab mes d\u00e9marches simplifi\u00e9es \u00bb<\/strong>.<\/p>\n\n\n\n<p><strong>Pour le 30\/05\/2026<\/strong> au plus tard, pour les projets d\u00e9pos\u00e9s dans le cadre de l\u2019Appel \u00e0 projets Pr\u00e9vention.<\/p>\n\n\n\n<div class=\"wp-block-buttons is-content-justification-center is-layout-flex wp-container-core-buttons-is-layout-16018d1d wp-block-buttons-is-layout-flex\">\n<div class=\"wp-block-button\"><a class=\"wp-block-button__link has-background wp-element-button\" href=\"https:\/\/demarche.numerique.gouv.fr\/commencer\/cpam-du-doubs-appel-a-projets-prevention-2026\" style=\"background-color:#b9368f\" target=\"_blank\" rel=\"noreferrer noopener\">Candidatez directement en ligne sur \u00ab\u00a0mes d\u00e9marches simplifi\u00e9es\u00a0\u00bb<\/a><\/div>\n<\/div>\n\n\n\n<hr class=\"wp-block-separator has-alpha-channel-opacity is-style-default\"\/>\n\n\n\n<p><strong>Voici les pi\u00e8ces constitutives du dossier, \u00e0 t\u00e9l\u00e9charger :<\/strong><\/p>\n\n\n\n<ul class=\"wp-block-list\">\n<li><a href=\"https:\/\/extranet.infocpam.fr\/partenaires\/wp-content\/uploads\/2026\/04\/Fiche-projet-2026-Actions-locales.docx\" title=\"\">Fiches projets 2026 Actions locales<\/a><\/li>\n\n\n\n<li><a href=\"https:\/\/extranet.infocpam.fr\/partenaires\/wp-content\/uploads\/2026\/04\/CdC-2026-Depistage-organise-des-cancers.docx\" title=\"\">Cahier des charges &#8211; D\u00e9pistage organis\u00e9 des cancers<\/a><\/li>\n\n\n\n<li><a href=\"https:\/\/extranet.infocpam.fr\/partenaires\/wp-content\/uploads\/2026\/04\/CdC-2026-Sante-sexuelle.docx\" title=\"\">Cahier des charges &#8211; Sant\u00e9 sexuelle<\/a><\/li>\n\n\n\n<li><a href=\"https:\/\/extranet.infocpam.fr\/partenaires\/wp-content\/uploads\/2026\/04\/CdC-2026-Vaccination-contre-la-grippe-et-le-Covid-19.docx\" title=\"\">Cahier des charges &#8211; Vaccination contre la grippe et le Covid-19<\/a><\/li>\n\n\n\n<li><a href=\"https:\/\/extranet.infocpam.fr\/partenaires\/wp-content\/uploads\/2026\/04\/CdC-2026-Vaccinations-autres-que-grippe-Covid-19-et-HPV.docx\" title=\"\">Cahier des charges &#8211; Vaccination autre que la grippe et le Covid-19<\/a><\/li>\n\n\n\n<li><a href=\"https:\/\/extranet.infocpam.fr\/partenaires\/wp-content\/uploads\/2026\/04\/CdC-2026-Nutrition.docx\" title=\"\">Cahier des charges &#8211; Nutrition<\/a><\/li>\n\n\n\n<li><a href=\"https:\/\/extranet.infocpam.fr\/partenaires\/wp-content\/uploads\/2026\/04\/CdC-2026-Sante-environnementale.docx\" title=\"\">Cahier des charges &#8211; Sant\u00e9 environnementale<\/a><\/li>\n<\/ul>\n\n\n\n<hr class=\"wp-block-separator has-alpha-channel-opacity\"\/>\n\n\n\n<h2 class=\"wp-block-heading\">Webinaire d&rsquo;informations<\/h2>\n\n\n\n<figure class=\"wp-block-image size-large\"><img loading=\"lazy\" decoding=\"async\" width=\"1024\" height=\"321\" src=\"https:\/\/extranet.infocpam.fr\/partenaires\/wp-content\/uploads\/2026\/04\/webinaire-28.04-1024x321.png\" alt=\"\" class=\"wp-image-3862\" srcset=\"https:\/\/extranet.infocpam.fr\/partenaires\/wp-content\/uploads\/2026\/04\/webinaire-28.04-1024x321.png 1024w, https:\/\/extranet.infocpam.fr\/partenaires\/wp-content\/uploads\/2026\/04\/webinaire-28.04-300x94.png 300w, https:\/\/extranet.infocpam.fr\/partenaires\/wp-content\/uploads\/2026\/04\/webinaire-28.04-768x241.png 768w, https:\/\/extranet.infocpam.fr\/partenaires\/wp-content\/uploads\/2026\/04\/webinaire-28.04-500x157.png 500w, https:\/\/extranet.infocpam.fr\/partenaires\/wp-content\/uploads\/2026\/04\/webinaire-28.04-655x205.png 655w, https:\/\/extranet.infocpam.fr\/partenaires\/wp-content\/uploads\/2026\/04\/webinaire-28.04.png 1334w\" sizes=\"auto, (max-width: 1024px) 100vw, 1024px\" \/><\/figure>\n\n\n\n<p>Afin de vous pr\u00e9senter cet appel \u00e0 projets,\u00a0<strong>un webinaire sera organis\u00e9 le mardi 28 avril 2026, \u00e0 13h<\/strong>.<\/p>\n\n\n\n<p><a href=\"https:\/\/assurance-maladie-fr-cpam-doubs.zoom.us\/webinar\/register\/WN_cNRFIa4fRTKHzseAlRlmbA#\/registration\" target=\"_blank\" rel=\"noopener\" title=\"\"><strong>Inscrivez-vous en cliquant ici.<\/strong><\/a><\/p>\n\n\n\n<p><\/p>\n\n\n\n<p><sup><em>1<\/em><\/sup><em><em>FNPEIS : Fonds National de Pr\u00e9vention, d\u2019\u00c9ducation et d\u2019Information Sanitaire<\/em><\/em><\/p>\n\n\n\n<p><\/p>\n","protected":false},"excerpt":{"rendered":"<p>L\u2019Assurance Maladie du Doubs annonce le lancement de l&rsquo;appel \u00e0 projets 2026 destin\u00e9s \u00e0 encourager &hellip; <\/p>\n","protected":false},"author":1,"featured_media":0,"parent":0,"menu_order":0,"comment_status":"closed","ping_status":"closed","template":"","meta":{"om_disable_all_campaigns":false,"_monsterinsights_skip_tracking":false,"_monsterinsights_sitenote_active":false,"_monsterinsights_sitenote_note":"","_monsterinsights_sitenote_category":0,"footnotes":""},"class_list":["post-3851","page","type-page","status-publish","hentry"],"aioseo_notices":[],"jetpack_sharing_enabled":true,"_links":{"self":[{"href":"https:\/\/extranet.infocpam.fr\/partenaires\/wp-json\/wp\/v2\/pages\/3851","targetHints":{"allow":["GET"]}}],"collection":[{"href":"https:\/\/extranet.infocpam.fr\/partenaires\/wp-json\/wp\/v2\/pages"}],"about":[{"href":"https:\/\/extranet.infocpam.fr\/partenaires\/wp-json\/wp\/v2\/types\/page"}],"author":[{"embeddable":true,"href":"https:\/\/extranet.infocpam.fr\/partenaires\/wp-json\/wp\/v2\/users\/1"}],"replies":[{"embeddable":true,"href":"https:\/\/extranet.infocpam.fr\/partenaires\/wp-json\/wp\/v2\/comments?post=3851"}],"version-history":[{"count":2,"href":"https:\/\/extranet.infocpam.fr\/partenaires\/wp-json\/wp\/v2\/pages\/3851\/revisions"}],"predecessor-version":[{"id":3866,"href":"https:\/\/extranet.infocpam.fr\/partenaires\/wp-json\/wp\/v2\/pages\/3851\/revisions\/3866"}],"wp:attachment":[{"href":"https:\/\/extranet.infocpam.fr\/partenaires\/wp-json\/wp\/v2\/media?parent=3851"}],"curies":[{"name":"wp","href":"https:\/\/api.w.org\/{rel}","templated":true}]}}