{"id":3716,"date":"2026-01-22T10:33:52","date_gmt":"2026-01-22T09:33:52","guid":{"rendered":"https:\/\/extranet.infocpam.fr\/partenaires\/?page_id=3716"},"modified":"2026-03-11T15:45:07","modified_gmt":"2026-03-11T14:45:07","slug":"appels-a-projets-2026","status":"publish","type":"page","link":"https:\/\/extranet.infocpam.fr\/partenaires\/appels-a-projets-2026\/","title":{"rendered":"Appel \u00e0 projets 2026"},"content":{"rendered":"<div class=\"wp-block-image\">\n<figure class=\"aligncenter size-large is-resized\"><img loading=\"lazy\" decoding=\"async\" width=\"1024\" height=\"450\" src=\"https:\/\/extranet.infocpam.fr\/partenaires\/wp-content\/uploads\/2026\/01\/Logo-Appels-a-projets_Plan-de-travail-1-1024x450.png\" alt=\"\" class=\"wp-image-3748\" style=\"width:715px;height:auto\" srcset=\"https:\/\/extranet.infocpam.fr\/partenaires\/wp-content\/uploads\/2026\/01\/Logo-Appels-a-projets_Plan-de-travail-1-1024x450.png 1024w, https:\/\/extranet.infocpam.fr\/partenaires\/wp-content\/uploads\/2026\/01\/Logo-Appels-a-projets_Plan-de-travail-1-300x132.png 300w, https:\/\/extranet.infocpam.fr\/partenaires\/wp-content\/uploads\/2026\/01\/Logo-Appels-a-projets_Plan-de-travail-1-768x337.png 768w, https:\/\/extranet.infocpam.fr\/partenaires\/wp-content\/uploads\/2026\/01\/Logo-Appels-a-projets_Plan-de-travail-1-500x220.png 500w, https:\/\/extranet.infocpam.fr\/partenaires\/wp-content\/uploads\/2026\/01\/Logo-Appels-a-projets_Plan-de-travail-1-655x288.png 655w, https:\/\/extranet.infocpam.fr\/partenaires\/wp-content\/uploads\/2026\/01\/Logo-Appels-a-projets_Plan-de-travail-1.png 1214w\" sizes=\"auto, (max-width: 1024px) 100vw, 1024px\" \/><\/figure>\n<\/div>\n\n\n<p><strong>L\u2019Assurance Maladie du Doubs annonce le lancement de l&rsquo;appel \u00e0 projets 2026 destin\u00e9s \u00e0 encourager les initiatives locales visant \u00e0 am\u00e9liorer et \u00e0 pr\u00e9server la sant\u00e9 des usagers du d\u00e9partement.<\/strong><\/p>\n\n\n\n<h2 class=\"wp-block-heading\">1. <strong>Appel \u00e0 Projets au titre de l\u2019Action Sanitaire et Sociale (FNASS<sup>1<\/sup>)<\/strong><\/h2>\n\n\n\n<p>En tant qu\u2019acteur majeur de la protection sociale, la CPAM du Doubs s\u2019engage <strong>\u00e0 prot\u00e9ger et \u00e0 am\u00e9liorer durablement la sant\u00e9 de tous<\/strong>. Sa politique d\u2019action sanitaire et sociale vise \u00e0 soutenir les associations et structures qui travaillent avec les populations vuln\u00e9rables et qui s\u2019alignent sur les objectifs de sant\u00e9 publique.&nbsp;<\/p>\n\n\n\n<p>Pour 2026, les th\u00e9matiques retenues seront les suivantes&nbsp;:&nbsp; &nbsp;<\/p>\n\n\n\n<ul class=\"wp-block-list\">\n<li>\ud83e\udde0 La sant\u00e9 mentale<\/li>\n\n\n\n<li>\ud83c\udf97 Les aides aux personnes souffrant de pathologies lourdes et les personnes en situation de handicap, ainsi que leur proches aidants<\/li>\n\n\n\n<li>\ud83d\udeb4\u200d\u2640\ufe0f Le sport-sant\u00e9<\/li>\n\n\n\n<li>\ud83d\udc95 L&rsquo;accompagnement vers l&#8217;emploi des personnes en situation de fragilit\u00e9 de sant\u00e9 ou situation de handicap<\/li>\n<\/ul>\n\n\n\n<div class=\"wp-block-buttons is-content-justification-center is-layout-flex wp-container-core-buttons-is-layout-16018d1d wp-block-buttons-is-layout-flex\">\n<div class=\"wp-block-button\"><a class=\"wp-block-button__link has-background wp-element-button\" href=\"https:\/\/extranet.infocpam.fr\/partenaires\/wp-content\/uploads\/2026\/01\/AAP-FNASS-2026.docx\" style=\"background-color:#b9368f\" target=\"_blank\" rel=\"noreferrer noopener\">T\u00e9l\u00e9chargez le document de pr\u00e9sentation <\/a><\/div>\n<\/div>\n\n\n\n<h3 class=\"wp-block-heading\">Modalit\u00e9s de d\u00e9p\u00f4t des dossiers :<\/h3>\n\n\n\n<p>D\u00e9couvrez <strong>les dates \u00e0 retenir <\/strong>pour les demandes d&rsquo;appels \u00e0 projets Action sanitaire et sociale :<\/p>\n\n\n\n<figure class=\"wp-block-image size-large is-resized\"><img loading=\"lazy\" decoding=\"async\" width=\"1024\" height=\"481\" src=\"https:\/\/extranet.infocpam.fr\/partenaires\/wp-content\/uploads\/2026\/01\/Logo-Frises-Appels-a-projets-03-1024x481.png\" alt=\"\" class=\"wp-image-3742\" style=\"width:866px;height:auto\" srcset=\"https:\/\/extranet.infocpam.fr\/partenaires\/wp-content\/uploads\/2026\/01\/Logo-Frises-Appels-a-projets-03-1024x481.png 1024w, https:\/\/extranet.infocpam.fr\/partenaires\/wp-content\/uploads\/2026\/01\/Logo-Frises-Appels-a-projets-03-300x141.png 300w, https:\/\/extranet.infocpam.fr\/partenaires\/wp-content\/uploads\/2026\/01\/Logo-Frises-Appels-a-projets-03-768x361.png 768w, https:\/\/extranet.infocpam.fr\/partenaires\/wp-content\/uploads\/2026\/01\/Logo-Frises-Appels-a-projets-03-1536x722.png 1536w, https:\/\/extranet.infocpam.fr\/partenaires\/wp-content\/uploads\/2026\/01\/Logo-Frises-Appels-a-projets-03-500x235.png 500w, https:\/\/extranet.infocpam.fr\/partenaires\/wp-content\/uploads\/2026\/01\/Logo-Frises-Appels-a-projets-03-655x308.png 655w, https:\/\/extranet.infocpam.fr\/partenaires\/wp-content\/uploads\/2026\/01\/Logo-Frises-Appels-a-projets-03.png 1777w\" sizes=\"auto, (max-width: 1024px) 100vw, 1024px\" \/><\/figure>\n\n\n\n<p>Les structures souhaitant r\u00e9pondre aux appels \u00e0 projets sont invit\u00e9es \u00e0 d\u00e9poser leur candidature exclusivement en ligne sur le site <strong>\u00ab mes d\u00e9marches simplifi\u00e9es \u00bb<\/strong>.<\/p>\n\n\n\n<p><strong>Pour le 30\/04\/2026<\/strong> au plus tard, pour les projets d\u00e9pos\u00e9s dans le cadre de l\u2019AAP au titre de l\u2019Action Sanitaire et Sociale.<\/p>\n\n\n\n<div class=\"wp-block-buttons is-content-justification-center is-layout-flex wp-container-core-buttons-is-layout-16018d1d wp-block-buttons-is-layout-flex\">\n<div class=\"wp-block-button\"><a class=\"wp-block-button__link has-background wp-element-button\" href=\"https:\/\/demarche.numerique.gouv.fr\/commencer\/cpam-du-doubs-aap-ass-2026\" style=\"background-color:#b9368f\" target=\"_blank\" rel=\"noreferrer noopener\">Candidatez directement en ligne sur \u00ab\u00a0mes d\u00e9marches simplifi\u00e9es\u00a0\u00bb<\/a><\/div>\n<\/div>\n\n\n\n<hr class=\"wp-block-separator has-alpha-channel-opacity is-style-default\"\/>\n\n\n\n<p><strong>Voici les pi\u00e8ces constitutives du dossier, \u00e0 t\u00e9l\u00e9charger :<\/strong><\/p>\n\n\n\n<div class=\"wp-block-group is-vertical is-content-justification-center is-layout-flex wp-container-core-group-is-layout-4b2eccd6 wp-block-group-is-layout-flex\">\n<div class=\"wp-block-group is-nowrap is-layout-flex wp-container-core-group-is-layout-ad2f72ca wp-block-group-is-layout-flex\" style=\"font-size:16px\">\n<div class=\"wp-block-group is-content-justification-center is-nowrap is-layout-flex wp-container-core-group-is-layout-94bc23d7 wp-block-group-is-layout-flex\">\n<div class=\"wp-block-buttons is-content-justification-right is-layout-flex wp-container-core-buttons-is-layout-765c4724 wp-block-buttons-is-layout-flex\">\n<div class=\"wp-block-button\"><a class=\"wp-block-button__link has-background wp-element-button\" href=\"https:\/\/extranet.infocpam.fr\/partenaires\/wp-content\/uploads\/2026\/01\/AAP_ASS_2026_Budgetproj.docx\" style=\"background-color:#b9368f\" target=\"_blank\" rel=\"noreferrer noopener\">T\u00e9l\u00e9chargez le document<br>Budget du projet &#8211; AAP_ASS_2026<\/a><\/div>\n<\/div>\n\n\n\n<div class=\"wp-block-buttons is-content-justification-left is-layout-flex wp-container-core-buttons-is-layout-fdcfc74e wp-block-buttons-is-layout-flex\">\n<div class=\"wp-block-button\"><a class=\"wp-block-button__link has-background wp-element-button\" href=\"https:\/\/extranet.infocpam.fr\/partenaires\/wp-content\/uploads\/2026\/01\/AAP_ASS_2026_Budgetprev.docx\" style=\"background-color:#b9368f\" target=\"_blank\" rel=\"noreferrer noopener\">T\u00e9l\u00e9chargez le document<br>Budget pr\u00e9visionnel &#8211; AAP_ASS_2026<\/a><\/div>\n<\/div>\n<\/div>\n<\/div>\n<\/div>\n\n\n\n<hr class=\"wp-block-separator has-alpha-channel-opacity\"\/>\n\n\n\n<h2 class=\"wp-block-heading\">Webinaire d&rsquo;informations<\/h2>\n\n\n\n<figure class=\"wp-block-image size-large\"><img loading=\"lazy\" decoding=\"async\" width=\"1024\" height=\"320\" src=\"https:\/\/extranet.infocpam.fr\/partenaires\/wp-content\/uploads\/2026\/01\/webinaire-06.03-1024x320.png\" alt=\"\" class=\"wp-image-3747\" srcset=\"https:\/\/extranet.infocpam.fr\/partenaires\/wp-content\/uploads\/2026\/01\/webinaire-06.03-1024x320.png 1024w, https:\/\/extranet.infocpam.fr\/partenaires\/wp-content\/uploads\/2026\/01\/webinaire-06.03-300x94.png 300w, https:\/\/extranet.infocpam.fr\/partenaires\/wp-content\/uploads\/2026\/01\/webinaire-06.03-768x240.png 768w, https:\/\/extranet.infocpam.fr\/partenaires\/wp-content\/uploads\/2026\/01\/webinaire-06.03-500x156.png 500w, https:\/\/extranet.infocpam.fr\/partenaires\/wp-content\/uploads\/2026\/01\/webinaire-06.03-655x205.png 655w, https:\/\/extranet.infocpam.fr\/partenaires\/wp-content\/uploads\/2026\/01\/webinaire-06.03.png 1336w\" sizes=\"auto, (max-width: 1024px) 100vw, 1024px\" \/><\/figure>\n\n\n\n<p>Afin de vous pr\u00e9senter cet appel \u00e0 projets,&nbsp;<strong>un webinaire a \u00e9t\u00e9 organis\u00e9 le vendredi <\/strong>6 mars 2026<\/p>\n\n\n\n<p>D\u00e9couvrez ci-dessous le support diaporama :<\/p>\n\n\n\n<p><a href=\"https:\/\/extranet.infocpam.fr\/partenaires\/wp-content\/uploads\/2026\/03\/Appel-a-Projets-2026-FNASS.pdf\" target=\"_blank\" rel=\"noopener\" title=\"\">Support diaporama<\/a><\/p>\n\n\n\n<p><\/p>\n\n\n\n<p><em>\u00b9 FNASS : Fonds National Action Sanitaire Sociale<\/em><\/p>\n\n\n\n<p><\/p>\n","protected":false},"excerpt":{"rendered":"<p>L\u2019Assurance Maladie du Doubs annonce le lancement de l&rsquo;appel \u00e0 projets 2026 destin\u00e9s \u00e0 encourager &hellip; <\/p>\n","protected":false},"author":1,"featured_media":0,"parent":0,"menu_order":0,"comment_status":"closed","ping_status":"closed","template":"","meta":{"om_disable_all_campaigns":false,"_monsterinsights_skip_tracking":false,"_monsterinsights_sitenote_active":false,"_monsterinsights_sitenote_note":"","_monsterinsights_sitenote_category":0,"footnotes":""},"class_list":["post-3716","page","type-page","status-publish","hentry"],"aioseo_notices":[],"jetpack_sharing_enabled":true,"_links":{"self":[{"href":"https:\/\/extranet.infocpam.fr\/partenaires\/wp-json\/wp\/v2\/pages\/3716","targetHints":{"allow":["GET"]}}],"collection":[{"href":"https:\/\/extranet.infocpam.fr\/partenaires\/wp-json\/wp\/v2\/pages"}],"about":[{"href":"https:\/\/extranet.infocpam.fr\/partenaires\/wp-json\/wp\/v2\/types\/page"}],"author":[{"embeddable":true,"href":"https:\/\/extranet.infocpam.fr\/partenaires\/wp-json\/wp\/v2\/users\/1"}],"replies":[{"embeddable":true,"href":"https:\/\/extranet.infocpam.fr\/partenaires\/wp-json\/wp\/v2\/comments?post=3716"}],"version-history":[{"count":14,"href":"https:\/\/extranet.infocpam.fr\/partenaires\/wp-json\/wp\/v2\/pages\/3716\/revisions"}],"predecessor-version":[{"id":3781,"href":"https:\/\/extranet.infocpam.fr\/partenaires\/wp-json\/wp\/v2\/pages\/3716\/revisions\/3781"}],"wp:attachment":[{"href":"https:\/\/extranet.infocpam.fr\/partenaires\/wp-json\/wp\/v2\/media?parent=3716"}],"curies":[{"name":"wp","href":"https:\/\/api.w.org\/{rel}","templated":true}]}}