{"id":3376,"date":"2025-07-02T15:25:28","date_gmt":"2025-07-02T13:25:28","guid":{"rendered":"https:\/\/extranet.infocpam.fr\/partenaires\/?page_id=3376"},"modified":"2025-07-23T15:53:30","modified_gmt":"2025-07-23T13:53:30","slug":"appels-a-projets-flca-2025","status":"publish","type":"page","link":"https:\/\/extranet.infocpam.fr\/partenaires\/appels-a-projets-flca-2025\/","title":{"rendered":"Appel \u00e0 projet FLCA 2025"},"content":{"rendered":"<div class=\"wp-block-image\">\n<figure class=\"aligncenter size-large is-resized\"><img loading=\"lazy\" decoding=\"async\" width=\"1024\" height=\"320\" src=\"https:\/\/extranet.infocpam.fr\/partenaires\/wp-content\/uploads\/2025\/07\/Logo-Appela\u0300-projets_Plan-de-travail-1-1024x320.png\" alt=\"\" class=\"wp-image-3423\" style=\"width:715px;height:auto\" srcset=\"https:\/\/extranet.infocpam.fr\/partenaires\/wp-content\/uploads\/2025\/07\/Logo-Appela\u0300-projets_Plan-de-travail-1-1024x320.png 1024w, https:\/\/extranet.infocpam.fr\/partenaires\/wp-content\/uploads\/2025\/07\/Logo-Appela\u0300-projets_Plan-de-travail-1-300x94.png 300w, https:\/\/extranet.infocpam.fr\/partenaires\/wp-content\/uploads\/2025\/07\/Logo-Appela\u0300-projets_Plan-de-travail-1-768x240.png 768w, https:\/\/extranet.infocpam.fr\/partenaires\/wp-content\/uploads\/2025\/07\/Logo-Appela\u0300-projets_Plan-de-travail-1-1536x480.png 1536w, https:\/\/extranet.infocpam.fr\/partenaires\/wp-content\/uploads\/2025\/07\/Logo-Appela\u0300-projets_Plan-de-travail-1-2048x640.png 2048w, https:\/\/extranet.infocpam.fr\/partenaires\/wp-content\/uploads\/2025\/07\/Logo-Appela\u0300-projets_Plan-de-travail-1-500x156.png 500w, https:\/\/extranet.infocpam.fr\/partenaires\/wp-content\/uploads\/2025\/07\/Logo-Appela\u0300-projets_Plan-de-travail-1-655x205.png 655w\" sizes=\"auto, (max-width: 1024px) 100vw, 1024px\" \/><\/figure>\n<\/div>\n\n\n<p><strong>L\u2019Assurance Maladie du Doubs annonce le lancement de l&rsquo;appels \u00e0 projets FLCA 2025 destin\u00e9s \u00e0 encourager les initiatives locales visant \u00e0 am\u00e9liorer et \u00e0 pr\u00e9server la sant\u00e9 des usagers du d\u00e9partement autour <strong>de la th\u00e9matique Mois Sans Tabac<\/strong>.<\/strong><\/p>\n\n\n\n<h2 class=\"wp-block-heading\">1. <strong>Appel \u00e0 Projets au titre de la Pr\u00e9vention FLCA<sup>1<\/sup><\/strong><\/h2>\n\n\n\n<p>La pr\u00e9vention et la lutte contre le tabagisme restent des priorit\u00e9s majeures de sant\u00e9 publique, au vu des cons\u00e9quences sanitaires de celui-ci. Responsable d\u2019environ <strong>75 000 d\u00e9c\u00e8s par an en France<\/strong>, le tabagisme aurait, d\u2019apr\u00e8s les estimations de l\u2019Observatoire Fran\u00e7ais des Drogues et des Tendances addictives (OFDT), <strong>un co\u00fbt social annuel de 156 milliards d\u2019euros<\/strong>.<\/p>\n\n\n\n<p>Le <strong>Fonds de Lutte Contre les Addictions (FLCA)<\/strong>, \u00e0 l\u2019origine Fonds de lutte contre le Tabac, a \u00e9tendu son champ d\u2019intervention depuis 2019. N\u00e9anmoins, la lutte contre le tabac y conserve une place majeure, en coh\u00e9rence avec la <strong>SIMCA <\/strong>(Strat\u00e9gie Interminist\u00e9rielle de lutte contre les Conduites Addictives) et le <strong>PNLT <\/strong>(Plan National de Lutte contre le Tabagisme).<\/p>\n\n\n\n<div class=\"wp-block-buttons is-content-justification-center is-layout-flex wp-container-core-buttons-is-layout-16018d1d wp-block-buttons-is-layout-flex\">\n<div class=\"wp-block-button\"><a class=\"wp-block-button__link has-background wp-element-button\" href=\"https:\/\/extranet.infocpam.fr\/partenaires\/wp-content\/uploads\/2025\/07\/Presentation-AAP-FLCA-1.docx\" style=\"background-color:#b9368f\">T\u00e9l\u00e9chargez le document de pr\u00e9sentation <\/a><\/div>\n<\/div>\n\n\n\n<h3 class=\"wp-block-heading\">Modalit\u00e9s de d\u00e9p\u00f4t des dossiers :<\/h3>\n\n\n\n<p>Les structures souhaitant r\u00e9pondre aux appels \u00e0 projets sont invit\u00e9es \u00e0 d\u00e9poser leur candidature exclusivement en ligne sur le site <strong>\u00ab mes d\u00e9marches simplifi\u00e9es \u00bb<\/strong><\/p>\n\n\n\n<p>\ud83d\udcc5 <strong>Pour le 31\/07\/2025<\/strong> au plus tard, pour les projets d\u00e9pos\u00e9e dans le cadre de l\u2019AAP pr\u00e9vention.<\/p>\n\n\n\n<p><em>Pour les centres de sant\u00e9 (CDS) et les maisons de sant\u00e9 pluriprofessionnelles (MSP) : <\/em><\/p>\n\n\n\n<ul class=\"wp-block-list\">\n<li>Dans le cadre de votre accord conventionnel, le double financement ne sera pas possible sur une mission de sant\u00e9 publique d\u00e9clar\u00e9e avec une th\u00e9matique similaire \u00e0 votre projet.<\/li>\n\n\n\n<li>Le public vis\u00e9 par le projet doit aller au-del\u00e0 de la patient\u00e8le de la MSP ou du CDS.<\/li>\n<\/ul>\n\n\n\n<div class=\"wp-block-buttons is-content-justification-center is-layout-flex wp-container-core-buttons-is-layout-16018d1d wp-block-buttons-is-layout-flex\">\n<div class=\"wp-block-button\"><a class=\"wp-block-button__link has-background wp-element-button\" href=\"https:\/\/demarches.numerique.gouv.fr\/commencer\/cpam-du-doubs-appel-a-projets-prevention-2025-flca\" style=\"background-color:#b9368f\" target=\"_blank\" rel=\"noreferrer noopener\">D\u00e9posez votre candidature ici<\/a><\/div>\n<\/div>\n\n\n\n<hr class=\"wp-block-separator has-alpha-channel-opacity\"\/>\n\n\n\n<p><strong>Voici les pi\u00e8ces constitutives du dossier, \u00e0 t\u00e9l\u00e9charger :<\/strong><\/p>\n\n\n\n<div class=\"wp-block-group is-vertical is-content-justification-center is-layout-flex wp-container-core-group-is-layout-4b2eccd6 wp-block-group-is-layout-flex\">\n<div class=\"wp-block-group is-nowrap is-layout-flex wp-container-core-group-is-layout-ad2f72ca wp-block-group-is-layout-flex\">\n<div class=\"wp-block-group is-nowrap is-layout-flex wp-container-core-group-is-layout-ad2f72ca wp-block-group-is-layout-flex\">\n<div class=\"wp-block-buttons is-content-justification-center is-layout-flex wp-container-core-buttons-is-layout-16018d1d wp-block-buttons-is-layout-flex\"><\/div>\n\n\n\n<div class=\"wp-block-buttons is-content-justification-center is-layout-flex wp-container-core-buttons-is-layout-16018d1d wp-block-buttons-is-layout-flex\"><\/div>\n<\/div>\n<\/div>\n\n\n\n<div class=\"wp-block-group is-nowrap is-layout-flex wp-container-core-group-is-layout-ad2f72ca wp-block-group-is-layout-flex\" style=\"font-size:16px\">\n<div class=\"wp-block-group is-content-justification-center is-nowrap is-layout-flex wp-container-core-group-is-layout-94bc23d7 wp-block-group-is-layout-flex\">\n<div class=\"wp-block-buttons is-content-justification-right is-layout-flex wp-container-core-buttons-is-layout-765c4724 wp-block-buttons-is-layout-flex\">\n<div class=\"wp-block-button\"><a class=\"wp-block-button__link has-background wp-element-button\" href=\"https:\/\/extranet.infocpam.fr\/partenaires\/wp-content\/uploads\/2025\/07\/Fiche-projet-2025-Mois-sans-Tabac.docx\" style=\"background-color:#b9368f\">T\u00e9l\u00e9chargez la fiche projet 2025<br>Moi(s) sans Tabac<\/a><\/div>\n<\/div>\n\n\n\n<div class=\"wp-block-buttons is-content-justification-left is-layout-flex wp-container-core-buttons-is-layout-fdcfc74e wp-block-buttons-is-layout-flex\">\n<div class=\"wp-block-button\"><a class=\"wp-block-button__link has-background wp-element-button\" href=\"https:\/\/extranet.infocpam.fr\/partenaires\/wp-content\/uploads\/2025\/07\/Cahier-des-charges-2025-Mois-sans-Tabac-.docx\" style=\"background-color:#b9368f\">T\u00e9l\u00e9chargez le cahier des charges 2025<br>Moi(s) sans Tabac<\/a><\/div>\n<\/div>\n<\/div>\n<\/div>\n<\/div>\n\n\n\n<p><\/p>\n\n\n\n<p><em>\u00b9 FLCA : Fonds de Lutte Contre les Addictions<\/em><\/p>\n","protected":false},"excerpt":{"rendered":"<p>L\u2019Assurance Maladie du Doubs annonce le lancement de l&rsquo;appels \u00e0 projets FLCA 2025 destin\u00e9s \u00e0 &hellip; <\/p>\n","protected":false},"author":1,"featured_media":0,"parent":0,"menu_order":0,"comment_status":"closed","ping_status":"closed","template":"","meta":{"om_disable_all_campaigns":false,"_monsterinsights_skip_tracking":false,"_monsterinsights_sitenote_active":false,"_monsterinsights_sitenote_note":"","_monsterinsights_sitenote_category":0,"footnotes":""},"class_list":["post-3376","page","type-page","status-publish","hentry"],"aioseo_notices":[],"jetpack_sharing_enabled":true,"_links":{"self":[{"href":"https:\/\/extranet.infocpam.fr\/partenaires\/wp-json\/wp\/v2\/pages\/3376","targetHints":{"allow":["GET"]}}],"collection":[{"href":"https:\/\/extranet.infocpam.fr\/partenaires\/wp-json\/wp\/v2\/pages"}],"about":[{"href":"https:\/\/extranet.infocpam.fr\/partenaires\/wp-json\/wp\/v2\/types\/page"}],"author":[{"embeddable":true,"href":"https:\/\/extranet.infocpam.fr\/partenaires\/wp-json\/wp\/v2\/users\/1"}],"replies":[{"embeddable":true,"href":"https:\/\/extranet.infocpam.fr\/partenaires\/wp-json\/wp\/v2\/comments?post=3376"}],"version-history":[{"count":18,"href":"https:\/\/extranet.infocpam.fr\/partenaires\/wp-json\/wp\/v2\/pages\/3376\/revisions"}],"predecessor-version":[{"id":3428,"href":"https:\/\/extranet.infocpam.fr\/partenaires\/wp-json\/wp\/v2\/pages\/3376\/revisions\/3428"}],"wp:attachment":[{"href":"https:\/\/extranet.infocpam.fr\/partenaires\/wp-json\/wp\/v2\/media?parent=3376"}],"curies":[{"name":"wp","href":"https:\/\/api.w.org\/{rel}","templated":true}]}}