{"id":3208,"date":"2025-02-27T15:14:43","date_gmt":"2025-02-27T14:14:43","guid":{"rendered":"https:\/\/extranet.infocpam.fr\/partenaires\/?page_id=3208"},"modified":"2025-03-17T11:06:48","modified_gmt":"2025-03-17T10:06:48","slug":"appels-a-projets-2025","status":"publish","type":"page","link":"https:\/\/extranet.infocpam.fr\/partenaires\/appels-a-projets-2025\/","title":{"rendered":"Appels \u00e0 projets 2025"},"content":{"rendered":"<div class=\"wp-block-image\">\n<figure class=\"aligncenter size-large is-resized\"><img loading=\"lazy\" decoding=\"async\" width=\"1024\" height=\"447\" src=\"https:\/\/extranet.infocpam.fr\/partenaires\/wp-content\/uploads\/2024\/03\/Logo-Appels-a-projets_Plan-de-travail-1-1024x447.png\" alt=\"\" class=\"wp-image-2666\" style=\"width:715px;height:auto\" srcset=\"https:\/\/extranet.infocpam.fr\/partenaires\/wp-content\/uploads\/2024\/03\/Logo-Appels-a-projets_Plan-de-travail-1-1024x447.png 1024w, https:\/\/extranet.infocpam.fr\/partenaires\/wp-content\/uploads\/2024\/03\/Logo-Appels-a-projets_Plan-de-travail-1-300x131.png 300w, https:\/\/extranet.infocpam.fr\/partenaires\/wp-content\/uploads\/2024\/03\/Logo-Appels-a-projets_Plan-de-travail-1-768x335.png 768w, https:\/\/extranet.infocpam.fr\/partenaires\/wp-content\/uploads\/2024\/03\/Logo-Appels-a-projets_Plan-de-travail-1-1536x671.png 1536w, https:\/\/extranet.infocpam.fr\/partenaires\/wp-content\/uploads\/2024\/03\/Logo-Appels-a-projets_Plan-de-travail-1-2048x894.png 2048w, https:\/\/extranet.infocpam.fr\/partenaires\/wp-content\/uploads\/2024\/03\/Logo-Appels-a-projets_Plan-de-travail-1-500x218.png 500w, https:\/\/extranet.infocpam.fr\/partenaires\/wp-content\/uploads\/2024\/03\/Logo-Appels-a-projets_Plan-de-travail-1-655x286.png 655w\" sizes=\"auto, (max-width: 1024px) 100vw, 1024px\" \/><\/figure>\n<\/div>\n\n\n<p><strong>L\u2019Assurance Maladie du Doubs annonce le lancement des appels \u00e0 projets 2025 destin\u00e9s \u00e0 encourager les initiatives locales visant \u00e0 am\u00e9liorer et \u00e0 pr\u00e9server la sant\u00e9 des usagers du d\u00e9partement.<\/strong><\/p>\n\n\n\n<h2 class=\"wp-block-heading\">1. <strong>Appels \u00e0 Projets au titre de l\u2019Action Sanitaire et Sociale (FNASS<sup>1<\/sup>)<\/strong><\/h2>\n\n\n\n<p>En tant qu\u2019acteur majeur de la protection sociale, la CPAM du Doubs s\u2019engage <strong>\u00e0 prot\u00e9ger et \u00e0 am\u00e9liorer durablement la sant\u00e9 de tous<\/strong>. Sa politique d\u2019action sanitaire et sociale vise \u00e0 soutenir les associations et structures qui travaillent avec les populations vuln\u00e9rables et qui s\u2019alignent sur les objectifs de sant\u00e9 publique.&nbsp;<\/p>\n\n\n\n<p>Pour 2025, les th\u00e9matiques retenues seront les suivantes&nbsp;:&nbsp; &nbsp;<\/p>\n\n\n\n<ul class=\"wp-block-list\">\n<li>\ud83e\udde0 La sant\u00e9 mentale<\/li>\n\n\n\n<li>\ud83c\udf97 Les aides aux personnes souffrant de pathologies lourdes et les personnes en situation de handicap, ainsi que leur proches aidants<\/li>\n\n\n\n<li>\ud83d\udeb4\u200d\u2640\ufe0f Le sport-sant\u00e9<\/li>\n\n\n\n<li>\ud83d\udc95 L&rsquo;accompagnement vers l&#8217;emploi des personnes en situation de fragilit\u00e9 de sant\u00e9 ou situation de handicap<\/li>\n<\/ul>\n\n\n\n<div class=\"wp-block-buttons is-content-justification-center is-layout-flex wp-container-core-buttons-is-layout-16018d1d wp-block-buttons-is-layout-flex\">\n<div class=\"wp-block-button\"><a class=\"wp-block-button__link has-background wp-element-button\" href=\"https:\/\/extranet.infocpam.fr\/partenaires\/wp-content\/uploads\/2025\/02\/AAP-FNASS-2025-V4.docx\" style=\"background-color:#b9368f\">T\u00e9l\u00e9chargez le document de pr\u00e9sentation <\/a><\/div>\n<\/div>\n\n\n\n<h3 class=\"wp-block-heading\">Modalit\u00e9s de d\u00e9p\u00f4t des dossiers :<\/h3>\n\n\n\n<p>D\u00e9couvrez <strong>les dates \u00e0 retenir <\/strong>pour les demandes d&rsquo;appels \u00e0 projets Action sanitaire et sociale :<\/p>\n\n\n\n<figure class=\"wp-block-image size-large is-resized\"><img loading=\"lazy\" decoding=\"async\" width=\"1024\" height=\"481\" src=\"https:\/\/extranet.infocpam.fr\/partenaires\/wp-content\/uploads\/2024\/03\/CHRONOV2-03-1024x481.png\" alt=\"\" class=\"wp-image-2683\" style=\"width:866px;height:auto\" srcset=\"https:\/\/extranet.infocpam.fr\/partenaires\/wp-content\/uploads\/2024\/03\/CHRONOV2-03-1024x481.png 1024w, https:\/\/extranet.infocpam.fr\/partenaires\/wp-content\/uploads\/2024\/03\/CHRONOV2-03-300x141.png 300w, https:\/\/extranet.infocpam.fr\/partenaires\/wp-content\/uploads\/2024\/03\/CHRONOV2-03-768x361.png 768w, https:\/\/extranet.infocpam.fr\/partenaires\/wp-content\/uploads\/2024\/03\/CHRONOV2-03-1536x722.png 1536w, https:\/\/extranet.infocpam.fr\/partenaires\/wp-content\/uploads\/2024\/03\/CHRONOV2-03-500x235.png 500w, https:\/\/extranet.infocpam.fr\/partenaires\/wp-content\/uploads\/2024\/03\/CHRONOV2-03-655x308.png 655w, https:\/\/extranet.infocpam.fr\/partenaires\/wp-content\/uploads\/2024\/03\/CHRONOV2-03.png 1778w\" sizes=\"auto, (max-width: 1024px) 100vw, 1024px\" \/><\/figure>\n\n\n\n<p>Les structures souhaitant r\u00e9pondre aux appels \u00e0 projets sont invit\u00e9es \u00e0 d\u00e9poser leur candidature exclusivement en ligne sur le site <strong><a href=\"https:\/\/www.demarches-simplifiees.fr\/commencer\/cpam-doubs-aap-ass-2025\" target=\"_blank\" rel=\"noopener\" title=\"\u00ab mes d\u00e9marches simplifi\u00e9es \u00bb\">\u00ab mes d\u00e9marches simplifi\u00e9es \u00bb<\/a><\/strong>.<\/p>\n\n\n\n<p><strong>Pour le 30\/04\/2025<\/strong> au plus tard, pour les projets d\u00e9pos\u00e9s dans le cadre de l\u2019AAP au titre de l\u2019Action Sanitaire et Sociale.<\/p>\n\n\n\n<p><strong>Voici les pi\u00e8ces constitutives du dossier, \u00e0 t\u00e9l\u00e9charger :<\/strong><\/p>\n\n\n\n<div class=\"wp-block-buttons is-content-justification-center is-layout-flex wp-container-core-buttons-is-layout-16018d1d wp-block-buttons-is-layout-flex\">\n<div class=\"wp-block-button\"><a class=\"wp-block-button__link has-background wp-element-button\" href=\"https:\/\/extranet.infocpam.fr\/partenaires\/wp-content\/uploads\/2025\/02\/Appel-projets-associations_candidature-2025.docx\" style=\"background-color:#b9368f\">T\u00e9l\u00e9chargez le formulaire de demande de subvention <\/a><\/div>\n<\/div>\n\n\n\n<p><\/p>\n\n\n\n<hr class=\"wp-block-separator has-alpha-channel-opacity is-style-default\"\/>\n\n\n\n<h2 class=\"wp-block-heading\">2. <strong>Appels \u00e0 Projets pr\u00e9vention (FNPEIS<sup>2<\/sup>)<\/strong><\/h2>\n\n\n\n<p>Dans le cadre de sa politique de pr\u00e9vention, la CPAM du Doubs souhaite soutenir les partenaires locaux investis aupr\u00e8s des assur\u00e9s pour r\u00e9aliser <strong>des actions de pr\u00e9vention, d\u2019\u00e9ducation et de promotion de la sant\u00e9 <\/strong>en lien avec le champ d\u2019intervention de l\u2019Assurance Maladie.<\/p>\n\n\n\n<p>Un appel \u00e0 projets est propos\u00e9 aux partenaires locaux autour <strong>de trois th\u00e9matiques :&nbsp;<\/strong><\/p>\n\n\n\n<p><strong>Actions locales \u00ab&nbsp;classiques&nbsp;\u00bb<\/strong><\/p>\n\n\n\n<ul class=\"wp-block-list\">\n<li>\ud83c\udf97Le d\u00e9pistage des cancers (sein, ut\u00e9rus, colorectal) ;<\/li>\n\n\n\n<li>\ud83d\udc89 La vaccination (grippe, la COVID-19) ;<\/li>\n\n\n\n<li>\ud83d\udc95 La sant\u00e9 sexuelle (contraception des moins de 26 ans, et la pr\u00e9vention des IST, VIH, VHC, VHB) ; <\/li>\n<\/ul>\n\n\n\n<p><strong>Actions locales \u00ab&nbsp;innovantes \u00bb<\/strong><\/p>\n\n\n\n<ul class=\"wp-block-list\">\n<li>\ud83c\udf7d Nutrition &#8211; Activit\u00e9 physique<\/li>\n\n\n\n<li>\ud83c\udf43 Sant\u00e9 environnementale<\/li>\n\n\n\n<li>\ud83d\udc89 Vaccinations autres que la grippe et la COVID-19<\/li>\n<\/ul>\n\n\n\n<div class=\"wp-block-buttons is-content-justification-center is-layout-flex wp-container-core-buttons-is-layout-16018d1d wp-block-buttons-is-layout-flex\">\n<div class=\"wp-block-button\"><a class=\"wp-block-button__link has-background wp-element-button\" href=\"https:\/\/extranet.infocpam.fr\/partenaires\/wp-content\/uploads\/2025\/02\/AAP-FNPEIS-2025V1.docx\" style=\"background-color:#b9368f\">T\u00e9l\u00e9chargez le document de pr\u00e9sentation <\/a><\/div>\n<\/div>\n\n\n\n<h3 class=\"wp-block-heading\">Modalit\u00e9s de d\u00e9p\u00f4t des dossiers :<\/h3>\n\n\n\n<p>D\u00e9couvrez <strong>les dates \u00e0 retenir <\/strong>pour les demandes d&rsquo;appels \u00e0 projets pr\u00e9vention :<\/p>\n\n\n\n<figure class=\"wp-block-image size-large is-resized\"><img loading=\"lazy\" decoding=\"async\" width=\"1024\" height=\"344\" src=\"https:\/\/extranet.infocpam.fr\/partenaires\/wp-content\/uploads\/2024\/03\/CHRONOV2_Plan-de-travail-1-copie-1024x344.png\" alt=\"\" class=\"wp-image-2684\" style=\"width:872px;height:auto\" srcset=\"https:\/\/extranet.infocpam.fr\/partenaires\/wp-content\/uploads\/2024\/03\/CHRONOV2_Plan-de-travail-1-copie-1024x344.png 1024w, https:\/\/extranet.infocpam.fr\/partenaires\/wp-content\/uploads\/2024\/03\/CHRONOV2_Plan-de-travail-1-copie-300x101.png 300w, https:\/\/extranet.infocpam.fr\/partenaires\/wp-content\/uploads\/2024\/03\/CHRONOV2_Plan-de-travail-1-copie-768x258.png 768w, https:\/\/extranet.infocpam.fr\/partenaires\/wp-content\/uploads\/2024\/03\/CHRONOV2_Plan-de-travail-1-copie-1536x515.png 1536w, https:\/\/extranet.infocpam.fr\/partenaires\/wp-content\/uploads\/2024\/03\/CHRONOV2_Plan-de-travail-1-copie-2048x687.png 2048w, https:\/\/extranet.infocpam.fr\/partenaires\/wp-content\/uploads\/2024\/03\/CHRONOV2_Plan-de-travail-1-copie-500x168.png 500w, https:\/\/extranet.infocpam.fr\/partenaires\/wp-content\/uploads\/2024\/03\/CHRONOV2_Plan-de-travail-1-copie-655x220.png 655w\" sizes=\"auto, (max-width: 1024px) 100vw, 1024px\" \/><\/figure>\n\n\n\n<p>Les structures souhaitant r\u00e9pondre aux appels \u00e0 projets sont invit\u00e9es \u00e0 d\u00e9poser leur candidature exclusivement en ligne sur le site <strong><a href=\"https:\/\/www.demarches-simplifiees.fr\/commencer\/cpam-du-doubs-appel-a-projets-prevention-2025\" target=\"_blank\" rel=\"noopener\" title=\"\u00ab mes d\u00e9marches simplifi\u00e9es \u00bb\">\u00ab mes d\u00e9marches simplifi\u00e9es \u00bb<\/a><\/strong><\/p>\n\n\n\n<p><strong>Pour le 07\/04\/2025<\/strong> au plus tard, pour les projets d\u00e9pos\u00e9e dans le cadre de l\u2019AAP pr\u00e9vention.<\/p>\n\n\n\n<p><strong>Voici les pi\u00e8ces constitutives du dossier, \u00e0 t\u00e9l\u00e9charger :<\/strong><\/p>\n\n\n\n<div class=\"wp-block-group is-vertical is-content-justification-center is-layout-flex wp-container-core-group-is-layout-4b2eccd6 wp-block-group-is-layout-flex\">\n<div class=\"wp-block-group is-nowrap is-layout-flex wp-container-core-group-is-layout-ad2f72ca wp-block-group-is-layout-flex\">\n<div class=\"wp-block-group is-nowrap is-layout-flex wp-container-core-group-is-layout-ad2f72ca wp-block-group-is-layout-flex\">\n<div class=\"wp-block-buttons is-content-justification-center is-layout-flex wp-container-core-buttons-is-layout-16018d1d wp-block-buttons-is-layout-flex\"><\/div>\n\n\n\n<div class=\"wp-block-buttons is-content-justification-center is-layout-flex wp-container-core-buttons-is-layout-16018d1d wp-block-buttons-is-layout-flex\"><\/div>\n<\/div>\n<\/div>\n\n\n\n<div class=\"wp-block-group is-nowrap is-layout-flex wp-container-core-group-is-layout-ad2f72ca wp-block-group-is-layout-flex\" style=\"font-size:16px\">\n<div class=\"wp-block-group is-content-justification-center is-nowrap is-layout-flex wp-container-core-group-is-layout-94bc23d7 wp-block-group-is-layout-flex\">\n<div class=\"wp-block-buttons is-content-justification-right is-layout-flex wp-container-core-buttons-is-layout-765c4724 wp-block-buttons-is-layout-flex\">\n<div class=\"wp-block-button\"><a class=\"wp-block-button__link has-background wp-element-button\" href=\"https:\/\/extranet.infocpam.fr\/partenaires\/wp-content\/uploads\/2025\/02\/LR-DDGOS-20-Cahier-des-charges-2025-Vaccination-contre-la-grippe-et-le-Covid-19-Annexe-20.doc\" style=\"background-color:#b9368f\">T\u00e9l\u00e9chargez le cahier des charges <br>Appel \u00e0 Projet &#8211; Vaccination 2025<\/a><\/div>\n\n\n\n<div class=\"wp-block-button\"><a class=\"wp-block-button__link has-background wp-element-button\" href=\"https:\/\/extranet.infocpam.fr\/partenaires\/wp-content\/uploads\/2025\/02\/LR-DDGOS-22-Cahier-des-charges-2025-Sante-sexuelle-Annexe-22.docx\" style=\"background-color:#b9368f\">T\u00e9l\u00e9chargez le cahier des charges <br>Appel \u00e0 Projet &#8211; Sant\u00e9 sexuelle<\/a><\/div>\n<\/div>\n\n\n\n<div class=\"wp-block-buttons is-content-justification-left is-layout-flex wp-container-core-buttons-is-layout-fdcfc74e wp-block-buttons-is-layout-flex\">\n<div class=\"wp-block-button\"><a class=\"wp-block-button__link has-background wp-element-button\" href=\"https:\/\/extranet.infocpam.fr\/partenaires\/wp-content\/uploads\/2025\/02\/LR-DDGOS-23-Cahier-des-charges-2025-Vaccinations-autres-que-la-grippe-le-Covid-19-et-HPV-Annexe-23.doc\" style=\"background-color:#b9368f\">T\u00e9l\u00e9chargez le cahier des charges <br>Appel \u00e0 Projet &#8211; Vaccination autres 2025<\/a><\/div>\n\n\n\n<div class=\"wp-block-button\"><a class=\"wp-block-button__link has-background wp-element-button\" href=\"https:\/\/extranet.infocpam.fr\/partenaires\/wp-content\/uploads\/2025\/02\/LR-DDGOS-21-Cahier-des-charges-2025-DO-cancers-Annexe-21.docx\" style=\"background-color:#b9368f\">T\u00e9l\u00e9chargez le cahier des charges <br>Appel \u00e0 Projet &#8211; DO des cancers<\/a><\/div>\n<\/div>\n<\/div>\n<\/div>\n\n\n\n<div class=\"wp-block-group is-nowrap is-layout-flex wp-container-core-group-is-layout-ad2f72ca wp-block-group-is-layout-flex\" style=\"font-size:16px\">\n<div class=\"wp-block-buttons is-content-justification-right is-layout-flex wp-container-core-buttons-is-layout-e6df00e8 wp-block-buttons-is-layout-flex\">\n<div class=\"wp-block-button\"><a class=\"wp-block-button__link has-background wp-element-button\" href=\"https:\/\/extranet.infocpam.fr\/partenaires\/wp-content\/uploads\/2025\/02\/LR-DDGOS-24-Cahier-des-charges-2025-Sante-environnementale-Annexe-24.docx\" style=\"background-color:#b9368f\">T\u00e9l\u00e9chargez le cahier des charges<br>Appel \u00e0 projet &#8211; Sant\u00e9 environnementale<\/a><\/div>\n<\/div>\n\n\n\n<div class=\"wp-block-buttons is-content-justification-right is-layout-flex wp-container-core-buttons-is-layout-765c4724 wp-block-buttons-is-layout-flex\">\n<div class=\"wp-block-button\"><a class=\"wp-block-button__link has-background wp-element-button\" href=\"https:\/\/extranet.infocpam.fr\/partenaires\/wp-content\/uploads\/2025\/02\/LR-DDGOS-25-Cahier-des-charges-2025-Nutrition-Activite-physique-Annexe-25.docx\" style=\"background-color:#b9368f\">T\u00e9l\u00e9chargez le cahier des charges<br>Appel \u00e0 projet &#8211; Nutrition et activit\u00e9 physiques<\/a><\/div>\n<\/div>\n<\/div>\n\n\n\n<div class=\"wp-block-group is-nowrap is-layout-flex wp-container-core-group-is-layout-ad2f72ca wp-block-group-is-layout-flex\" style=\"font-size:16px\">\n<div class=\"wp-block-buttons is-content-justification-right is-layout-flex wp-container-core-buttons-is-layout-e6df00e8 wp-block-buttons-is-layout-flex\"><\/div>\n\n\n\n<div class=\"wp-block-buttons is-content-justification-right is-layout-flex wp-container-core-buttons-is-layout-765c4724 wp-block-buttons-is-layout-flex\">\n<div class=\"wp-block-button\"><a class=\"wp-block-button__link has-background wp-element-button\" href=\"https:\/\/extranet.infocpam.fr\/partenaires\/wp-content\/uploads\/2025\/02\/Fiche-projet-2025-Actions-locales-vaccination-DO-cancers-sante-sexuelle.docx\" style=\"background-color:#b9368f\">T\u00e9l\u00e9chargez la fiche projet 2025 Actions locales<br>(vaccination &#8211; DO cancers &#8211; sant\u00e9 sexuelle)<\/a><\/div>\n<\/div>\n<\/div>\n<\/div>\n\n\n\n<hr class=\"wp-block-separator has-alpha-channel-opacity\"\/>\n\n\n\n<p><\/p>\n\n\n\n<h2 class=\"wp-block-heading\">Webinaire d&rsquo;informations<\/h2>\n\n\n<div class=\"wp-block-image\">\n<figure class=\"aligncenter size-full\"><img loading=\"lazy\" decoding=\"async\" width=\"2672\" height=\"834\" src=\"https:\/\/extranet.infocpam.fr\/partenaires\/wp-content\/uploads\/2025\/02\/webinaire-14.03.png\" alt=\"\" class=\"wp-image-3225\" srcset=\"https:\/\/extranet.infocpam.fr\/partenaires\/wp-content\/uploads\/2025\/02\/webinaire-14.03.png 2672w, https:\/\/extranet.infocpam.fr\/partenaires\/wp-content\/uploads\/2025\/02\/webinaire-14.03-300x94.png 300w, https:\/\/extranet.infocpam.fr\/partenaires\/wp-content\/uploads\/2025\/02\/webinaire-14.03-1024x320.png 1024w, https:\/\/extranet.infocpam.fr\/partenaires\/wp-content\/uploads\/2025\/02\/webinaire-14.03-768x240.png 768w, https:\/\/extranet.infocpam.fr\/partenaires\/wp-content\/uploads\/2025\/02\/webinaire-14.03-1536x479.png 1536w, https:\/\/extranet.infocpam.fr\/partenaires\/wp-content\/uploads\/2025\/02\/webinaire-14.03-2048x639.png 2048w, https:\/\/extranet.infocpam.fr\/partenaires\/wp-content\/uploads\/2025\/02\/webinaire-14.03-500x156.png 500w, https:\/\/extranet.infocpam.fr\/partenaires\/wp-content\/uploads\/2025\/02\/webinaire-14.03-655x204.png 655w\" sizes=\"auto, (max-width: 2672px) 100vw, 2672px\" \/><\/figure>\n<\/div>\n\n\n<p>Afin de vous pr\u00e9senter ces appels \u00e0 projets, <strong>un webinaire a \u00e9t\u00e9 organis\u00e9 le vendredi 14 mars 2025<\/strong>. <\/p>\n\n\n\n<p>D\u00e9couvrez le replay en cliquant sur l\u2019image ci-dessous :<\/p>\n\n\n\n<figure class=\"wp-block-embed is-type-video is-provider-youtube wp-block-embed-youtube wp-embed-aspect-16-9 wp-has-aspect-ratio\"><div class=\"wp-block-embed__wrapper\">\n<iframe loading=\"lazy\" title=\"Webinaire partenaires : appels \u00e0 projets 2025 - CPAM du Doubs\" width=\"1200\" height=\"675\" src=\"https:\/\/www.youtube.com\/embed\/YHANGLbSqHM?feature=oembed\" frameborder=\"0\" allow=\"accelerometer; autoplay; clipboard-write; encrypted-media; gyroscope; picture-in-picture; web-share\" referrerpolicy=\"strict-origin-when-cross-origin\" allowfullscreen><\/iframe>\n<\/div><\/figure>\n\n\n\n<hr class=\"wp-block-separator has-alpha-channel-opacity\"\/>\n\n\n\n<p><em>\u00b9 FNASS : Fonds National Action Sanitaire Sociale<\/em><br><em>\u00b2 FNPEIS : Fonds National de Pr\u00e9vention, d&rsquo;\u00c9ducation et d&rsquo;Information Sanitaire<\/em><\/p>\n\n\n\n<p><\/p>\n","protected":false},"excerpt":{"rendered":"<p>L\u2019Assurance Maladie du Doubs annonce le lancement des appels \u00e0 projets 2025 destin\u00e9s \u00e0 encourager &hellip; <\/p>\n","protected":false},"author":1,"featured_media":0,"parent":0,"menu_order":0,"comment_status":"closed","ping_status":"closed","template":"","meta":{"om_disable_all_campaigns":false,"_monsterinsights_skip_tracking":false,"_monsterinsights_sitenote_active":false,"_monsterinsights_sitenote_note":"","_monsterinsights_sitenote_category":0,"footnotes":""},"class_list":["post-3208","page","type-page","status-publish","hentry"],"aioseo_notices":[],"jetpack_sharing_enabled":true,"_links":{"self":[{"href":"https:\/\/extranet.infocpam.fr\/partenaires\/wp-json\/wp\/v2\/pages\/3208","targetHints":{"allow":["GET"]}}],"collection":[{"href":"https:\/\/extranet.infocpam.fr\/partenaires\/wp-json\/wp\/v2\/pages"}],"about":[{"href":"https:\/\/extranet.infocpam.fr\/partenaires\/wp-json\/wp\/v2\/types\/page"}],"author":[{"embeddable":true,"href":"https:\/\/extranet.infocpam.fr\/partenaires\/wp-json\/wp\/v2\/users\/1"}],"replies":[{"embeddable":true,"href":"https:\/\/extranet.infocpam.fr\/partenaires\/wp-json\/wp\/v2\/comments?post=3208"}],"version-history":[{"count":15,"href":"https:\/\/extranet.infocpam.fr\/partenaires\/wp-json\/wp\/v2\/pages\/3208\/revisions"}],"predecessor-version":[{"id":3261,"href":"https:\/\/extranet.infocpam.fr\/partenaires\/wp-json\/wp\/v2\/pages\/3208\/revisions\/3261"}],"wp:attachment":[{"href":"https:\/\/extranet.infocpam.fr\/partenaires\/wp-json\/wp\/v2\/media?parent=3208"}],"curies":[{"name":"wp","href":"https:\/\/api.w.org\/{rel}","templated":true}]}}