{"id":2923,"date":"2024-07-04T18:06:27","date_gmt":"2024-07-04T16:06:27","guid":{"rendered":"https:\/\/extranet.infocpam.fr\/partenaires\/?page_id=2923"},"modified":"2024-07-04T18:06:29","modified_gmt":"2024-07-04T16:06:29","slug":"webinaire-partenaires-etudiants-internationaux-04-07-2024","status":"publish","type":"page","link":"https:\/\/extranet.infocpam.fr\/partenaires\/webinaire-partenaires-etudiants-internationaux-04-07-2024\/","title":{"rendered":"Webinaire Partenaires &#8211; Etudiants internationaux &#8211; 04\/07\/2024"},"content":{"rendered":"\n<p>Vous trouverez ci-dessous la pr\u00e9sentation et le replay du webinaire \u00e0 destination des partenaires, sur les \u00e9tudiants internationaux, qui a eu lieu le 04\/07\/2024 :<\/p>\n\n\n\n<p><a href=\"https:\/\/extranet.infocpam.fr\/partenaires\/wp-content\/uploads\/2024\/07\/WEBINAIRE-ETUDIANTS-INTERNATIONAUX-04.07.24.pdf\" title=\"\">D\u00e9couvrez le support de pr\u00e9sentation<\/a><\/p>\n\n\n\n<figure class=\"wp-block-embed is-type-video is-provider-youtube wp-block-embed-youtube wp-embed-aspect-4-3 wp-has-aspect-ratio\"><div class=\"wp-block-embed__wrapper\">\n<iframe loading=\"lazy\" title=\"Webinaire Partenaires : Etudiants internationaux\" width=\"1200\" height=\"900\" src=\"https:\/\/www.youtube.com\/embed\/zEejQPWU98Y?feature=oembed\" frameborder=\"0\" allow=\"accelerometer; autoplay; clipboard-write; encrypted-media; gyroscope; picture-in-picture; web-share\" referrerpolicy=\"strict-origin-when-cross-origin\" allowfullscreen><\/iframe>\n<\/div><\/figure>\n","protected":false},"excerpt":{"rendered":"<p>Vous trouverez ci-dessous la pr\u00e9sentation et le replay du webinaire \u00e0 destination des partenaires, sur &hellip; <\/p>\n","protected":false},"author":1,"featured_media":0,"parent":0,"menu_order":0,"comment_status":"closed","ping_status":"closed","template":"","meta":{"om_disable_all_campaigns":false,"_monsterinsights_skip_tracking":false,"_monsterinsights_sitenote_active":false,"_monsterinsights_sitenote_note":"","_monsterinsights_sitenote_category":0,"footnotes":""},"class_list":["post-2923","page","type-page","status-publish","hentry"],"aioseo_notices":[],"jetpack_sharing_enabled":true,"_links":{"self":[{"href":"https:\/\/extranet.infocpam.fr\/partenaires\/wp-json\/wp\/v2\/pages\/2923","targetHints":{"allow":["GET"]}}],"collection":[{"href":"https:\/\/extranet.infocpam.fr\/partenaires\/wp-json\/wp\/v2\/pages"}],"about":[{"href":"https:\/\/extranet.infocpam.fr\/partenaires\/wp-json\/wp\/v2\/types\/page"}],"author":[{"embeddable":true,"href":"https:\/\/extranet.infocpam.fr\/partenaires\/wp-json\/wp\/v2\/users\/1"}],"replies":[{"embeddable":true,"href":"https:\/\/extranet.infocpam.fr\/partenaires\/wp-json\/wp\/v2\/comments?post=2923"}],"version-history":[{"count":1,"href":"https:\/\/extranet.infocpam.fr\/partenaires\/wp-json\/wp\/v2\/pages\/2923\/revisions"}],"predecessor-version":[{"id":2925,"href":"https:\/\/extranet.infocpam.fr\/partenaires\/wp-json\/wp\/v2\/pages\/2923\/revisions\/2925"}],"wp:attachment":[{"href":"https:\/\/extranet.infocpam.fr\/partenaires\/wp-json\/wp\/v2\/media?parent=2923"}],"curies":[{"name":"wp","href":"https:\/\/api.w.org\/{rel}","templated":true}]}}