{"id":2732,"date":"2025-10-15T16:41:12","date_gmt":"2025-10-15T14:41:12","guid":{"rendered":"https:\/\/extranet.infocpam.fr\/partenaires\/?page_id=2732"},"modified":"2025-10-17T15:00:26","modified_gmt":"2025-10-17T13:00:26","slug":"formation-premiers-secours-en-sante-mentale-2025","status":"publish","type":"page","link":"https:\/\/extranet.infocpam.fr\/partenaires\/formation-premiers-secours-en-sante-mentale-2025\/","title":{"rendered":"Formation premiers secours en sant\u00e9 mentale 2025 \u00e0 Besan\u00e7on"},"content":{"rendered":"\n<p><strong>(formation sur 2 jours)<\/strong><\/p>\n\n\n\n<p>Inscrivez-vous et participez \u00e0 la formation aux \u00ab&nbsp;Premiers Secours en Sant\u00e9 mentale&nbsp;\u00bb module standard prise en charge par l\u2019Assurance Maladie.<\/p>\n\n\n\n<p>Cette formation est \u00e0 destination&nbsp;:<\/p>\n\n\n\n<ul class=\"wp-block-list\">\n<li><strong>Des jeunes de 18 \u00e0 25 ans \u00ab&nbsp;non \u00e9tudiants&nbsp;\u00bb.<\/strong><\/li>\n\n\n\n<li><strong>Des b\u00e9n\u00e9voles et\/ou professionnels<\/strong> qui interviennent aupr\u00e8s de jeunes dans les milieux sportifs, culturels et associatifs<\/li>\n\n\n\n<li><strong>Des b\u00e9n\u00e9voles et\/ou professionnels<\/strong> impliqu\u00e9s aupr\u00e8s de jeunes accueillis par les missions locales, la Protection Judiciaire de la Jeunesse (PJJ), dans les foyers de jeunes travailleurs, les Centres de Formation des Apprentis (CFA), les maisons des adolescents, les Points Accueil Ecoute Jeunes (PAEJ)<\/li>\n\n\n\n<li><strong>Des professionnels du Service Civique&nbsp;<\/strong><\/li>\n<\/ul>\n\n\n\n<p>Cette formation a pour objectifs p\u00e9dagogiques&nbsp;:<\/p>\n\n\n\n<ul class=\"wp-block-list\">\n<li>d\u2019acqu\u00e9rir des connaissances de base concernant les troubles de sant\u00e9 mentale,<\/li>\n\n\n\n<li>de mieux appr\u00e9hender les diff\u00e9rents types de crises en sant\u00e9 mentale,<\/li>\n\n\n\n<li>de d\u00e9velopper des comp\u00e9tences relationnelles \u00e9couter sans jugement,<\/li>\n\n\n\n<li>rassurer et donner une information adapt\u00e9e,<\/li>\n\n\n\n<li>de mieux faire face aux comportements agressifs<\/li>\n<\/ul>\n\n\n\n<p>Elle permet donc d\u2019am\u00e9liorer la connaissance et le rep\u00e9rage des troubles psychiques ainsi que l\u2019orientation et la prise en charge pr\u00e9coce. Inscrivez-vous et participez \u00e0 la formation aux \u00ab&nbsp;Premiers Secours en Sant\u00e9 mentale&nbsp;\u00bb prise en charge par l\u2019Assurance Maladie les 24 et 25 novembre 2025 \u00e0 Besan\u00e7on.<\/p>\n\n\n\n<p><strong>D\u00e9couvrez la vid\u00e9o de la formation de sant\u00e9 mentale :<\/strong><\/p>\n\n\n\n<figure class=\"wp-block-embed is-type-video is-provider-youtube wp-block-embed-youtube wp-embed-aspect-16-9 wp-has-aspect-ratio\"><div class=\"wp-block-embed__wrapper\">\n<iframe loading=\"lazy\" title=\"D\u00e9couvrez la formation Premiers Secours en Sant\u00e9 Mentale\" width=\"1200\" height=\"675\" src=\"https:\/\/www.youtube.com\/embed\/aVVqKNRfNYM?feature=oembed\" frameborder=\"0\" allow=\"accelerometer; autoplay; clipboard-write; encrypted-media; gyroscope; picture-in-picture; web-share\" referrerpolicy=\"strict-origin-when-cross-origin\" allowfullscreen><\/iframe>\n<\/div><\/figure>\n\n\n\n<p id=\"block-5a4b5560-4bbc-46be-b116-1c5109456fd7\"><\/p>\n\n\n\n<p id=\"block-d6eaf325-ef38-4071-93bf-be2edda2fc71\"><strong>ATTENTION : Il n\u2019y a que 9 places disponibles, nous vous invitons donc \u00e0 vous inscrire et reviendrons vers vous pour vous confirmer votre inscription et vous donner les modalit\u00e9s pratiques (lieux, horaires, etc)<\/strong>.<\/p>\n\n\n\n<p>Date limite d&rsquo;inscription le 4 novembre 2025<\/p>\n\n\n\n<div class=\"rtec-outer-wrap\"><div class=\"rtec-attendance-display\"><span>Participation\u00a0: 9 \/ 9<\/span><\/div><div id=\"rtec\" class=\"rtec\" data-event=\"2746\"><p class=\"rtec-success-message tribe-events-notices\">Il n&#039;y a plus de places disponibles.<\/p><\/div><\/div>\n\n\n\n<p><\/p>\n","protected":false},"excerpt":{"rendered":"<p>(formation sur 2 jours) Inscrivez-vous et participez \u00e0 la formation aux \u00ab&nbsp;Premiers Secours en Sant\u00e9 &hellip; <\/p>\n","protected":false},"author":7,"featured_media":0,"parent":0,"menu_order":0,"comment_status":"closed","ping_status":"closed","template":"","meta":{"om_disable_all_campaigns":false,"_monsterinsights_skip_tracking":false,"_monsterinsights_sitenote_active":false,"_monsterinsights_sitenote_note":"","_monsterinsights_sitenote_category":0,"footnotes":""},"class_list":["post-2732","page","type-page","status-publish","hentry"],"aioseo_notices":[],"jetpack_sharing_enabled":true,"_links":{"self":[{"href":"https:\/\/extranet.infocpam.fr\/partenaires\/wp-json\/wp\/v2\/pages\/2732","targetHints":{"allow":["GET"]}}],"collection":[{"href":"https:\/\/extranet.infocpam.fr\/partenaires\/wp-json\/wp\/v2\/pages"}],"about":[{"href":"https:\/\/extranet.infocpam.fr\/partenaires\/wp-json\/wp\/v2\/types\/page"}],"author":[{"embeddable":true,"href":"https:\/\/extranet.infocpam.fr\/partenaires\/wp-json\/wp\/v2\/users\/7"}],"replies":[{"embeddable":true,"href":"https:\/\/extranet.infocpam.fr\/partenaires\/wp-json\/wp\/v2\/comments?post=2732"}],"version-history":[{"count":25,"href":"https:\/\/extranet.infocpam.fr\/partenaires\/wp-json\/wp\/v2\/pages\/2732\/revisions"}],"predecessor-version":[{"id":3573,"href":"https:\/\/extranet.infocpam.fr\/partenaires\/wp-json\/wp\/v2\/pages\/2732\/revisions\/3573"}],"wp:attachment":[{"href":"https:\/\/extranet.infocpam.fr\/partenaires\/wp-json\/wp\/v2\/media?parent=2732"}],"curies":[{"name":"wp","href":"https:\/\/api.w.org\/{rel}","templated":true}]}}