{"id":27,"date":"2021-03-04T09:12:42","date_gmt":"2021-03-04T08:12:42","guid":{"rendered":"https:\/\/extranet.infocpam.fr\/partenaires\/boutique\/"},"modified":"2023-05-15T10:51:02","modified_gmt":"2023-05-15T08:51:02","slug":"boutique","status":"publish","type":"page","link":"https:\/\/extranet.infocpam.fr\/partenaires\/","title":{"rendered":"Bienvenue"},"content":{"rendered":"\n<div class=\"wp-block-columns are-vertically-aligned-center has-black-color has-text-color is-layout-flex wp-container-core-columns-is-layout-9d6595d7 wp-block-columns-is-layout-flex\">\n<div class=\"wp-block-column is-vertically-aligned-center is-layout-flow wp-block-column-is-layout-flow\" style=\"flex-basis:100%\">\n<div class=\"wp-block-columns is-layout-flex wp-container-core-columns-is-layout-9d6595d7 wp-block-columns-is-layout-flex\">\n<div class=\"wp-block-column is-layout-flow wp-block-column-is-layout-flow\">\n<p class=\"has-text-align-justify\" style=\"font-size:15px\">Ce site est <strong>r\u00e9serv\u00e9 aux partenaires de la CPAM du Doubs<\/strong>, aux professionnels de sant\u00e9, aux structures accueillant du public, aux associations et institutions qui souhaitent relayer les informations de l&rsquo;Assurance Maladie. Vous y trouverez des informations locales pour accompagner les <strong>assur\u00e9s du Doubs<\/strong> dans leur parcours de soins et les supports de communication que l&rsquo;Assurance Maladie met \u00e0 votre disposition. Ils sont <strong>\u00e0 jour<\/strong> (droits de diffusion OK) et <strong>disponibles gratuitement<\/strong>.<br>Pour des demandes particuli\u00e8res, contactez le service communication par <a href=\"mailto:communication.cpam-doubs@assurance-maladie.fr\">courriel<\/a>.<br>Premi\u00e8re commande ? Suivez le <a rel=\"noreferrer noopener\" href=\"https:\/\/app.pitchy.fr\/share?id=nK4LwNQK\" target=\"_blank\">tuto en ligne pour vous aider !<\/a><\/p>\n<\/div>\n\n\n\n<div class=\"wp-block-column is-layout-flow wp-block-column-is-layout-flow\">\n<ul class=\"wp-block-list\">\n<li>Documents de l&rsquo;<strong>Assurance Maladie<\/strong> : commande  <a href=\"http:\/\/kiosque\" title=\"sur ce site au service communication\">sur ce site au service communication<\/a><\/li>\n\n\n\n<li>Documents li\u00e9s aux <strong>cancers <\/strong>: commande aupr\u00e8s de l\u2019Inca : <a rel=\"noreferrer noopener\" href=\"https:\/\/urldefense.com\/v3\/__https:\/5yghs.r.bh.d.sendibt3.com\/mk\/cl\/f\/buzP1zfif1sFGjtmHFN9owgrrYjfJANo4UQZc9tDbpXxCxtog0bxAuZoXPJ39bDsbieY0IOcHmVdv7NNU3N5Qgy8GrzTNSqD0Cob_bmAeC11ixurYM3ef_ouVAFJFOGP84L3EhHur47EEgLtrX-DqfUGxs7sAFAbH8CpQu1p-fWe-HKFIAlsDjO4a08_Of-sDGv-9S42-3bLConDlRx0jaENJuL81qmJen2LpzoIIVDiH53h6_9qArU_kmw4ZOn7LzoDVk50oYOMEfiumAbQcApSlMk1FVoiOw0ohevWk-ey_r3TaqCj1w__;!!LUczA2Q!pfbnhs_11xixq07gXc2QOjUtG46QzBPB5cwXgjnEslx8S3aWCGg096rAcOq_W2HzgdzU9Q_i9kQhFj4$\" target=\"_blank\">catalogue INCA<\/a><\/li>\n\n\n\n<li>Documents de <strong>Sant\u00e9 Publique France<\/strong> : <a rel=\"noreferrer noopener\" href=\"https:\/\/www.santepubliquefrance.fr\/recherche\/#publications=documents%20de%20communication&amp;sort=date\" target=\"_blank\">catalogue Sant\u00e9 Publique France<\/a><\/li>\n\n\n\n<li><a rel=\"noreferrer noopener\" href=\"https:\/\/www.youtube.com\/c\/AssuranceMaladie_ameli\/featured\" target=\"_blank\"><strong>Cha\u00eene Youtube<\/strong> de l&rsquo;Assurance Maladie<\/a><\/li>\n<\/ul>\n<\/div>\n<\/div>\n<\/div>\n<\/div>\n","protected":false},"excerpt":{"rendered":"<p>Ce site est r\u00e9serv\u00e9 aux partenaires de la CPAM du Doubs, aux professionnels de sant\u00e9, &hellip; <\/p>\n","protected":false},"author":1,"featured_media":0,"parent":0,"menu_order":0,"comment_status":"closed","ping_status":"closed","template":"","meta":{"om_disable_all_campaigns":false,"_monsterinsights_skip_tracking":false,"_monsterinsights_sitenote_active":false,"_monsterinsights_sitenote_note":"","_monsterinsights_sitenote_category":0,"footnotes":""},"class_list":["post-27","page","type-page","status-publish","hentry"],"aioseo_notices":[],"jetpack_sharing_enabled":true,"_links":{"self":[{"href":"https:\/\/extranet.infocpam.fr\/partenaires\/wp-json\/wp\/v2\/pages\/27","targetHints":{"allow":["GET"]}}],"collection":[{"href":"https:\/\/extranet.infocpam.fr\/partenaires\/wp-json\/wp\/v2\/pages"}],"about":[{"href":"https:\/\/extranet.infocpam.fr\/partenaires\/wp-json\/wp\/v2\/types\/page"}],"author":[{"embeddable":true,"href":"https:\/\/extranet.infocpam.fr\/partenaires\/wp-json\/wp\/v2\/users\/1"}],"replies":[{"embeddable":true,"href":"https:\/\/extranet.infocpam.fr\/partenaires\/wp-json\/wp\/v2\/comments?post=27"}],"version-history":[{"count":51,"href":"https:\/\/extranet.infocpam.fr\/partenaires\/wp-json\/wp\/v2\/pages\/27\/revisions"}],"predecessor-version":[{"id":2150,"href":"https:\/\/extranet.infocpam.fr\/partenaires\/wp-json\/wp\/v2\/pages\/27\/revisions\/2150"}],"wp:attachment":[{"href":"https:\/\/extranet.infocpam.fr\/partenaires\/wp-json\/wp\/v2\/media?parent=27"}],"curies":[{"name":"wp","href":"https:\/\/api.w.org\/{rel}","templated":true}]}}