{"id":2664,"date":"2024-03-07T11:35:12","date_gmt":"2024-03-07T10:35:12","guid":{"rendered":"https:\/\/extranet.infocpam.fr\/partenaires\/?page_id=2664"},"modified":"2024-03-21T15:12:48","modified_gmt":"2024-03-21T14:12:48","slug":"appel-a-projet-2024","status":"publish","type":"page","link":"https:\/\/extranet.infocpam.fr\/partenaires\/appel-a-projet-2024\/","title":{"rendered":"Appels \u00e0 projets 2024"},"content":{"rendered":"<div class=\"wp-block-image\">\n<figure class=\"aligncenter size-large is-resized\"><img loading=\"lazy\" decoding=\"async\" width=\"1024\" height=\"447\" src=\"https:\/\/extranet.infocpam.fr\/partenaires\/wp-content\/uploads\/2024\/03\/Logo-Appels-a-projets_Plan-de-travail-1-1024x447.png\" alt=\"\" class=\"wp-image-2666\" style=\"width:715px;height:auto\" srcset=\"https:\/\/extranet.infocpam.fr\/partenaires\/wp-content\/uploads\/2024\/03\/Logo-Appels-a-projets_Plan-de-travail-1-1024x447.png 1024w, https:\/\/extranet.infocpam.fr\/partenaires\/wp-content\/uploads\/2024\/03\/Logo-Appels-a-projets_Plan-de-travail-1-300x131.png 300w, https:\/\/extranet.infocpam.fr\/partenaires\/wp-content\/uploads\/2024\/03\/Logo-Appels-a-projets_Plan-de-travail-1-768x335.png 768w, https:\/\/extranet.infocpam.fr\/partenaires\/wp-content\/uploads\/2024\/03\/Logo-Appels-a-projets_Plan-de-travail-1-1536x671.png 1536w, https:\/\/extranet.infocpam.fr\/partenaires\/wp-content\/uploads\/2024\/03\/Logo-Appels-a-projets_Plan-de-travail-1-2048x894.png 2048w, https:\/\/extranet.infocpam.fr\/partenaires\/wp-content\/uploads\/2024\/03\/Logo-Appels-a-projets_Plan-de-travail-1-500x218.png 500w, https:\/\/extranet.infocpam.fr\/partenaires\/wp-content\/uploads\/2024\/03\/Logo-Appels-a-projets_Plan-de-travail-1-655x286.png 655w\" sizes=\"auto, (max-width: 1024px) 100vw, 1024px\" \/><\/figure>\n<\/div>\n\n\n<p><strong>L\u2019Assurance Maladie du Doubs annonce le lancement des appels \u00e0 projets 2024 destin\u00e9s \u00e0 encourager les initiatives locales visant \u00e0 am\u00e9liorer et \u00e0 pr\u00e9server la sant\u00e9 des usagers du d\u00e9partement.<\/strong><\/p>\n\n\n\n<h2 class=\"wp-block-heading\">1. <strong>Appels \u00e0 Projets au titre de l\u2019Action Sanitaire et Sociale (FNASS<sup>1<\/sup>)<\/strong><\/h2>\n\n\n\n<p>En tant qu\u2019acteur majeur de la protection sociale, la CPAM du Doubs s\u2019engage <strong>\u00e0 prot\u00e9ger et \u00e0 am\u00e9liorer durablement la sant\u00e9 de tous<\/strong>. Sa politique d\u2019action sanitaire et sociale vise \u00e0 soutenir les associations et structures qui travaillent avec les populations vuln\u00e9rables et qui s\u2019alignent sur les objectifs de sant\u00e9 publique.&nbsp;<\/p>\n\n\n\n<p>Cette \u00e9dition 2024 portera une attention particuli\u00e8re sur les projets abordant la probl\u00e9matique de la sant\u00e9 mentale et <strong>se concentrera sur quatre th\u00e9matiques<\/strong>&nbsp;:&nbsp; &nbsp;<\/p>\n\n\n\n<ul class=\"wp-block-list\">\n<li>\ud83e\udde0 La sant\u00e9 mentale<\/li>\n\n\n\n<li>\ud83c\udf97 Les aides aux malades, aux personnes en situation de handicap ainsi qu\u2019\u00e0 leurs aidants<\/li>\n\n\n\n<li>\ud83d\udc95 La sant\u00e9 environnementale<\/li>\n\n\n\n<li>\ud83d\udead Le sport-sant\u00e9<\/li>\n<\/ul>\n\n\n\n<div class=\"wp-block-buttons is-content-justification-center is-layout-flex wp-container-core-buttons-is-layout-16018d1d wp-block-buttons-is-layout-flex\">\n<div class=\"wp-block-button\"><a class=\"wp-block-button__link has-background wp-element-button\" href=\"https:\/\/extranet.infocpam.fr\/partenaires\/wp-content\/uploads\/2024\/03\/AAP-FNASS-2024V2.docx\" style=\"background-color:#b9368f\" target=\"_blank\" rel=\"noreferrer noopener\">T\u00e9l\u00e9chargez le document de pr\u00e9sentation <\/a><\/div>\n<\/div>\n\n\n\n<h3 class=\"wp-block-heading\">Modalit\u00e9s de d\u00e9p\u00f4t des dossiers :<\/h3>\n\n\n\n<p>D\u00e9couvrez <strong>les dates \u00e0 retenir <\/strong>pour les demandes d&rsquo;appels \u00e0 projets Action sanitaire et sociale :<\/p>\n\n\n\n<figure class=\"wp-block-image size-large is-resized\"><img loading=\"lazy\" decoding=\"async\" width=\"1024\" height=\"481\" src=\"https:\/\/extranet.infocpam.fr\/partenaires\/wp-content\/uploads\/2024\/03\/CHRONOV2-03-1024x481.png\" alt=\"\" class=\"wp-image-2683\" style=\"width:866px;height:auto\" srcset=\"https:\/\/extranet.infocpam.fr\/partenaires\/wp-content\/uploads\/2024\/03\/CHRONOV2-03-1024x481.png 1024w, https:\/\/extranet.infocpam.fr\/partenaires\/wp-content\/uploads\/2024\/03\/CHRONOV2-03-300x141.png 300w, https:\/\/extranet.infocpam.fr\/partenaires\/wp-content\/uploads\/2024\/03\/CHRONOV2-03-768x361.png 768w, https:\/\/extranet.infocpam.fr\/partenaires\/wp-content\/uploads\/2024\/03\/CHRONOV2-03-1536x722.png 1536w, https:\/\/extranet.infocpam.fr\/partenaires\/wp-content\/uploads\/2024\/03\/CHRONOV2-03-500x235.png 500w, https:\/\/extranet.infocpam.fr\/partenaires\/wp-content\/uploads\/2024\/03\/CHRONOV2-03-655x308.png 655w, https:\/\/extranet.infocpam.fr\/partenaires\/wp-content\/uploads\/2024\/03\/CHRONOV2-03.png 1778w\" sizes=\"auto, (max-width: 1024px) 100vw, 1024px\" \/><\/figure>\n\n\n\n<p>Les structures souhaitant r\u00e9pondre aux appels \u00e0 projets sont invit\u00e9es \u00e0 contacter la CPAM du Doubs suivant les modalit\u00e9s suivantes :<\/p>\n\n\n\n<p><strong>Pour le 30\/04\/2024<\/strong> au plus tard, pour les projets d\u00e9pos\u00e9s dans le cadre de l\u2019AAP au titre de l\u2019Action Sanitaire et Sociale.<\/p>\n\n\n\n<p><strong>Par mail : <\/strong><a href=\"mailto:subvention.cpam-doubs@assurance-maladie.fr\">subvention.cpam-doubs@assurance-maladie.fr<\/a><\/p>\n\n\n\n<p><strong>Voici les pi\u00e8ces constitutives du dossier, \u00e0 t\u00e9l\u00e9charger :<\/strong><\/p>\n\n\n\n<div class=\"wp-block-buttons is-content-justification-center is-layout-flex wp-container-core-buttons-is-layout-16018d1d wp-block-buttons-is-layout-flex\">\n<div class=\"wp-block-button\"><a class=\"wp-block-button__link has-background wp-element-button\" href=\"https:\/\/extranet.infocpam.fr\/partenaires\/wp-content\/uploads\/2024\/03\/Appel-projets-associations_candidature-2024-V2.docx\" style=\"background-color:#b9368f\">T\u00e9l\u00e9chargez le formulaire de demande de subvention <\/a><\/div>\n<\/div>\n\n\n\n<p><\/p>\n\n\n\n<hr class=\"wp-block-separator has-alpha-channel-opacity is-style-default\"\/>\n\n\n\n<h2 class=\"wp-block-heading\">2. <strong>Appels \u00e0 Projets pr\u00e9vention (FNPEIS<sup>2<\/sup> ; FLCA<sup>3<\/sup>)<\/strong><\/h2>\n\n\n\n<p>Dans le cadre de sa politique de pr\u00e9vention, la CPAM du Doubs souhaite soutenir les partenaires locaux investis aupr\u00e8s des assur\u00e9s pour r\u00e9aliser <strong>des actions de pr\u00e9vention, d\u2019\u00e9ducation et de promotion de la sant\u00e9 <\/strong>en lien avec le champ d\u2019intervention de l\u2019Assurance Maladie.<\/p>\n\n\n\n<p>Un appel \u00e0 projets est propos\u00e9 aux partenaires locaux autour <strong>de quatre th\u00e9matiques :&nbsp;<\/strong><\/p>\n\n\n\n<ul class=\"wp-block-list\">\n<li>\ud83c\udf97Le d\u00e9pistage des cancers (sein, ut\u00e9rus, colorectal) (FNPEIS)<\/li>\n\n\n\n<li>\ud83d\udc95 La sant\u00e9 sexuelle (contraception des moins de 26 ans, et la pr\u00e9vention des IST, VIH, VHC, VHB) (FNPEIS)<\/li>\n\n\n\n<li>\ud83d\udc89La vaccination (grippe, la COVID 19) (FNPEIS)&nbsp;<\/li>\n\n\n\n<li>\ud83d\udead Le mois sans tabac (FLCA)&nbsp;<\/li>\n<\/ul>\n\n\n\n<div class=\"wp-block-buttons is-content-justification-center is-layout-flex wp-container-core-buttons-is-layout-16018d1d wp-block-buttons-is-layout-flex\">\n<div class=\"wp-block-button\"><a class=\"wp-block-button__link has-background wp-element-button\" href=\"https:\/\/extranet.infocpam.fr\/partenaires\/wp-content\/uploads\/2024\/03\/AAP-FNPEIS-FNCLA-2024V1-3.docx\" style=\"background-color:#b9368f\">T\u00e9l\u00e9chargez le document de pr\u00e9sentation <\/a><\/div>\n<\/div>\n\n\n\n<h3 class=\"wp-block-heading\">Modalit\u00e9s de d\u00e9p\u00f4t des dossiers :<\/h3>\n\n\n\n<p>D\u00e9couvrez <strong>les dates \u00e0 retenir <\/strong>pour les demandes d&rsquo;appels \u00e0 projets pr\u00e9vention :<\/p>\n\n\n\n<figure class=\"wp-block-image size-large is-resized\"><img loading=\"lazy\" decoding=\"async\" width=\"1024\" height=\"344\" src=\"https:\/\/extranet.infocpam.fr\/partenaires\/wp-content\/uploads\/2024\/03\/CHRONOV2_Plan-de-travail-1-copie-1024x344.png\" alt=\"\" class=\"wp-image-2684\" style=\"width:872px;height:auto\" srcset=\"https:\/\/extranet.infocpam.fr\/partenaires\/wp-content\/uploads\/2024\/03\/CHRONOV2_Plan-de-travail-1-copie-1024x344.png 1024w, https:\/\/extranet.infocpam.fr\/partenaires\/wp-content\/uploads\/2024\/03\/CHRONOV2_Plan-de-travail-1-copie-300x101.png 300w, https:\/\/extranet.infocpam.fr\/partenaires\/wp-content\/uploads\/2024\/03\/CHRONOV2_Plan-de-travail-1-copie-768x258.png 768w, https:\/\/extranet.infocpam.fr\/partenaires\/wp-content\/uploads\/2024\/03\/CHRONOV2_Plan-de-travail-1-copie-1536x515.png 1536w, https:\/\/extranet.infocpam.fr\/partenaires\/wp-content\/uploads\/2024\/03\/CHRONOV2_Plan-de-travail-1-copie-2048x687.png 2048w, https:\/\/extranet.infocpam.fr\/partenaires\/wp-content\/uploads\/2024\/03\/CHRONOV2_Plan-de-travail-1-copie-500x168.png 500w, https:\/\/extranet.infocpam.fr\/partenaires\/wp-content\/uploads\/2024\/03\/CHRONOV2_Plan-de-travail-1-copie-655x220.png 655w\" sizes=\"auto, (max-width: 1024px) 100vw, 1024px\" \/><\/figure>\n\n\n\n<p>Les structures souhaitant r\u00e9pondre aux appels \u00e0 projets sont invit\u00e9es \u00e0 contacter la CPAM du Doubs suivant les modalit\u00e9s suivantes :<\/p>\n\n\n\n<p><strong>Pour le 07\/04\/2024<\/strong> au plus tard, pour les projets d\u00e9pos\u00e9e dans le cadre de l\u2019AAP pr\u00e9vention.<\/p>\n\n\n\n<p><strong>Par mail : <\/strong><a href=\"mailto:prevention.cpam-doubs@assurance-maladie.fr\">prevention.cpam-doubs@assurance-maladie.fr<\/a><\/p>\n\n\n\n<p><strong>Voici les pi\u00e8ces constitutives du dossier, \u00e0 t\u00e9l\u00e9charger :<\/strong><\/p>\n\n\n\n<div class=\"wp-block-group is-vertical is-content-justification-center is-layout-flex wp-container-core-group-is-layout-4b2eccd6 wp-block-group-is-layout-flex\">\n<div class=\"wp-block-group is-nowrap is-layout-flex wp-container-core-group-is-layout-ad2f72ca wp-block-group-is-layout-flex\">\n<div class=\"wp-block-group is-nowrap is-layout-flex wp-container-core-group-is-layout-ad2f72ca wp-block-group-is-layout-flex\">\n<div class=\"wp-block-buttons is-content-justification-center is-layout-flex wp-container-core-buttons-is-layout-16018d1d wp-block-buttons-is-layout-flex\">\n<div class=\"wp-block-button has-custom-font-size\" style=\"font-size:16px\"><a class=\"wp-block-button__link has-background wp-element-button\" href=\"https:\/\/extranet.infocpam.fr\/partenaires\/wp-content\/uploads\/2024\/03\/Cahier-des-charges-2024-DO-cancers.docx\" style=\"background-color:#b9368f\">T\u00e9l\u00e9chargez le cahier des charges <br>Appel \u00e0 Projet &#8211; D\u00e9pistages organis\u00e9s 2024<\/a><\/div>\n<\/div>\n\n\n\n<div class=\"wp-block-buttons is-content-justification-center is-layout-flex wp-container-core-buttons-is-layout-16018d1d wp-block-buttons-is-layout-flex\">\n<div class=\"wp-block-button has-custom-font-size\" style=\"font-size:16px\"><a class=\"wp-block-button__link has-background wp-element-button\" href=\"https:\/\/extranet.infocpam.fr\/partenaires\/wp-content\/uploads\/2024\/03\/Cahier-des-charges-2024-Sante-sexuelle-contraception-et-prevention-des-IST-et-du-VIH.docx\" style=\"background-color:#b9368f\">T\u00e9l\u00e9chargez le cahier des charges <br>Appel \u00e0 Projet &#8211; Sant\u00e9 Sexuelle 2024<\/a><\/div>\n<\/div>\n<\/div>\n<\/div>\n\n\n\n<div class=\"wp-block-group is-nowrap is-layout-flex wp-container-core-group-is-layout-ad2f72ca wp-block-group-is-layout-flex\" style=\"font-size:16px\">\n<div class=\"wp-block-group is-content-justification-center is-nowrap is-layout-flex wp-container-core-group-is-layout-94bc23d7 wp-block-group-is-layout-flex\">\n<div class=\"wp-block-buttons is-content-justification-center is-layout-flex wp-container-core-buttons-is-layout-16018d1d wp-block-buttons-is-layout-flex\">\n<div class=\"wp-block-button\"><a class=\"wp-block-button__link has-background wp-element-button\" href=\"https:\/\/extranet.infocpam.fr\/partenaires\/wp-content\/uploads\/2024\/03\/Cahier-des-charges-2024-Vaccination-contre-la-grippe-et-Covid-19.doc\" style=\"background-color:#b9368f\">T\u00e9l\u00e9chargez le cahier des charges <br>Appel \u00e0 Projet &#8211; Vaccination 2024<\/a><\/div>\n<\/div>\n\n\n\n<div class=\"wp-block-buttons is-content-justification-center is-layout-flex wp-container-core-buttons-is-layout-16018d1d wp-block-buttons-is-layout-flex\">\n<div class=\"wp-block-button has-custom-width wp-block-button__width-100\"><a class=\"wp-block-button__link has-background wp-element-button\" href=\"https:\/\/extranet.infocpam.fr\/partenaires\/wp-content\/uploads\/2024\/03\/Cahier-des-charges-2024-Mois-sans-Tabac.docx\" style=\"background-color:#b9368f\">T\u00e9l\u00e9chargez le cahier des charges <br>Appel \u00e0 projet Mois Sans Tabac 2024<\/a><\/div>\n<\/div>\n<\/div>\n<\/div>\n\n\n\n<div class=\"wp-block-group is-nowrap is-layout-flex wp-container-core-group-is-layout-ad2f72ca wp-block-group-is-layout-flex\" style=\"font-size:16px\">\n<div class=\"wp-block-buttons is-content-justification-center is-layout-flex wp-container-core-buttons-is-layout-16018d1d wp-block-buttons-is-layout-flex\">\n<div class=\"wp-block-button\"><a class=\"wp-block-button__link has-background wp-element-button\" href=\"https:\/\/extranet.infocpam.fr\/partenaires\/wp-content\/uploads\/2024\/03\/Fiche-projet-2024-Mois-sans-Tabac.doc\" style=\"background-color:#b9368f\">T\u00e9l\u00e9chargez la fiche projet 2024<br>Mois sans Tabac<\/a><\/div>\n<\/div>\n\n\n\n<div class=\"wp-block-buttons is-content-justification-center is-layout-flex wp-container-core-buttons-is-layout-16018d1d wp-block-buttons-is-layout-flex\">\n<div class=\"wp-block-button\"><a class=\"wp-block-button__link has-background wp-element-button\" href=\"https:\/\/extranet.infocpam.fr\/partenaires\/wp-content\/uploads\/2024\/03\/Fiche-projet-2024-Actions-locales-vaccination-DO-cancers-sante-sexuelle.docx\" style=\"background-color:#b9368f\">T\u00e9l\u00e9chargez la fiche projet 2024 Actions locales <br>(vaccination DO cancers sant\u00e9 sexuelle)<\/a><\/div>\n<\/div>\n<\/div>\n<\/div>\n\n\n\n<p><\/p>\n\n\n\n<hr class=\"wp-block-separator has-alpha-channel-opacity\"\/>\n\n\n\n<p><\/p>\n\n\n\n<h2 class=\"wp-block-heading\">Webinaire d&rsquo;informations<\/h2>\n\n\n<div class=\"wp-block-image\">\n<figure class=\"aligncenter size-full\"><img loading=\"lazy\" decoding=\"async\" width=\"667\" height=\"209\" src=\"https:\/\/extranet.infocpam.fr\/partenaires\/wp-content\/uploads\/2024\/03\/ban-webinaire-21.03_Plan-de-travail-1-1.png\" alt=\"\" class=\"wp-image-2669\" srcset=\"https:\/\/extranet.infocpam.fr\/partenaires\/wp-content\/uploads\/2024\/03\/ban-webinaire-21.03_Plan-de-travail-1-1.png 667w, https:\/\/extranet.infocpam.fr\/partenaires\/wp-content\/uploads\/2024\/03\/ban-webinaire-21.03_Plan-de-travail-1-1-300x94.png 300w, https:\/\/extranet.infocpam.fr\/partenaires\/wp-content\/uploads\/2024\/03\/ban-webinaire-21.03_Plan-de-travail-1-1-500x157.png 500w, https:\/\/extranet.infocpam.fr\/partenaires\/wp-content\/uploads\/2024\/03\/ban-webinaire-21.03_Plan-de-travail-1-1-655x205.png 655w\" sizes=\"auto, (max-width: 667px) 100vw, 667px\" \/><\/figure>\n<\/div>\n\n\n<p>Afin de vous pr\u00e9senter ces appels \u00e0 projets, <strong><a href=\"https:\/\/www.youtube.com\/watch?v=DU-hFF8-XAg&amp;ab_channel=CPAMduDoubs\" target=\"_blank\" rel=\"noopener\" title=\"\">un webinaire<\/a> a \u00e9t\u00e9 organis\u00e9 le jeudi 21 mars 2024<\/strong>.<\/p>\n\n\n\n<p>D\u00e9couvrez le replay en cliquant sur l&rsquo;image ci-dessous :<\/p>\n\n\n\n<figure class=\"wp-block-image size-large is-resized\"><a href=\"https:\/\/www.youtube.com\/watch?v=DU-hFF8-XAg&amp;ab_channel=CPAMduDoubs\"><img loading=\"lazy\" decoding=\"async\" width=\"1024\" height=\"657\" src=\"https:\/\/extranet.infocpam.fr\/partenaires\/wp-content\/uploads\/2024\/03\/ReplayAAP-1024x657.jpg\" alt=\"\" class=\"wp-image-2719\" style=\"width:666px;height:auto\" srcset=\"https:\/\/extranet.infocpam.fr\/partenaires\/wp-content\/uploads\/2024\/03\/ReplayAAP-1024x657.jpg 1024w, https:\/\/extranet.infocpam.fr\/partenaires\/wp-content\/uploads\/2024\/03\/ReplayAAP-300x192.jpg 300w, https:\/\/extranet.infocpam.fr\/partenaires\/wp-content\/uploads\/2024\/03\/ReplayAAP-768x492.jpg 768w, https:\/\/extranet.infocpam.fr\/partenaires\/wp-content\/uploads\/2024\/03\/ReplayAAP-500x321.jpg 500w, https:\/\/extranet.infocpam.fr\/partenaires\/wp-content\/uploads\/2024\/03\/ReplayAAP-655x420.jpg 655w, https:\/\/extranet.infocpam.fr\/partenaires\/wp-content\/uploads\/2024\/03\/ReplayAAP.jpg 1123w\" sizes=\"auto, (max-width: 1024px) 100vw, 1024px\" \/><\/a><\/figure>\n\n\n\n<hr class=\"wp-block-separator has-alpha-channel-opacity\"\/>\n\n\n\n<p><em>\u00b9 FNASS : Fonds National Action Sanitaire Sociale<\/em><br><em>\u00b2 FNPEIS : Fonds National de Pr\u00e9vention, d&rsquo;\u00c9ducation et d&rsquo;Information Sanitaire<\/em><br><em>\u00b3 FLCA : Fonds de Lutte Contre les Addictions<\/em><\/p>\n","protected":false},"excerpt":{"rendered":"<p>L\u2019Assurance Maladie du Doubs annonce le lancement des appels \u00e0 projets 2024 destin\u00e9s \u00e0 encourager &hellip; <\/p>\n","protected":false},"author":1,"featured_media":0,"parent":0,"menu_order":0,"comment_status":"closed","ping_status":"closed","template":"","meta":{"om_disable_all_campaigns":false,"_monsterinsights_skip_tracking":false,"_monsterinsights_sitenote_active":false,"_monsterinsights_sitenote_note":"","_monsterinsights_sitenote_category":0,"footnotes":""},"class_list":["post-2664","page","type-page","status-publish","hentry"],"aioseo_notices":[],"jetpack_sharing_enabled":true,"_links":{"self":[{"href":"https:\/\/extranet.infocpam.fr\/partenaires\/wp-json\/wp\/v2\/pages\/2664","targetHints":{"allow":["GET"]}}],"collection":[{"href":"https:\/\/extranet.infocpam.fr\/partenaires\/wp-json\/wp\/v2\/pages"}],"about":[{"href":"https:\/\/extranet.infocpam.fr\/partenaires\/wp-json\/wp\/v2\/types\/page"}],"author":[{"embeddable":true,"href":"https:\/\/extranet.infocpam.fr\/partenaires\/wp-json\/wp\/v2\/users\/1"}],"replies":[{"embeddable":true,"href":"https:\/\/extranet.infocpam.fr\/partenaires\/wp-json\/wp\/v2\/comments?post=2664"}],"version-history":[{"count":13,"href":"https:\/\/extranet.infocpam.fr\/partenaires\/wp-json\/wp\/v2\/pages\/2664\/revisions"}],"predecessor-version":[{"id":2720,"href":"https:\/\/extranet.infocpam.fr\/partenaires\/wp-json\/wp\/v2\/pages\/2664\/revisions\/2720"}],"wp:attachment":[{"href":"https:\/\/extranet.infocpam.fr\/partenaires\/wp-json\/wp\/v2\/media?parent=2664"}],"curies":[{"name":"wp","href":"https:\/\/api.w.org\/{rel}","templated":true}]}}