{"id":2073,"date":"2023-05-03T16:10:54","date_gmt":"2023-05-03T14:10:54","guid":{"rendered":"https:\/\/extranet.infocpam.fr\/partenaires\/?page_id=2073"},"modified":"2023-09-14T13:22:35","modified_gmt":"2023-09-14T11:22:35","slug":"forum-santejeunes-2023","status":"publish","type":"page","link":"https:\/\/extranet.infocpam.fr\/partenaires\/forum-santejeunes-2023\/","title":{"rendered":"Forum #Sant\u00e9Jeunes 2023"},"content":{"rendered":"\n<div class=\"wp-block-columns is-layout-flex wp-container-core-columns-is-layout-9d6595d7 wp-block-columns-is-layout-flex\">\n<div class=\"wp-block-column is-layout-flow wp-block-column-is-layout-flow\">\n<figure class=\"wp-block-image size-full is-resized\"><img loading=\"lazy\" decoding=\"async\" src=\"https:\/\/extranet.infocpam.fr\/partenaires\/wp-content\/uploads\/2023\/05\/2023-santejeunes-pied-de-mail.jpg\" alt=\"\" class=\"wp-image-2074\" style=\"width:485px;height:169px\" width=\"485\" height=\"169\" srcset=\"https:\/\/extranet.infocpam.fr\/partenaires\/wp-content\/uploads\/2023\/05\/2023-santejeunes-pied-de-mail.jpg 585w, https:\/\/extranet.infocpam.fr\/partenaires\/wp-content\/uploads\/2023\/05\/2023-santejeunes-pied-de-mail-300x105.jpg 300w, https:\/\/extranet.infocpam.fr\/partenaires\/wp-content\/uploads\/2023\/05\/2023-santejeunes-pied-de-mail-500x175.jpg 500w\" sizes=\"auto, (max-width: 485px) 100vw, 485px\" \/><\/figure>\n\n\n\n<iframe src=\"https:\/\/www.google.com\/maps\/embed?pb=!1m18!1m12!1m3!1d30500.20549045091!2d6.802533265208619!3d47.49258240429049!2m3!1f0!2f0!3f0!3m2!1i1024!2i768!4f13.1!3m3!1m2!1s0x47921107793ae595%3A0xf31a9ed6384f9b30!2sLa%20Filature%20d'Audincourt!5e0!3m2!1sfr!2sfr!4v1682670815210!5m2!1sfr!2sfr\" style=\"border:0;\" allowfullscreen=\"\" loading=\"lazy\" referrerpolicy=\"no-referrer-when-downgrade\" width=\"600\" height=\"450\"><\/iframe>\n<\/div>\n\n\n\n<div class=\"wp-block-column is-layout-flow wp-block-column-is-layout-flow\">\n<h2 class=\"wp-block-heading\">28 septembre 2023 \u00e0 Audincourt<\/h2>\n\n\n\n<p>La Cpam du Doubs invite tous les jeunes de 16 \u00e0 25 ans \u00e0 venir rencontrer les partenaires pr\u00e9vention sant\u00e9 du territoire pour une journ\u00e9e pour bien prendre soin de sa sant\u00e9.<\/p>\n\n\n\n<p>Vous souhaitez tenir un stand ?<br><a href=\"https:\/\/extranet.infocpam.fr\/partenaires\/wp-content\/uploads\/2023\/05\/fiche-expression-de-besoins.xlsx\" target=\"_blank\" rel=\"noopener\" title=\"fiche expression de besoins\">Remplissez la fiche expression de besoins<\/a> et contactez-nous !<\/p>\n\n\n\n<p>Vous souhaitez venir avec votre classe ou votre groupe de jeunes ?<br><a href=\"https:\/\/www.infocpam.fr\/infops2\/?page_id=4145\">Inscrivez-vous en ligne !<\/a> <\/p>\n\n\n\n<div class=\"wp-block-columns is-layout-flex wp-container-core-columns-is-layout-9d6595d7 wp-block-columns-is-layout-flex\">\n<div class=\"wp-block-column is-layout-flow wp-block-column-is-layout-flow\">\n<p>Consultez le <a href=\"https:\/\/www.infocpam.fr\/infops2\/?page_id=4161\" target=\"_blank\" rel=\"noopener\" title=\"programme et les stands pr\u00e9sents\">programme et les stands pr\u00e9sents<\/a>.<\/p>\n<\/div>\n<\/div>\n<\/div>\n<\/div>\n\n\n\n<p>Seul ou en groupe, d\u00e9couvrez des animations ludiques pour mieux conna\u00eetre l\u2019Assurance Maladie et ses diff\u00e9rents partenaires, prenez soin de vous et des autres, prenez soin de votre sant\u00e9 mentale et sexuelle, pr\u00e9venez les addictions, soyez sensibilis\u00e9 aux d\u00e9marches d\u2019acc\u00e8s aux droits et aux soins&#8230;<\/p>\n\n\n\n<p>De nombreux stands seront pr\u00e9sents, une tombola et des collations seront offertes. <\/p>\n\n\n\n<p><\/p>\n\n\n\n<p>Ecoutez le spot radio diffus\u00e9 sur Europe 2<\/p>\n\n\n\n<figure class=\"wp-block-audio\"><audio controls src=\"https:\/\/extranet.infocpam.fr\/partenaires\/wp-content\/uploads\/2023\/09\/CPAM-Europe2-SEPT-2023.mp3\"><\/audio><\/figure>\n","protected":false},"excerpt":{"rendered":"<p>28 septembre 2023 \u00e0 Audincourt La Cpam du Doubs invite tous les jeunes de 16 &hellip; <\/p>\n","protected":false},"author":1,"featured_media":0,"parent":0,"menu_order":0,"comment_status":"closed","ping_status":"closed","template":"","meta":{"om_disable_all_campaigns":false,"_monsterinsights_skip_tracking":false,"_monsterinsights_sitenote_active":false,"_monsterinsights_sitenote_note":"","_monsterinsights_sitenote_category":0,"footnotes":""},"class_list":["post-2073","page","type-page","status-publish","hentry"],"aioseo_notices":[],"jetpack_sharing_enabled":true,"_links":{"self":[{"href":"https:\/\/extranet.infocpam.fr\/partenaires\/wp-json\/wp\/v2\/pages\/2073","targetHints":{"allow":["GET"]}}],"collection":[{"href":"https:\/\/extranet.infocpam.fr\/partenaires\/wp-json\/wp\/v2\/pages"}],"about":[{"href":"https:\/\/extranet.infocpam.fr\/partenaires\/wp-json\/wp\/v2\/types\/page"}],"author":[{"embeddable":true,"href":"https:\/\/extranet.infocpam.fr\/partenaires\/wp-json\/wp\/v2\/users\/1"}],"replies":[{"embeddable":true,"href":"https:\/\/extranet.infocpam.fr\/partenaires\/wp-json\/wp\/v2\/comments?post=2073"}],"version-history":[{"count":12,"href":"https:\/\/extranet.infocpam.fr\/partenaires\/wp-json\/wp\/v2\/pages\/2073\/revisions"}],"predecessor-version":[{"id":2900,"href":"https:\/\/extranet.infocpam.fr\/partenaires\/wp-json\/wp\/v2\/pages\/2073\/revisions\/2900"}],"wp:attachment":[{"href":"https:\/\/extranet.infocpam.fr\/partenaires\/wp-json\/wp\/v2\/media?parent=2073"}],"curies":[{"name":"wp","href":"https:\/\/api.w.org\/{rel}","templated":true}]}}