{"id":2003,"date":"2023-03-21T15:02:16","date_gmt":"2023-03-21T14:02:16","guid":{"rendered":"https:\/\/extranet.infocpam.fr\/partenaires\/?page_id=2003"},"modified":"2023-04-04T15:46:55","modified_gmt":"2023-04-04T13:46:55","slug":"appel-a-projets-2023","status":"publish","type":"page","link":"https:\/\/extranet.infocpam.fr\/partenaires\/prevention\/appels-a-projets\/appel-a-projets-2023\/","title":{"rendered":"Appel \u00e0 projets 2023"},"content":{"rendered":"\n<p>Fonds National d&rsquo;Actions Sanitaires et Sociales<\/p>\n\n\n\n<h2 class=\"wp-block-heading\">CONTEXTE<\/h2>\n\n\n\n<p>La Caisse primaire d\u2019Assurance Maladie du Doubs est un acteur majeur de l\u2019\u00e9conomie locale, elle contribue \u00e0 la prise en charge des soins et couvre l\u2019essentiel de la d\u00e9pense de sant\u00e9 de la population du d\u00e9partement.<br>Consciente des difficult\u00e9s rencontr\u00e9es par certains de ses assur\u00e9s et en compl\u00e9ment de ses prestations l\u00e9gales, elle a construit et d\u00e9ploy\u00e9 plusieurs types de services visant \u00e0 renforcer l\u2019accompagnement des plus fragiles afin de leur permettre de recourir davantage \u00e0 leurs droits et de se faire soigner.<br><\/p>\n\n\n\n<div class=\"wp-block-columns is-layout-flex wp-container-core-columns-is-layout-9d6595d7 wp-block-columns-is-layout-flex\">\n<div class=\"wp-block-column is-layout-flow wp-block-column-is-layout-flow\">\n<figure class=\"wp-block-image size-large is-resized\"><img loading=\"lazy\" decoding=\"async\" src=\"https:\/\/extranet.infocpam.fr\/partenaires\/wp-content\/uploads\/2022\/03\/logo-appelsaprojets-1024x698.png\" alt=\"\" class=\"wp-image-1233\" width=\"403\" height=\"274\"\/><\/figure>\n<\/div>\n\n\n\n<div class=\"wp-block-column is-layout-flow wp-block-column-is-layout-flow\">\n<p>Dans ce cadre la CPAM du Doubs a d\u00e9velopp\u00e9 et renforcer depuis la crise sanitaire une politique partenariales ambitieuse avec les structures sanitaires et sociales du d\u00e9partement, des d\u00e9marches innovantes dites \u00ab d\u2019aller vers \u00bb pour atteindre les personnes les plus \u00e9loign\u00e9e de nos institutions et fait \u00e9voluer sa politique d\u2019attribution de subvention aux associations par le lancement d\u2019une campagne d\u2019appels \u00e0 projet dans le cadre du Fonds National d\u2019Actions Sanitaires et Sociales (FNASS).<br>\ufeff<\/p>\n<\/div>\n<\/div>\n\n\n\n<p>En 2023, La Commission d\u2019Action Sanitaire et Sociale (CASS) de la CPAM du Doubs souhaite maintenir sa mobilisation sur les p\u00e9rim\u00e8tres de la maladie, du handicap, de l\u2019acc\u00e8s aux soins, de la pr\u00e9vention de la d\u00e9sinsertion professionnelle et de l\u2019inclusion num\u00e9rique. Dans ce cadre elle souhaite relancer une nouvelle campagne d\u2019appel \u00e0 projets visant \u00e0 financer de nouveaux projets innovants et offrir la possibilit\u00e9 aux projets pertinents retenus les ann\u00e9es pr\u00e9c\u00e9dentes de poursuivre leurs actions. Ainsi il est propos\u00e9 aux structures retenues en 2021 et 2022 de reconduire si elles le souhaitent leur projet en 2023 sous r\u00e9serve de l\u2019\u00e9tude de leur bilan.<\/p>\n\n\n\n<ul class=\"wp-block-list\">\n<li>Th\u00e8me 1 : L&rsquo;acc\u00e8s aux droits et aux soins pour les publics fragiles<\/li>\n\n\n\n<li>Th\u00e8me 2 : L&rsquo;accompagnement et aides aux malades<\/li>\n\n\n\n<li>Th\u00e8me 3 : Les aides aux personnes en situation de handicap<\/li>\n\n\n\n<li>Th\u00e8me 4 : Les aides et accompagnement des jeunes de 16 \u00e0 24 ans<\/li>\n\n\n\n<li>Th\u00e8me 5 : Lutte contre l&rsquo;illectronisme<\/li>\n<\/ul>\n\n\n\n<div class=\"wp-block-group alignfull has-text-color has-background\" style=\"color:#000000;background-color:#ffffff\"><div class=\"wp-block-group__inner-container is-layout-flow wp-block-group-is-layout-flow\">\n<h2 class=\"wp-block-heading has-text-align-center\" id=\"schedule-a-visit\" style=\"font-size:59px;line-height:1.15\"><strong>Appel \u00e0 projet 2023<\/strong> :<\/h2>\n\n\n\n<div class=\"wp-block-buttons is-horizontal is-content-justification-center is-layout-flex wp-container-core-buttons-is-layout-499968f5 wp-block-buttons-is-layout-flex\">\n<div class=\"wp-block-button has-custom-width wp-block-button__width-50 is-style-fill\"><a class=\"wp-block-button__link has-vivid-cyan-blue-background-color has-text-color has-background wp-element-button\" href=\"https:\/\/extranet.infocpam.fr\/partenaires\/wp-content\/uploads\/2023\/03\/AAP-FNASS-2023V1.pdf\" style=\"border-radius:50px;color:#ffffff\" target=\"_blank\" rel=\"noreferrer noopener\">T\u00e9l\u00e9chargez la pr\u00e9sentation<\/a><\/div>\n<\/div>\n<\/div><\/div>\n\n\n\n<div class=\"wp-block-buttons is-content-justification-center is-layout-flex wp-container-core-buttons-is-layout-16018d1d wp-block-buttons-is-layout-flex\">\n<div class=\"wp-block-button has-custom-width wp-block-button__width-75 has-custom-font-size has-medium-font-size\"><a class=\"wp-block-button__link has-vivid-cyan-blue-background-color has-background wp-element-button\" href=\"https:\/\/extranet.infocpam.fr\/partenaires\/wp-content\/uploads\/2023\/04\/Appel-projets-associations_candidature-2023.docx\" style=\"border-radius:29px\" target=\"_blank\" rel=\"noreferrer noopener\">T\u00e9l\u00e9chargez le formulaire de demande de subvention (.doc, 223 ko)<\/a><\/div>\n<\/div>\n\n\n\n<p class=\"has-text-align-center\">\u00e0 retourner \u00e0 <a rel=\"noreferrer noopener\" href=\"mailto:subvention.cpam-doubs@assurance-maladie.fr\" target=\"_blank\">subvention.cpam-doubs@assurance-maladie.fr<\/a> avant le 15 juin 2023<\/p>\n","protected":false},"excerpt":{"rendered":"<p>Fonds National d&rsquo;Actions Sanitaires et Sociales CONTEXTE La Caisse primaire d\u2019Assurance Maladie du Doubs est &hellip; <\/p>\n","protected":false},"author":1,"featured_media":0,"parent":627,"menu_order":0,"comment_status":"closed","ping_status":"closed","template":"","meta":{"om_disable_all_campaigns":false,"_monsterinsights_skip_tracking":false,"_monsterinsights_sitenote_active":false,"_monsterinsights_sitenote_note":"","_monsterinsights_sitenote_category":0,"footnotes":""},"class_list":["post-2003","page","type-page","status-publish","hentry"],"aioseo_notices":[],"jetpack_sharing_enabled":true,"_links":{"self":[{"href":"https:\/\/extranet.infocpam.fr\/partenaires\/wp-json\/wp\/v2\/pages\/2003","targetHints":{"allow":["GET"]}}],"collection":[{"href":"https:\/\/extranet.infocpam.fr\/partenaires\/wp-json\/wp\/v2\/pages"}],"about":[{"href":"https:\/\/extranet.infocpam.fr\/partenaires\/wp-json\/wp\/v2\/types\/page"}],"author":[{"embeddable":true,"href":"https:\/\/extranet.infocpam.fr\/partenaires\/wp-json\/wp\/v2\/users\/1"}],"replies":[{"embeddable":true,"href":"https:\/\/extranet.infocpam.fr\/partenaires\/wp-json\/wp\/v2\/comments?post=2003"}],"version-history":[{"count":8,"href":"https:\/\/extranet.infocpam.fr\/partenaires\/wp-json\/wp\/v2\/pages\/2003\/revisions"}],"predecessor-version":[{"id":2042,"href":"https:\/\/extranet.infocpam.fr\/partenaires\/wp-json\/wp\/v2\/pages\/2003\/revisions\/2042"}],"up":[{"embeddable":true,"href":"https:\/\/extranet.infocpam.fr\/partenaires\/wp-json\/wp\/v2\/pages\/627"}],"wp:attachment":[{"href":"https:\/\/extranet.infocpam.fr\/partenaires\/wp-json\/wp\/v2\/media?parent=2003"}],"curies":[{"name":"wp","href":"https:\/\/api.w.org\/{rel}","templated":true}]}}