{"id":1307,"date":"2023-01-27T10:33:00","date_gmt":"2023-01-27T09:33:00","guid":{"rendered":"https:\/\/extranet.infocpam.fr\/cpam25\/?page_id=1307"},"modified":"2026-03-31T15:02:40","modified_gmt":"2026-03-31T13:02:40","slug":"atelier-maternite-caf-cpam","status":"publish","type":"page","link":"https:\/\/extranet.infocpam.fr\/cpam25\/atelier-maternite-caf-cpam\/","title":{"rendered":"Atelier maternit\u00e9 CAF\/CPAM"},"content":{"rendered":"\n<p><\/p>\n\n\n\n<p>La Caf et la CPAM du Doubs propose le <strong><strong>mardi 5 mai 2026<\/strong> de 14h \u00e0 15h30 <\/strong>\u00e0 Besan\u00e7on, en salle Citadelle, un atelier num\u00e9rique pour les femmes enceintes de 6 mois et plus. <br>Comment r\u00e9aliser les d\u00e9marches CAF\/CPAM simplement avant et apr\u00e8s l\u2019arriv\u00e9e du b\u00e9b\u00e9 ?<\/p>\n\n\n\n<div class=\"wp-block-columns is-layout-flex wp-container-core-columns-is-layout-9d6595d7 wp-block-columns-is-layout-flex\">\n<div class=\"wp-block-column is-layout-flow wp-block-column-is-layout-flow\">\n<figure class=\"wp-block-image size-large is-resized\"><img loading=\"lazy\" decoding=\"async\" width=\"1024\" height=\"366\" src=\"https:\/\/extranet.infocpam.fr\/cpam25\/wp-content\/uploads\/2021\/02\/logo-cpam25-1-1024x366.png\" alt=\"\" class=\"wp-image-14\" style=\"width:356px;height:auto\" srcset=\"https:\/\/extranet.infocpam.fr\/cpam25\/wp-content\/uploads\/2021\/02\/logo-cpam25-1-1024x366.png 1024w, https:\/\/extranet.infocpam.fr\/cpam25\/wp-content\/uploads\/2021\/02\/logo-cpam25-1-655x234.png 655w, https:\/\/extranet.infocpam.fr\/cpam25\/wp-content\/uploads\/2021\/02\/logo-cpam25-1-300x107.png 300w, https:\/\/extranet.infocpam.fr\/cpam25\/wp-content\/uploads\/2021\/02\/logo-cpam25-1-768x275.png 768w, https:\/\/extranet.infocpam.fr\/cpam25\/wp-content\/uploads\/2021\/02\/logo-cpam25-1-1536x549.png 1536w, https:\/\/extranet.infocpam.fr\/cpam25\/wp-content\/uploads\/2021\/02\/logo-cpam25-1.png 1848w\" sizes=\"auto, (max-width: 1024px) 100vw, 1024px\" \/><\/figure>\n<\/div>\n\n\n\n<div class=\"wp-block-column is-layout-flow wp-block-column-is-layout-flow\">\n<figure class=\"wp-block-image size-full is-resized\"><img loading=\"lazy\" decoding=\"async\" width=\"429\" height=\"627\" src=\"https:\/\/extranet.infocpam.fr\/cpam25\/wp-content\/uploads\/2023\/11\/caf-Doubs.png\" alt=\"\" class=\"wp-image-1408\" style=\"width:104px;height:auto\" srcset=\"https:\/\/extranet.infocpam.fr\/cpam25\/wp-content\/uploads\/2023\/11\/caf-Doubs.png 429w, https:\/\/extranet.infocpam.fr\/cpam25\/wp-content\/uploads\/2023\/11\/caf-Doubs-205x300.png 205w\" sizes=\"auto, (max-width: 429px) 100vw, 429px\" \/><\/figure>\n<\/div>\n<\/div>\n\n\n<div class=\"forminator-ui forminator-custom-form forminator-custom-form-1405 forminator-design--default  forminator_ajax\" data-forminator-render=\"0\" data-form=\"forminator-module-1405\" data-uid=\"69d687c2bf24d\"><br\/><\/div><form\n\t\t\t\tid=\"forminator-module-1405\"\n\t\t\t\tclass=\"forminator-ui forminator-custom-form forminator-custom-form-1405 forminator-design--default  forminator_ajax\"\n\t\t\t\tmethod=\"post\"\n\t\t\t\tdata-forminator-render=\"0\"\n\t\t\t\tdata-form-id=\"1405\"\n\t\t\t\t data-color-option=\"default\" data-design=\"default\" data-grid=\"open\" style=\"display: none;\"\n\t\t\t\tdata-uid=\"69d687c2bf24d\"\n\t\t\t><div role=\"alert\" aria-live=\"polite\" class=\"forminator-response-message forminator-error\" aria-hidden=\"true\"><\/div><div class=\"forminator-row\"><div id=\"text-1\" class=\"forminator-field-text forminator-col forminator-col-6 \"><div class=\"forminator-field\"><label for=\"forminator-field-text-1_69d687c2bf24d\" id=\"forminator-field-text-1_69d687c2bf24d-label\" class=\"forminator-label\">Pr\u00e9nom <span class=\"forminator-required\">*<\/span><\/label><input type=\"text\" name=\"text-1\" value=\"\" placeholder=\"Par exemple\u00a0: texte indicatif\" id=\"forminator-field-text-1_69d687c2bf24d\" class=\"forminator-input forminator-name--field\" data-required=\"1\" \/><\/div><\/div><div id=\"name-1\" class=\"forminator-field-name forminator-col forminator-col-6 \"><div class=\"forminator-field\"><label for=\"forminator-field-name-1_69d687c2bf24d\" id=\"forminator-field-name-1_69d687c2bf24d-label\" class=\"forminator-label\">Nom <span class=\"forminator-required\">*<\/span><\/label><input type=\"text\" name=\"name-1\" value=\"\" placeholder=\"Par exemple\u00a0: Jacques Martin\" id=\"forminator-field-name-1_69d687c2bf24d\" class=\"forminator-input forminator-name--field\" aria-required=\"true\" autocomplete=\"name\" \/><\/div><\/div><\/div><div class=\"forminator-row\"><div id=\"email-1\" class=\"forminator-field-email forminator-col forminator-col-12 \"><div class=\"forminator-field\"><label for=\"forminator-field-email-1_69d687c2bf24d\" id=\"forminator-field-email-1_69d687c2bf24d-label\" class=\"forminator-label\">E-mail<\/label><input type=\"email\" name=\"email-1\" value=\"\" placeholder=\"Par exemple\u00a0: jacques@martin.com\" id=\"forminator-field-email-1_69d687c2bf24d\" class=\"forminator-input forminator-email--field\" data-required=\"\" aria-required=\"false\" autocomplete=\"email\" \/><\/div><\/div><\/div><div class=\"forminator-row\"><div id=\"consent-1\" class=\"forminator-field-consent forminator-col forminator-col-12 \"><div class=\"forminator-field\"><label for=\"forminator-field-consent-1_69d687c2bf24d\" id=\"forminator-field-consent-1_69d687c2bf24d-label\" class=\"forminator-label\">Inscription <span class=\"forminator-required\">*<\/span><\/label><div class=\"forminator-checkbox__wrapper\"><label id=\"forminator-field-consent-1_69d687c2bf24d__label\" class=\"forminator-checkbox forminator-consent\"><input type=\"checkbox\" name=\"consent-1\" id=\"forminator-field-consent-1_69d687c2bf24d\" value=\"checked\" aria-labelledby=\"forminator-field-consent-1_69d687c2bf24d-label\" aria-describedby=\"forminator-field-consent-1_69d687c2bf24d__description\" data-required=\"true\" aria-required=\"true\" \/><span class=\"forminator-checkbox-box\" aria-hidden=\"true\"><\/span><\/label><div id=\"forminator-field-consent-1_69d687c2bf24d__description\" class=\"forminator-checkbox__label forminator-consent__label\"><p>Oui, je m'engage \u00e0 participer \u00e0 l'atelier maternit\u00e9.<\/p>\n<p>J'autorise \u00e9galement la CAF et la CPAM du Doubs \u00e0 utiliser ces coordonn\u00e9es pour me recontacter dans ce cadre.<\/p><\/div><\/div><\/div><\/div><\/div><input type=\"hidden\" name=\"referer_url\" value=\"\" \/><div class=\"forminator-row forminator-row-last\"><div class=\"forminator-col\"><div class=\"forminator-field\"><button class=\"forminator-button forminator-button-submit\">Inscrivez-vous !<\/button><\/div><\/div><\/div><input type=\"hidden\" id=\"forminator_nonce\" name=\"forminator_nonce\" value=\"9cf683b0df\" \/><input type=\"hidden\" name=\"_wp_http_referer\" value=\"\/cpam25\/wp-json\/wp\/v2\/pages\/1307\" \/><input type=\"hidden\" name=\"form_id\" value=\"1405\"><input type=\"hidden\" name=\"page_id\" value=\"1307\"><input type=\"hidden\" name=\"form_type\" value=\"default\"><input type=\"hidden\" name=\"current_url\" value=\"https:\/\/extranet.infocpam.fr\/cpam25\/atelier-maternite-caf-cpam\/\"><input type=\"hidden\" name=\"render_id\" value=\"0\"><input type=\"hidden\" name=\"action\" value=\"forminator_submit_form_custom-forms\"><\/form>\n\n\n\n<div class=\"wp-block-columns is-layout-flex wp-container-core-columns-is-layout-9d6595d7 wp-block-columns-is-layout-flex\">\n<div class=\"wp-block-column is-layout-flow wp-block-column-is-layout-flow\">\n<iframe src=\"https:\/\/www.google.com\/maps\/embed?pb=!1m18!1m12!1m3!1d4826.2718906509845!2d5.990712386964007!3d47.24292436740834!2m3!1f0!2f0!3f0!3m2!1i1024!2i768!4f13.1!3m3!1m2!1s0x478d63bd7eb60635%3A0x13b3e227fc8e4b8f!2sCPAM%20Du%20Doubs!5e0!3m2!1sfr!2sfr!4v1675181080454!5m2!1sfr!2sfr\" style=\"border:0;\" allowfullscreen=\"\" loading=\"lazy\" referrerpolicy=\"no-referrer-when-downgrade\" width=\"300\" height=\"200\"><\/iframe>\n<\/div>\n\n\n\n<div class=\"wp-block-column is-layout-flow wp-block-column-is-layout-flow\">\n<p>Plan d&rsquo;acc\u00e8s \u00e0 la CAF et CPAM \u00e0 Besan\u00e7on : <\/p>\n\n\n\n<figure class=\"wp-block-gallery has-nested-images columns-default is-cropped wp-block-gallery-1 is-layout-flex wp-block-gallery-is-layout-flex\">\n<figure class=\"wp-block-image size-full\"><img loading=\"lazy\" decoding=\"async\" width=\"603\" height=\"525\" data-id=\"1521\" src=\"https:\/\/extranet.infocpam.fr\/cpam25\/wp-content\/uploads\/2024\/03\/atelier-mat-V2.png\" alt=\"\" class=\"wp-image-1521\" srcset=\"https:\/\/extranet.infocpam.fr\/cpam25\/wp-content\/uploads\/2024\/03\/atelier-mat-V2.png 603w, https:\/\/extranet.infocpam.fr\/cpam25\/wp-content\/uploads\/2024\/03\/atelier-mat-V2-300x261.png 300w\" sizes=\"auto, (max-width: 603px) 100vw, 603px\" \/><\/figure>\n<\/figure>\n<\/div>\n<\/div>\n","protected":false},"excerpt":{"rendered":"<p>La Caf et la CPAM du Doubs propose le mardi 5 mai 2026 de 14h \u00e0 15h30 \u00e0 Besan\u00e7on, en salle Citadelle, un atelier num\u00e9rique &hellip; <\/p>\n","protected":false},"author":1,"featured_media":0,"parent":0,"menu_order":0,"comment_status":"closed","ping_status":"closed","template":"","meta":{"_price":"","_stock":"","_tribe_ticket_header":"","_tribe_default_ticket_provider":"","_tribe_ticket_capacity":"0","_ticket_start_date":"","_ticket_end_date":"","_tribe_ticket_show_description":"","_tribe_ticket_show_not_going":false,"_tribe_ticket_use_global_stock":"","_tribe_ticket_global_stock_level":"","_global_stock_mode":"","_global_stock_cap":"","_tribe_rsvp_for_event":"","_tribe_ticket_going_count":"","_tribe_ticket_not_going_count":"","_tribe_tickets_list":"[]","_tribe_ticket_has_attendee_info_fields":false,"footnotes":"","_tec_slr_enabled":"","_tec_slr_layout":""},"class_list":["post-1307","page","type-page","status-publish","hentry"],"ticketed":false,"_links":{"self":[{"href":"https:\/\/extranet.infocpam.fr\/cpam25\/wp-json\/wp\/v2\/pages\/1307","targetHints":{"allow":["GET"]}}],"collection":[{"href":"https:\/\/extranet.infocpam.fr\/cpam25\/wp-json\/wp\/v2\/pages"}],"about":[{"href":"https:\/\/extranet.infocpam.fr\/cpam25\/wp-json\/wp\/v2\/types\/page"}],"author":[{"embeddable":true,"href":"https:\/\/extranet.infocpam.fr\/cpam25\/wp-json\/wp\/v2\/users\/1"}],"replies":[{"embeddable":true,"href":"https:\/\/extranet.infocpam.fr\/cpam25\/wp-json\/wp\/v2\/comments?post=1307"}],"version-history":[{"count":39,"href":"https:\/\/extranet.infocpam.fr\/cpam25\/wp-json\/wp\/v2\/pages\/1307\/revisions"}],"predecessor-version":[{"id":1802,"href":"https:\/\/extranet.infocpam.fr\/cpam25\/wp-json\/wp\/v2\/pages\/1307\/revisions\/1802"}],"wp:attachment":[{"href":"https:\/\/extranet.infocpam.fr\/cpam25\/wp-json\/wp\/v2\/media?parent=1307"}],"curies":[{"name":"wp","href":"https:\/\/api.w.org\/{rel}","templated":true}]}}